{"id":331,"date":"2018-04-03T11:21:26","date_gmt":"2018-04-03T09:21:26","guid":{"rendered":"http:\/\/wp.pixerecourt.fr\/legumineuse\/?page_id=331"},"modified":"2018-07-02T16:57:22","modified_gmt":"2018-07-02T14:57:22","slug":"conseil-de-preparation","status":"publish","type":"page","link":"https:\/\/wp.pixerecourt.fr\/legumineuse\/recettes\/conseil-de-preparation\/","title":{"rendered":"Conseil de pr\u00e9paration"},"content":{"rendered":"<p><em><strong>Table d&rsquo;\u00e9volution du volume en fonction des temps de trempage et de cuisson:&nbsp;<\/strong><\/em><\/p>\n<ul>\n<li>L\u00e9gumineuses&nbsp; ne n\u00e9cessitant pas de trempage<\/li>\n<\/ul>\nngg_shortcode_0_placeholder\n<table width=\"1256\">\n<tbody>\n<tr>\n<td width=\"349\"><b>L\u00e9gumineuses<\/b><\/td>\n<td width=\"341\"><b>Quantit\u00e9 avant cuisson <\/b><\/td>\n<td width=\"234\"><b>temps de cuisson<\/b><\/td>\n<td width=\"332\"><b>quantit\u00e9 apr\u00e8s cuisson <\/b><\/td>\n<\/tr>\n<tr>\n<td width=\"349\">Lentilles verte du puy<\/p>\n<p>-Petite<\/p>\n<p>-r\u00e9guli\u00e8re<\/td>\n<td width=\"341\">250 ml<\/td>\n<td width=\"234\">20 \u00e0 25 min<\/p>\n<p>40 \u00e0 45 min<\/td>\n<td width=\"332\">550 \u00e0 650 ml<\/p>\n<p>600 \u00e0&nbsp; 700 ml<\/td>\n<\/tr>\n<tr>\n<td width=\"349\">Lentilles brunes<\/p>\n<p>-Rouge<\/p>\n<p>-Fran\u00e7aise<\/td>\n<td width=\"341\">250 ml<\/td>\n<td width=\"234\">20 \u00e0 25 min<\/p>\n<p>15 \u00e0 25 min<\/p>\n<p>20 \u00e0 25 min<\/td>\n<td width=\"332\">550 \u00e0 650 ml<\/p>\n<p>500ml<\/p>\n<p>550 \u00e0 600ml<\/td>\n<\/tr>\n<tr>\n<td width=\"349\">Pois cass\u00e9s<\/td>\n<td width=\"341\">250 ml<\/td>\n<td width=\"234\">1 heures<\/td>\n<td width=\"332\">500 \u00e0 600 ml<\/td>\n<\/tr>\n<tr>\n<td width=\"349\">Haricots Adzukis<\/td>\n<td width=\"341\">250 ml<\/td>\n<td width=\"234\">1 heures 1\/2<\/td>\n<td width=\"332\">500 \u00e0 600 ml<\/td>\n<\/tr>\n<tr>\n<td width=\"349\">Flageolet<\/td>\n<td width=\"341\">250 ml<\/td>\n<td width=\"234\">1 heures 1\/2<\/td>\n<td width=\"332\">625 ml<\/td>\n<\/tr>\n<tr>\n<td width=\"349\">Gourgane ( f\u00e8ves des marrais)<\/td>\n<td width=\"341\">250 ml<\/td>\n<td width=\"234\">2 heures<\/td>\n<td width=\"332\">300 ml<\/td>\n<\/tr>\n<tr>\n<td width=\"349\">Haricot mungo<\/td>\n<td width=\"341\">250 ml<\/td>\n<td width=\"234\">45 \u00e0 60 min<\/td>\n<td width=\"332\">500 ml<\/td>\n<\/tr>\n<tr>\n<td width=\"349\">Haricot de soya concass\u00e9<\/td>\n<td width=\"341\">250 ml<\/td>\n<td width=\"234\">15 min<\/td>\n<td width=\"332\">500 ml<\/td>\n<\/tr>\n<\/tbody>\n<\/table>\n<p>&#8211; L\u00e9gumineuses n\u00e9cessitant un trempage de 8 a 12 h avant cuisson<\/p>\nngg_shortcode_1_placeholder\n<table width=\"1256\">\n<tbody>\n<tr>\n<td width=\"338\"><b>L\u00e9gumineuses<\/b><\/td>\n<td width=\"352\"><b>Quantit\u00e9 avant cuisson <\/b><\/td>\n<td width=\"234\"><b>temps de cuisson<\/b><\/td>\n<td width=\"332\"><b>quantit\u00e9 apr\u00e8s cuisson <\/b><\/td>\n<\/tr>\n<tr>\n<td width=\"338\">Pois chiches<\/td>\n<td width=\"352\">250 ml<\/td>\n<td width=\"234\">2 \u00e0 2 \u00bd heure<\/td>\n<td width=\"332\">600 \u00e0 700 ml<\/td>\n<\/tr>\n<tr>\n<td width=\"338\">Pois secs jaunes<\/td>\n<td width=\"352\">250 ml<\/td>\n<td width=\"234\">3 heures<\/td>\n<td width=\"332\">600 \u00e0 700 ml<\/td>\n<\/tr>\n<tr>\n<td width=\"338\">Pois secs vert<\/td>\n<td width=\"352\">250 ml<\/td>\n<td width=\"234\">3 heures<\/td>\n<td width=\"332\">600 a 700 ml<\/td>\n<\/tr>\n<tr>\n<td width=\"338\">Haricot blanc:<\/p>\n<p>-Petit<\/p>\n<p>-Moyen<\/p>\n<p>-Rognon<\/td>\n<td width=\"352\">250 ml<\/td>\n<td width=\"234\">1 \u00e0 2 heures<\/p>\n<p>1 \u00bd&nbsp; \u00e0&nbsp; 2 heures<\/p>\n<p>2 heures<\/td>\n<td width=\"332\">500 \u00e0 600 ml<\/p>\n<p>625 ml<\/p>\n<p>500 \u00e0 625 ml<\/td>\n<\/tr>\n<tr>\n<td width=\"338\">Dolique a \u0153il noire<\/td>\n<td width=\"352\">250 ml<\/td>\n<td width=\"234\">40 min<\/td>\n<td width=\"332\">500ml<\/td>\n<\/tr>\n<tr>\n<td width=\"338\">Haricot de lima<\/p>\n<p>-Petits<\/p>\n<p>-G\u00e9ant<\/td>\n<td width=\"352\">250 ml<\/td>\n<td width=\"234\">1 \u00e0 1 heure \u00bc<\/p>\n<p>1 \u00e0&nbsp; 1 \u00bd heure<\/td>\n<td width=\"332\">500 \u00e0 600 ml<\/p>\n<p>500 ml<\/td>\n<\/tr>\n<tr>\n<td width=\"338\">Haricot noire<\/td>\n<td width=\"352\">250 ml<\/td>\n<td width=\"234\">1&nbsp; \u00e0 1 \u00bd heures<\/td>\n<td width=\"332\">500 ml<\/td>\n<\/tr>\n<tr>\n<td width=\"338\">Haricot pintos<\/td>\n<td width=\"352\">250 ml<\/td>\n<td width=\"234\">2 \u00e0 2 \u00bd heures<\/td>\n<td width=\"332\">500 ml<\/td>\n<\/tr>\n<\/tbody>\n<\/table>\n<table width=\"1256\">\n<tbody>\n<tr>\n<td width=\"349\">Haricots Romains<\/td>\n<td width=\"341\">250 ml<\/td>\n<td width=\"234\">30 \u00e0 45 min<\/td>\n<td width=\"332\">500 \u00e0 600 ml<\/td>\n<\/tr>\n<tr>\n<td width=\"349\">Haricots Roses<\/td>\n<td width=\"341\">250 ml<\/td>\n<td width=\"234\">1 \u00e0 \u00bd heures<\/td>\n<td width=\"332\">500 ml<\/td>\n<\/tr>\n<tr>\n<td width=\"349\">Haricots rouge<\/p>\n<p>-Petit chili<\/p>\n<p>-Rognon<\/td>\n<td width=\"341\">250 ml<\/td>\n<td width=\"234\">1 \u00bd \u00e0 2 heure<\/p>\n<p>1 \u00e0 1 \u00bd heures<\/td>\n<td width=\"332\">600 \u00e0 650 ml<\/p>\n<p>500 \u00e0 600 ml<\/td>\n<\/tr>\n<tr>\n<td width=\"349\">Haricot de soya<\/p>\n<p>&#8211; r\u00e9gulier<\/td>\n<td width=\"341\">250 ml<\/td>\n<td width=\"234\">&nbsp;<\/td>\n<td width=\"332\">500 \u00e0 600 ml<\/td>\n<\/tr>\n<tr>\n<td width=\"349\">&#8211; Noirs<\/td>\n<td width=\"341\">250 ml<\/td>\n<td width=\"234\">&nbsp;<\/td>\n<td width=\"332\">600 \u00e0 700 ml<\/td>\n<\/tr>\n<\/tbody>\n<\/table>\n<p>&nbsp;<\/p>\n","protected":false},"excerpt":{"rendered":"<p>Table d&rsquo;\u00e9volution du volume en fonction des temps de trempage et de cuisson:&nbsp; L\u00e9gumineuses&nbsp; ne n\u00e9cessitant pas de trempage \u00a0\u00bb order_by=\u00a0\u00bbsortorder\u00a0\u00bb order_direction=\u00a0\u00bbASC\u00a0\u00bb returns=\u00a0\u00bbincluded\u00a0\u00bb maximum_entity_count=\u00a0\u00bb500&Prime;] L\u00e9gumineuses Quantit\u00e9 avant cuisson temps de cuisson quantit\u00e9 apr\u00e8s cuisson Lentilles verte du puy -Petite -r\u00e9guli\u00e8re 250 ml 20 \u00e0 25 min 40 \u00e0 45 min 550 \u00e0 650 ml 600 [&hellip;]<\/p>\n","protected":false},"author":207,"featured_media":0,"parent":328,"menu_order":1,"comment_status":"closed","ping_status":"closed","template":"","meta":{"ngg_post_thumbnail":0,"footnotes":""},"class_list":["post-331","page","type-page","status-publish","hentry"],"_links":{"self":[{"href":"https:\/\/wp.pixerecourt.fr\/legumineuse\/wp-json\/wp\/v2\/pages\/331","targetHints":{"allow":["GET"]}}],"collection":[{"href":"https:\/\/wp.pixerecourt.fr\/legumineuse\/wp-json\/wp\/v2\/pages"}],"about":[{"href":"https:\/\/wp.pixerecourt.fr\/legumineuse\/wp-json\/wp\/v2\/types\/page"}],"author":[{"embeddable":true,"href":"https:\/\/wp.pixerecourt.fr\/legumineuse\/wp-json\/wp\/v2\/users\/207"}],"replies":[{"embeddable":true,"href":"https:\/\/wp.pixerecourt.fr\/legumineuse\/wp-json\/wp\/v2\/comments?post=331"}],"version-history":[{"count":0,"href":"https:\/\/wp.pixerecourt.fr\/legumineuse\/wp-json\/wp\/v2\/pages\/331\/revisions"}],"up":[{"embeddable":true,"href":"https:\/\/wp.pixerecourt.fr\/legumineuse\/wp-json\/wp\/v2\/pages\/328"}],"wp:attachment":[{"href":"https:\/\/wp.pixerecourt.fr\/legumineuse\/wp-json\/wp\/v2\/media?parent=331"}],"curies":[{"name":"wp","href":"https:\/\/api.w.org\/{rel}","templated":true}]}}