{"id":318,"date":"2018-04-03T11:16:31","date_gmt":"2018-04-03T09:16:31","guid":{"rendered":"http:\/\/wp.pixerecourt.fr\/legumineuse\/?page_id=318"},"modified":"2020-11-17T17:14:28","modified_gmt":"2020-11-17T16:14:28","slug":"interets-technologique","status":"publish","type":"page","link":"https:\/\/wp.pixerecourt.fr\/legumineuse\/les-legumineuses\/interets-technologique\/","title":{"rendered":"Int\u00e9r\u00eats technologiques"},"content":{"rendered":"<p style=\"text-align: justify\"><span style=\"font-size: 14pt\">Gr\u00e2ce \u00e0 leur composition en prot\u00e9ines v\u00e9g\u00e9tales, les l\u00e9gumineuses ont des propri\u00e9t\u00e9s technologiques int\u00e9ressantes pour la cuisine et l\u2019industrie agroalimentaire&nbsp;: les prot\u00e9ines agissent sur la texture, la stabilisation et la conservation des aliments. D\u00e9couvrez toutes les applications possibles gr\u00e2ce aux recettes propos\u00e9s sur ce site&nbsp;!<\/span><\/p>\n","protected":false},"excerpt":{"rendered":"<p>Gr\u00e2ce \u00e0 leur composition en prot\u00e9ines v\u00e9g\u00e9tales, les l\u00e9gumineuses ont des propri\u00e9t\u00e9s technologiques int\u00e9ressantes pour la cuisine et l\u2019industrie agroalimentaire&nbsp;: les prot\u00e9ines agissent sur la texture, la stabilisation et la conservation des aliments. D\u00e9couvrez toutes les applications possibles gr\u00e2ce aux recettes propos\u00e9s sur ce site&nbsp;!<\/p>\n","protected":false},"author":207,"featured_media":0,"parent":306,"menu_order":6,"comment_status":"closed","ping_status":"closed","template":"page_fullwidth.php","meta":{"ngg_post_thumbnail":0,"footnotes":""},"class_list":["post-318","page","type-page","status-publish","hentry"],"_links":{"self":[{"href":"https:\/\/wp.pixerecourt.fr\/legumineuse\/wp-json\/wp\/v2\/pages\/318","targetHints":{"allow":["GET"]}}],"collection":[{"href":"https:\/\/wp.pixerecourt.fr\/legumineuse\/wp-json\/wp\/v2\/pages"}],"about":[{"href":"https:\/\/wp.pixerecourt.fr\/legumineuse\/wp-json\/wp\/v2\/types\/page"}],"author":[{"embeddable":true,"href":"https:\/\/wp.pixerecourt.fr\/legumineuse\/wp-json\/wp\/v2\/users\/207"}],"replies":[{"embeddable":true,"href":"https:\/\/wp.pixerecourt.fr\/legumineuse\/wp-json\/wp\/v2\/comments?post=318"}],"version-history":[{"count":1,"href":"https:\/\/wp.pixerecourt.fr\/legumineuse\/wp-json\/wp\/v2\/pages\/318\/revisions"}],"predecessor-version":[{"id":3500,"href":"https:\/\/wp.pixerecourt.fr\/legumineuse\/wp-json\/wp\/v2\/pages\/318\/revisions\/3500"}],"up":[{"embeddable":true,"href":"https:\/\/wp.pixerecourt.fr\/legumineuse\/wp-json\/wp\/v2\/pages\/306"}],"wp:attachment":[{"href":"https:\/\/wp.pixerecourt.fr\/legumineuse\/wp-json\/wp\/v2\/media?parent=318"}],"curies":[{"name":"wp","href":"https:\/\/api.w.org\/{rel}","templated":true}]}}