{"id":1848,"date":"2018-05-28T14:00:21","date_gmt":"2018-05-28T12:00:21","guid":{"rendered":"http:\/\/wp.pixerecourt.fr\/legumineuse\/?page_id=1848"},"modified":"2018-06-20T14:08:15","modified_gmt":"2018-06-20T12:08:15","slug":"fiche-feverole","status":"publish","type":"page","link":"https:\/\/wp.pixerecourt.fr\/legumineuse\/fiche-feverole\/","title":{"rendered":"F\u00e9verole"},"content":{"rendered":"<div class=\"fl_div_entete\">\n<div class=\"fl_div_entete_gauche\"><img loading=\"lazy\" decoding=\"async\" class=\"aligncenter size-full wp-image-1684\" src=\"http:\/\/wp.pixerecourt.fr\/legumineuse\/wp-content\/uploads\/sites\/57\/2018\/05\/Image18-300x220.png\" alt=\"\" width=\"300\" height=\"220\"><\/div>\n<div class=\"fl_div_entete_milieu\">\n<h1>&nbsp;<\/h1>\n<p>&nbsp;<\/p>\n<h3><i>(Vicia Faba L.)<\/i><\/h3>\n<p>&nbsp;<\/p>\n<\/div>\n<div class=\"fl_div_entete_droite\"><img loading=\"lazy\" decoding=\"async\" class=\"aligncenter size-full wp-image-1683\" src=\"http:\/\/wp.pixerecourt.fr\/legumineuse\/wp-content\/uploads\/sites\/57\/2018\/05\/Image19-265x300.png\" alt=\"\" width=\"265\" height=\"300\"><\/div>\n<\/div>\n<div class=\"fl_h2\"><i>La F\u00e9verole en quelques chiffres <span style=\"font-size: 8pt;\">(1,2)<\/span><\/i><\/div>\n<div class=\"fl_contenu_haut\">\n<div class=\"fl_contenu_gauche\">\n<div class=\"fl_contenu\">\n<div class=\"fl_h3\">Dans le monde<\/div>\n<p>Production : 4 millions de tonnes en 2014 (1)<br \/>\nPays producteurs : Chine, Royaume-Uni, Australie et France (1)<br \/>\nD\u00e9bouch\u00e9s principaux : Alimentation humaine (2)<br \/>\nPays consommateurs : Moyen-Orient et Asie<\/p>\n<\/div>\n<div class=\"fl_contenu\">\n<div class=\"fl_h3\">En France<\/div>\n<p>Production fran\u00e7aise : 265 000 tonnes en 2014 (2)<br \/>\nD\u00e9bouch\u00e9s principaux : alimentation animale et exportation<br \/>\nRendements moyens : 5 tonnes\/ha<\/p>\n<\/div>\n<\/div>\n<div class=\"fl_contenu_droite\">\n<div class=\"fl_contenu\">\n<div class=\"fl_h3\">En Lorraine<\/div>\n<p><img loading=\"lazy\" decoding=\"async\" class=\"aligncenter size-full wp-image-1682\" src=\"http:\/\/wp.pixerecourt.fr\/legumineuse\/wp-content\/uploads\/sites\/57\/2018\/05\/Image17-1-300x241.png\" alt=\"\" width=\"300\" height=\"241\"><\/p>\n<\/div>\n<\/div>\n<\/div>\n<div class=\"fl_h2\"><i>Caract\u00e9ristiques agronomiques<\/i><\/div>\n<div class=\"fl_contenu\">\n<div class=\"fl_contenu_haut\">\n<div class=\"fl_contenu_gauche\">\n<div>\n<div class=\"fl_h3\">Les atouts de la f\u00e9verole<\/div>\n<p>Fixe l\u2019azote de l\u2019air<br \/>\nRendement de production \u00e9lev\u00e9<br \/>\nCulture possible en sol profond<br \/>\nNe n\u00e9cessite pas d\u2019apport d\u2019engrais azot\u00e9<br \/>\nR\u00e9sistante \u00e0 Aphanomyces euteiches (champignon affectant les cultures de pois)<br \/>\nExcellent pr\u00e9c\u00e9dent cultural<\/p>\n<\/div>\n<\/div>\n<div class=\"fl_contenu_droite\">\n<div>\n<div class=\"fl_h3\">Recommandations<\/div>\n<p>Vari\u00e9t\u00e9s : Espreso et Fuego (rendements \u00e9lev\u00e9s)<br \/>\nRotation de cultures : respecter 6-7 ans entre 2 plantations afin d\u2019\u00e9viter le d\u00e9veloppement de maladies (4)<br \/>\nTraitements : Bien effectuer le traitement contre les bruches&nbsp; ( insectes dont les larves vivent \u00e0 l&rsquo;int\u00e9rieur des graines) pour les productions destin\u00e9es \u00e0 l\u2019alimentation humaine<\/p>\n<\/div>\n<\/div>\n<\/div>\n<\/div>\n<div class=\"fl_h2\"><i>Caract\u00e9ristiques nutritionnelles et effets sur la sant\u00e9 (3)<\/i><\/div>\n<div class=\"fl_contenu\">\n<div class=\"fl_contenu_haut\">\n<div class=\"fl_contenu_gauche\">\n<div>Forte teneur en prot\u00e9ines (26-29%)<br \/>\nLes acides amin\u00e9s principaux : acide aspartique, acide glutamique et arginine<br \/>\nTeneur importante en amidon et fibres, ce qui en fait un aliment de choix pour assurer un bon \u00e9quilibre alimentaire.<br \/>\nLa consommation des f\u00e8ves peut entra\u00eener de graves troubles (destruction des globules rouges) chez certaines personnes souffrant du favisme (maladie g\u00e9n\u00e9tique rencontr\u00e9e essentiellement en Afrique et en Asie).<\/div>\n<\/div>\n<div class=\"fl_contenu_droite\">\n<table style=\"width: 336.933px; border-color: #b2698f;\" border=\"1\">\n<tbody>\n<tr>\n<td style=\"width: 207px; text-align: center; background-color: #f2d1c7;\" colspan=\"2\">Pour 100g de f\u00e9veroles s\u00e8ches&nbsp;<\/td>\n<\/tr>\n<tr>\n<td style=\"width: 207px; background-color: #f2d1c7;\">Energie (kcal)<\/td>\n<td style=\"width: 124.933px;\">341<\/td>\n<\/tr>\n<tr>\n<td style=\"width: 207px; background-color: #f2d1c7;\">Prot\u00e9ines (g)<\/td>\n<td style=\"width: 124.933px;\">26<\/td>\n<\/tr>\n<tr>\n<td style=\"width: 207px; background-color: #f2d1c7;\">Lipides (g)<\/td>\n<td style=\"width: 124.933px;\">2<\/td>\n<\/tr>\n<tr>\n<td style=\"width: 207px; background-color: #f2d1c7;\">Glucides (g)<\/td>\n<td style=\"width: 124.933px;\">58<\/td>\n<\/tr>\n<tr>\n<td style=\"width: 207px; background-color: #f2d1c7;\">Fibres (g)<\/td>\n<td style=\"width: 124.933px;\">25<\/td>\n<\/tr>\n<tr>\n<td style=\"width: 207px; background-color: #f2d1c7;\">Potassium (\u00b5g)<\/td>\n<td style=\"width: 124.933px;\">1062<\/td>\n<\/tr>\n<tr>\n<td style=\"width: 207px; background-color: #f2d1c7;\">Magn\u00e9sium (mg)<\/td>\n<td style=\"width: 124.933px;\">192<\/td>\n<\/tr>\n<tr>\n<td style=\"width: 207px; background-color: #f2d1c7;\">Calcium (mg)<\/td>\n<td style=\"width: 124.933px;\">103<\/td>\n<\/tr>\n<\/tbody>\n<\/table>\n<\/div>\n<\/div>\n<\/div>\n<div class=\"fl_h2\"><i>Utilisations de la f\u00e9verole en alimentation humaine <\/i><\/div>\n<div class=\"fl_contenu\">\n<div class=\"fl_contenu_haut\">\n<div class=\"fl_contenu_gauche\">\n<div class=\"fl_h3\">Produits d\u2019aujourd\u2019hui<\/div>\n<p>Plats mijot\u00e9s, conserves, farines, pains<\/p>\n<\/div>\n<div class=\"fl_contenu_droite\">\n<div>\n<div class=\"fl_h3\">Produits de demain<\/div>\n<p>Pav\u00e9s ( pain), P\u00e2tisseries\u2026<\/p>\n<p><i>En France, la farine de f\u00e9verole est utilis\u00e9e en panification pour ses propri\u00e9t\u00e9s texturantes (am\u00e9lioration du moelleux) et pour blanchir la mie de pain. Elle est ajout\u00e9e \u00e0 hauteur de 1-2% \u00e0 la farine de bl\u00e9. <\/i><i>(2)<\/i><\/p>\n<\/div>\n<\/div>\n<\/div>\n<\/div>\n<div class=\"fl_sources\">(Sources :<br \/>\n(1)UNIP, Surfaces de production de la f\u00e9verole,2013 (2)Prolea, La f\u00e9verole, de la plante \u00e0 ses&nbsp; utilisations<br \/>\n(3)Prolea, De la production consommation France &#8211; Europe \u2013 Monde, Statistiques des Ol\u00e9agineux &amp; Prot\u00e9agineux 2012 -2013<br \/>\n(4) AVARILIS Guide de culture de la f\u00e9verole,2015, (5) GEPV Fiche technique, F\u00e9verole,2009<\/div>\n","protected":false},"excerpt":{"rendered":"<p>&nbsp; &nbsp; (Vicia Faba L.) &nbsp; La F\u00e9verole en quelques chiffres (1,2) Dans le monde Production : 4 millions de tonnes en 2014 (1) Pays producteurs : Chine, Royaume-Uni, Australie et France (1) D\u00e9bouch\u00e9s principaux : Alimentation humaine (2) Pays consommateurs : Moyen-Orient et Asie En France Production fran\u00e7aise : 265 000 tonnes en 2014 [&hellip;]<\/p>\n","protected":false},"author":207,"featured_media":0,"parent":0,"menu_order":0,"comment_status":"closed","ping_status":"closed","template":"page_fullwidth.php","meta":{"ngg_post_thumbnail":0,"footnotes":""},"class_list":["post-1848","page","type-page","status-publish","hentry"],"_links":{"self":[{"href":"https:\/\/wp.pixerecourt.fr\/legumineuse\/wp-json\/wp\/v2\/pages\/1848","targetHints":{"allow":["GET"]}}],"collection":[{"href":"https:\/\/wp.pixerecourt.fr\/legumineuse\/wp-json\/wp\/v2\/pages"}],"about":[{"href":"https:\/\/wp.pixerecourt.fr\/legumineuse\/wp-json\/wp\/v2\/types\/page"}],"author":[{"embeddable":true,"href":"https:\/\/wp.pixerecourt.fr\/legumineuse\/wp-json\/wp\/v2\/users\/207"}],"replies":[{"embeddable":true,"href":"https:\/\/wp.pixerecourt.fr\/legumineuse\/wp-json\/wp\/v2\/comments?post=1848"}],"version-history":[{"count":0,"href":"https:\/\/wp.pixerecourt.fr\/legumineuse\/wp-json\/wp\/v2\/pages\/1848\/revisions"}],"wp:attachment":[{"href":"https:\/\/wp.pixerecourt.fr\/legumineuse\/wp-json\/wp\/v2\/media?parent=1848"}],"curies":[{"name":"wp","href":"https:\/\/api.w.org\/{rel}","templated":true}]}}