{"id":1834,"date":"2018-05-28T13:26:29","date_gmt":"2018-05-28T11:26:29","guid":{"rendered":"http:\/\/wp.pixerecourt.fr\/legumineuse\/?page_id=1834"},"modified":"2020-11-24T16:25:17","modified_gmt":"2020-11-24T15:25:17","slug":"pois","status":"publish","type":"page","link":"https:\/\/wp.pixerecourt.fr\/legumineuse\/pois\/","title":{"rendered":"Pois"},"content":{"rendered":"<div class=\"fl_div_entete\">\n<div class=\"fl_div_entete_gauche\"><img loading=\"lazy\" decoding=\"async\" class=\"aligncenter size-full wp-image-1684\" src=\"http:\/\/wp.pixerecourt.fr\/legumineuse\/wp-content\/uploads\/sites\/57\/2018\/05\/Image3-1.jpg\" alt=\"\" width=\"249\" height=\"200\"><\/div>\n<div class=\"fl_div_entete_milieu\">\n<h1>&nbsp;<\/h1>\n<p>&nbsp;<\/p>\n<h3><i>(Pisum sativum)<\/i><\/h3>\n<p>&nbsp;<\/p>\n<\/div>\n<div class=\"fl_div_entete_droite\"><img loading=\"lazy\" decoding=\"async\" class=\"aligncenter size-full wp-image-1683\" src=\"http:\/\/wp.pixerecourt.fr\/legumineuse\/wp-content\/uploads\/sites\/57\/2018\/05\/Image13-300x199.jpg\" alt=\"\" width=\"300\" height=\"199\"><\/div>\n<\/div>\n<div class=\"fl_h2\"><i>Le pois en quelques chiffres <span style=\"font-size: 8pt\">(1,2)<\/span><\/i><\/div>\n<div class=\"fl_contenu_haut\">\n<div class=\"fl_contenu_gauche\">\n<div class=\"fl_contenu\">\n<div class=\"fl_h3\">&nbsp;<\/div>\n<p>Dans le monde<br \/>\nProduction : 14 millions de tonnes (2016) (1)<br \/>\nPays producteurs : Canada (3 millions de tonnes), France, Etats-Unis, Australie, Ukraine (2)<\/p>\n<\/div>\n<div class=\"fl_contenu\">\n<div class=\"fl_h3\">En France<\/div>\n<p>Production fran\u00e7aise : 600 000 tonnes en 2013 (3)<br \/>\nD\u00e9bouch\u00e9s principaux : alimentation animale et exportation. 20% de la production est destin\u00e9e \u00e0 l\u2019alimentation humaine.<br \/>\nSurfaces : 139 363 ha (en 2014)<br \/>\nPrincipales r\u00e9gions productrices : Centre (16%), Champagne Ardenne (15%) , Poitou-Charentes (12%)<\/p>\n<\/div>\n<\/div>\n<div class=\"fl_contenu_droite\">\n<div class=\"fl_contenu\">\n<div class=\"fl_h3\">En Lorraine<\/div>\n<div><img loading=\"lazy\" decoding=\"async\" class=\"size-medium wp-image-2904 aligncenter\" src=\"http:\/\/wp.pixerecourt.fr\/legumineuse\/wp-content\/uploads\/sites\/57\/2018\/05\/Image17-300x255-300x255.png\" alt=\"\" width=\"300\" height=\"255\"><\/div>\n<\/div>\n<\/div>\n<\/div>\n<div class=\"fl_h2\">\n<p><i>Caract\u00e9ristiques agronomiques<\/i><\/p>\n<\/div>\n<div class=\"fl_contenu\">\n<div class=\"fl_contenu_haut\">\n<div class=\"fl_contenu_gauche\">\n<div>\n<div class=\"fl_h3\">Les atouts du pois<\/div>\n<p>Ne n\u00e9cessite pas d\u2019ajout d\u2019engrais azot\u00e9<br \/>\nN\u00e9cessite peu d\u2019eau<br \/>\nPermet de r\u00e9duire l\u2019apport d\u2019azote pour certaines cultures ( ex: de 20 \u00e0 60 kg d\u2019azote\/ha pour le bl\u00e9 (6))<\/p>\n<\/div>\n<\/div>\n<div class=\"fl_contenu_droite\">\n<div>\n<div class=\"fl_h3\">Recommandations<\/div>\n<p>Vari\u00e9t\u00e9s: Kayanne, Mythic, Navarro<br \/>\nSol : poreux d\u2019une profondeur de 3-4 cm (7)<br \/>\nLutte contre Aphanomyces euteiches : drainage, gestion des rotations et utilisation de vari\u00e9t\u00e9s r\u00e9sistantes permettent de limiter l\u2019impact de la maladie<\/p>\n<\/div>\n<\/div>\n<\/div>\n<\/div>\n<div class=\"fl_h2\"><i>Caract\u00e9ristiques nutritionnelles et effets sur la sant\u00e9 (3)<\/i><\/div>\n<div class=\"fl_contenu\">\n<div class=\"fl_contenu_haut\">\n<div class=\"fl_contenu_gauche\">\n<div>Source \u00e9nerg\u00e9tique par sa forte teneur en glucides (dont 50% d\u2019amidon (8))<br \/>\nFaible index glyc\u00e9mique<br \/>\nForte teneur en prot\u00e9ines (25%)<br \/>\nLes prot\u00e9ines de pois permettent d\u2019augmenter l\u2019effet de sati\u00e9t\u00e9, ce qui permet d\u2019\u00e9viter la prise de poids (9)<br \/>\nSource de min\u00e9raux<\/div>\n<\/div>\n<div class=\"fl_contenu_droite\">\n<table style=\"width: 336.933px;border-color: #b2698f\" border=\"1\">\n<tbody>\n<tr>\n<td style=\"width: 207px;text-align: center;background-color: #f2d1c7\" colspan=\"2\">Pour 100g de pois cuits<\/td>\n<\/tr>\n<tr>\n<td style=\"width: 207px;background-color: #f2d1c7\">Energie (kcal)<\/td>\n<td style=\"width: 124.933px\">61,4<\/td>\n<\/tr>\n<tr>\n<td style=\"width: 207px;background-color: #f2d1c7\">Prot\u00e9ines (g)<\/td>\n<td style=\"width: 124.933px\">5,8<\/td>\n<\/tr>\n<tr>\n<td style=\"width: 207px;background-color: #f2d1c7\">Lipides (g)<\/td>\n<td style=\"width: 124.933px\">0,87<\/td>\n<\/tr>\n<tr>\n<td style=\"width: 207px;background-color: #f2d1c7\">Glucides (g)<\/td>\n<td style=\"width: 124.933px\">4,7<\/td>\n<\/tr>\n<tr>\n<td style=\"width: 207px;background-color: #f2d1c7\">Fibres (g)<\/td>\n<td style=\"width: 124.933px\">5,8<\/td>\n<\/tr>\n<tr>\n<td style=\"width: 207px;background-color: #f2d1c7\">S\u00e9l\u00e9nium (\u00b5g)<\/td>\n<td style=\"width: 124.933px\">10<\/td>\n<\/tr>\n<tr>\n<td style=\"width: 207px;background-color: #f2d1c7\">Mangan\u00e8se (mg)<\/td>\n<td style=\"width: 124.933px\">0,32<\/td>\n<\/tr>\n<tr>\n<td style=\"width: 207px;background-color: #f2d1c7\">Cuivre (mg)<\/td>\n<td style=\"width: 124.933px\">0,14<\/td>\n<\/tr>\n<\/tbody>\n<\/table>\n<\/div>\n<\/div>\n<\/div>\n<div class=\"fl_h2\"><i>Utilisations du pois en alimentation humaine <\/i><\/div>\n<div class=\"fl_contenu\">\n<div class=\"fl_contenu_haut\">\n<div class=\"fl_contenu_gauche\">\n<div class=\"fl_h3\">Produits d\u2019aujourd\u2019hui<\/div>\n<p>Conserves, pur\u00e9es, soupes&#8230;<\/p>\n<\/div>\n<div class=\"fl_contenu_droite\">\n<div class=\"fl_h3\">Produits de demain<\/div>\n<p>P\u00e2tes, pav\u00e9s, crackers, c\u00e9r\u00e9ales, g\u00e2teaux&#8230;<\/p>\n<\/div>\n<\/div>\n<\/div>\n<div class=\"fl_sources\">Sources :<br \/>\n(1) FAOSTAT ;<\/div>\n<div class=\"fl_sources\">(2) Bonnemort C., Fiche technique pois, f\u00e8ves, lupin, 2008 ;<\/div>\n<div class=\"fl_sources\">(3) Prot\u00e9agineux France, Chiffres cl\u00e9s, 2013 ;<\/div>\n<div class=\"fl_sources\">(4) Prolea, De la production consommation France &#8211; Europe \u2013 Monde, Statistiques des Ol\u00e9agineux &amp; Prot\u00e9agineux 2012 -2013 ;<\/div>\n<div class=\"fl_sources\">(5) Schneider A., Les l\u00e9gumineuses, pour des syst\u00e8mes agricoles et alimentaires durables,2015 ;<\/div>\n<div class=\"fl_sources\">(6) SOLAGRO, Diagnostic des fili\u00e8res de l\u00e9gumineuses \u00e0 destination de l\u2019alimentation humaine en France ;<\/div>\n<div class=\"fl_sources\">(7) ARVALIS-Institut du V\u00e9g\u00e9tal\/UNIP, Le pois de printemps en Lorraine,2013;<\/div>\n<div class=\"fl_sources\">(8) GEPV, Fiches mati\u00e8res premi\u00e8res, Le Pois,2009 ;<\/div>\n<div class=\"fl_sources\">(9) Lefranc C., Impact de la prot\u00e9ine de pois NUTRALYS sur la sati\u00e9t\u00e9 et la prise calorique,2014.<\/div>\n","protected":false},"excerpt":{"rendered":"<p>&nbsp; &nbsp; (Pisum sativum) &nbsp; Le pois en quelques chiffres (1,2) &nbsp; Dans le monde Production : 14 millions de tonnes (2016) (1) Pays producteurs : Canada (3 millions de tonnes), France, Etats-Unis, Australie, Ukraine (2) En France Production fran\u00e7aise : 600 000 tonnes en 2013 (3) D\u00e9bouch\u00e9s principaux : alimentation animale et exportation. 20% [&hellip;]<\/p>\n","protected":false},"author":207,"featured_media":0,"parent":0,"menu_order":0,"comment_status":"closed","ping_status":"closed","template":"page_fullwidth.php","meta":{"ngg_post_thumbnail":0,"footnotes":""},"class_list":["post-1834","page","type-page","status-publish","hentry"],"_links":{"self":[{"href":"https:\/\/wp.pixerecourt.fr\/legumineuse\/wp-json\/wp\/v2\/pages\/1834","targetHints":{"allow":["GET"]}}],"collection":[{"href":"https:\/\/wp.pixerecourt.fr\/legumineuse\/wp-json\/wp\/v2\/pages"}],"about":[{"href":"https:\/\/wp.pixerecourt.fr\/legumineuse\/wp-json\/wp\/v2\/types\/page"}],"author":[{"embeddable":true,"href":"https:\/\/wp.pixerecourt.fr\/legumineuse\/wp-json\/wp\/v2\/users\/207"}],"replies":[{"embeddable":true,"href":"https:\/\/wp.pixerecourt.fr\/legumineuse\/wp-json\/wp\/v2\/comments?post=1834"}],"version-history":[{"count":5,"href":"https:\/\/wp.pixerecourt.fr\/legumineuse\/wp-json\/wp\/v2\/pages\/1834\/revisions"}],"predecessor-version":[{"id":3527,"href":"https:\/\/wp.pixerecourt.fr\/legumineuse\/wp-json\/wp\/v2\/pages\/1834\/revisions\/3527"}],"wp:attachment":[{"href":"https:\/\/wp.pixerecourt.fr\/legumineuse\/wp-json\/wp\/v2\/media?parent=1834"}],"curies":[{"name":"wp","href":"https:\/\/api.w.org\/{rel}","templated":true}]}}