{"id":1810,"date":"2018-05-28T11:17:34","date_gmt":"2018-05-28T09:17:34","guid":{"rendered":"http:\/\/wp.pixerecourt.fr\/legumineuse\/?page_id=1810"},"modified":"2020-11-24T16:01:28","modified_gmt":"2020-11-24T15:01:28","slug":"soja","status":"publish","type":"page","link":"https:\/\/wp.pixerecourt.fr\/legumineuse\/les-legumineuses\/les-legumineuses-lorraines\/soja\/","title":{"rendered":"Soja"},"content":{"rendered":"<div class=\"fl_div_entete\">\n<div class=\"fl_div_entete_gauche\"><img loading=\"lazy\" decoding=\"async\" class=\"aligncenter size-full wp-image-1684\" src=\"http:\/\/wp.pixerecourt.fr\/legumineuse\/wp-content\/uploads\/sites\/57\/2018\/05\/Image9.jpg\" alt=\"\" width=\"276\" height=\"184\"><\/div>\n<div class=\"fl_div_entete_milieu\">\n<h1>&nbsp;<\/h1>\n<p>&nbsp;<\/p>\n<h3><i>(Glycine Hispidia)<\/i><\/h3>\n<p>&nbsp;<\/p>\n<\/div>\n<div class=\"fl_div_entete_droite\"><img loading=\"lazy\" decoding=\"async\" class=\"aligncenter size-full wp-image-1683\" src=\"http:\/\/wp.pixerecourt.fr\/legumineuse\/wp-content\/uploads\/sites\/57\/2018\/05\/Image10.jpg\" alt=\"\" width=\"299\" height=\"168\"><\/div>\n<\/div>\n<div class=\"fl_h2\"><i>Le soja&nbsp; en quelques chiffres <span style=\"font-size: 8pt\">(1,2)<\/span><\/i><\/div>\n<div class=\"fl_contenu_haut\">\n<div class=\"fl_contenu_gauche\">\n<div class=\"fl_contenu\">\n<div class=\"fl_h3\">Dans le monde<\/div>\n<p>Production : 330 millions de tonnes par an (1)<br \/>\nPays producteurs : Etats-Unis (40%), Br\u00e9sil (34%), Argentine (21%)<br \/>\nD\u00e9bouch\u00e9s principaux : Alimentation animale<br \/>\nPays consommateurs : Chine, Japon<\/p>\n<\/div>\n<div class=\"fl_contenu\">\n<div class=\"fl_h3\">En France<\/div>\n<p>Production fran\u00e7aise : 140 000 tonnes<br \/>\nD\u00e9bouch\u00e9s principaux : Alimentation animale (55-60% volailles et jeunes animaux), alimentation humaine (40-45%)<br \/>\nSurface d\u00e9di\u00e9e : 164 000 ha<br \/>\nPrincipales r\u00e9gions productrices: Midi-Pyr\u00e9n\u00e9es, Bourgogne et Franche-Comt\u00e9<\/p>\n<\/div>\n<\/div>\n<div class=\"fl_contenu_droite\">\n<div class=\"fl_contenu\">\n<div class=\"fl_h3\">En Lorraine<\/div>\n<p>Surface d\u00e9di\u00e9e : non-connue<br \/>\nLe <a href=\"https:\/\/wp.pixerecourt.fr\/legumineuse\/placemarks\/le-pre-vert\/\">Pr\u00e9 Vert<\/a> et la <a href=\"https:\/\/wp.pixerecourt.fr\/legumineuse\/placemarks\/gaec-des-grands-pres-p-renard-c-decorny\/\">GAEC des Grands Pr\u00e9s<\/a> sont deux exploitations en cultivant actuellement<\/p>\n<\/div>\n<figure id=\"attachment_3514\" aria-describedby=\"caption-attachment-3514\" style=\"width: 233px\" class=\"wp-caption aligncenter\"><img loading=\"lazy\" decoding=\"async\" class=\"size-medium wp-image-3514\" src=\"http:\/\/wp.pixerecourt.fr\/legumineuse\/wp-content\/uploads\/sites\/57\/2020\/11\/Capture-d\u2019e\u0301cran-2020-11-24-a\u0300-15.52.53-233x300.png\" alt=\"\" width=\"233\" height=\"300\" srcset=\"https:\/\/wp.pixerecourt.fr\/legumineuse\/wp-content\/uploads\/sites\/57\/2020\/11\/Capture-d\u2019e\u0301cran-2020-11-24-a\u0300-15.52.53-233x300.png 233w, https:\/\/wp.pixerecourt.fr\/legumineuse\/wp-content\/uploads\/sites\/57\/2020\/11\/Capture-d\u2019e\u0301cran-2020-11-24-a\u0300-15.52.53-598x768.png 598w, https:\/\/wp.pixerecourt.fr\/legumineuse\/wp-content\/uploads\/sites\/57\/2020\/11\/Capture-d\u2019e\u0301cran-2020-11-24-a\u0300-15.52.53-467x600.png 467w, https:\/\/wp.pixerecourt.fr\/legumineuse\/wp-content\/uploads\/sites\/57\/2020\/11\/Capture-d\u2019e\u0301cran-2020-11-24-a\u0300-15.52.53.png 625w\" sizes=\"auto, (max-width: 233px) 100vw, 233px\" \/><figcaption id=\"caption-attachment-3514\" class=\"wp-caption-text\">La culture de Soja en France en 2019 (4)<\/figcaption><\/figure>\n<p>&nbsp;<\/p>\n<\/div>\n<\/div>\n<div class=\"fl_h2\"><i>Caract\u00e9ristiques agronomiques<\/i><\/div>\n<div class=\"fl_contenu\">\n<div class=\"fl_contenu_haut\">\n<div class=\"fl_contenu_gauche\">\n<div>\n<div class=\"fl_h3\">Les atouts du soja<\/div>\n<p>Fixe l\u2019azote atmosph\u00e9rique&nbsp;<br \/>\nNe n\u00e9cessite pas d\u2019engrais azot\u00e9 (contre 30 \u00e0 50 kg\/ha pour le ma\u00efs)<br \/>\nMoins demandeur en eau que le ma\u00efs<br \/>\nAm\u00e9liore la structure du sol<\/p>\n<\/div>\n<\/div>\n<div class=\"fl_contenu_droite\">\n<div>\n<div class=\"fl_h3\">Recommandations<\/div>\n<p>Vari\u00e9t\u00e9s : \u00ab&nbsp;000&nbsp;\u00bb adapt\u00e9es au Nord-Est de la France<br \/>\nPrivil\u00e9gier les associations de gramin\u00e9es, crucif\u00e8res ou phac\u00e9lie en couvert v\u00e9g\u00e9tal avant soja<br \/>\nSemis d\u00e9but mai dans un sol suffisamment r\u00e9chauff\u00e9<br \/>\nAjout de protection anti-limaces selon besoin<\/p>\n<\/div>\n<\/div>\n<\/div>\n<\/div>\n<div class=\"fl_h2\"><i>Caract\u00e9ristiques nutritionnelles et effets sur la sant\u00e9 (3)<\/i><\/div>\n<div class=\"fl_contenu\">\n<div class=\"fl_contenu_haut\">\n<div class=\"fl_contenu_gauche\">\n<div>Le soja est la seule l\u00e9gumineuse contenant l\u2019ensemble des acides amin\u00e9s essentiels dans ses prot\u00e9ines (3). Il est l\u2019alternative la plus compl\u00e8te aux prot\u00e9ines animales.<br \/>\nContrairement \u00e0 d\u2019autres l\u00e9gumineuses, le soja est tr\u00e8s digestible.<br \/>\nLes graines de soja sont sources:<br \/>\nd\u2019antioxydants,<br \/>\nde vitamines B9, B1, et C<br \/>\nde min\u00e9raux : fer, zinc, calcium\u2026<\/div>\n<\/div>\n<div class=\"fl_contenu_droite\">\n<table style=\"width: 336.933px;border-color: #b2698f\" border=\"1\">\n<tbody>\n<tr>\n<td style=\"width: 207px;text-align: center;background-color: #f2d1c7\" colspan=\"2\">Pour 100g de soja sec<\/td>\n<\/tr>\n<tr>\n<td style=\"width: 207px;background-color: #f2d1c7\">Energie (kcal)<\/td>\n<td style=\"width: 124.933px\">432<\/td>\n<\/tr>\n<tr>\n<td style=\"width: 207px;background-color: #f2d1c7\">Prot\u00e9ines (g)<\/td>\n<td style=\"width: 124.933px\">34,5<\/td>\n<\/tr>\n<tr>\n<td style=\"width: 207px;background-color: #f2d1c7\">Lipides (g)<\/td>\n<td style=\"width: 124.933px\">19,2<\/td>\n<\/tr>\n<tr>\n<td style=\"width: 207px;background-color: #f2d1c7\">Glucides (g)<\/td>\n<td style=\"width: 124.933px\">20,8<\/td>\n<\/tr>\n<tr>\n<td style=\"width: 207px;background-color: #f2d1c7\">Fibres (g)<\/td>\n<td style=\"width: 124.933px\">13<\/td>\n<\/tr>\n<tr>\n<td style=\"width: 207px;background-color: #f2d1c7\">Potassium(mg)<\/td>\n<td style=\"width: 124.933px\">1740<\/td>\n<\/tr>\n<tr>\n<td style=\"width: 207px;background-color: #f2d1c7\">Phosphore(mg)<\/td>\n<td style=\"width: 124.933px\">586<\/td>\n<\/tr>\n<tr>\n<td style=\"width: 207px;background-color: #f2d1c7\">Calcium(mg)<\/td>\n<td style=\"width: 124.933px\">220<\/td>\n<\/tr>\n<\/tbody>\n<\/table>\n<\/div>\n<\/div>\n<\/div>\n<div class=\"fl_h2\"><i>Utilisations du soja en alimentation humaine <\/i><\/div>\n<div class=\"fl_contenu\">\n<div class=\"fl_contenu_haut\">\n<div class=\"fl_contenu_gauche\">\n<div class=\"fl_h3\">Produits d\u2019aujourd\u2019hui<\/div>\n<p>Produits \u00e0 base de graines et farines: jus, miso, tofu, sauce soja, tempeh, simili carn\u00e9, steak de soja&#8230;<\/p>\n<\/div>\n<div class=\"fl_contenu_droite\">\n<div class=\"fl_h3\">Produits de demain<\/div>\n<p>Produit \u00e0 base de graines, farines, prot\u00e9ines, produit ferment\u00e9s&#8230;<\/p>\n<\/div>\n<\/div>\n<\/div>\n<div class=\"fl_sources\">Sources :<br \/>\n1) https:\/\/solagro.org\/images\/imagesCK\/files\/publications\/f12_diagnosticlegumineusesalim.pdf<br \/>\n(2) Guide de culture soja bio 2017, Terra inova<br \/>\n(3) http:\/\/www.fondation-louisbonduelle.org\/legume\/soja\/<\/div>\n<div class=\"fl_sources\">(4) La culture de Soja en France: <a href=\"http:\/\/www.terresunivia.fr\/cultures-utilisation\/les-especes-cultivees\/soja\">Terres Univia<\/a> (consult\u00e9 le 24 Novembre 2020)<\/div>\n","protected":false},"excerpt":{"rendered":"<p>&nbsp; &nbsp; (Glycine Hispidia) &nbsp; Le soja&nbsp; en quelques chiffres (1,2) Dans le monde Production : 330 millions de tonnes par an (1) Pays producteurs : Etats-Unis (40%), Br\u00e9sil (34%), Argentine (21%) D\u00e9bouch\u00e9s principaux : Alimentation animale Pays consommateurs : Chine, Japon En France Production fran\u00e7aise : 140 000 tonnes D\u00e9bouch\u00e9s principaux : Alimentation animale [&hellip;]<\/p>\n","protected":false},"author":207,"featured_media":0,"parent":322,"menu_order":2,"comment_status":"closed","ping_status":"closed","template":"page_fullwidth.php","meta":{"ngg_post_thumbnail":0,"footnotes":""},"class_list":["post-1810","page","type-page","status-publish","hentry"],"_links":{"self":[{"href":"https:\/\/wp.pixerecourt.fr\/legumineuse\/wp-json\/wp\/v2\/pages\/1810","targetHints":{"allow":["GET"]}}],"collection":[{"href":"https:\/\/wp.pixerecourt.fr\/legumineuse\/wp-json\/wp\/v2\/pages"}],"about":[{"href":"https:\/\/wp.pixerecourt.fr\/legumineuse\/wp-json\/wp\/v2\/types\/page"}],"author":[{"embeddable":true,"href":"https:\/\/wp.pixerecourt.fr\/legumineuse\/wp-json\/wp\/v2\/users\/207"}],"replies":[{"embeddable":true,"href":"https:\/\/wp.pixerecourt.fr\/legumineuse\/wp-json\/wp\/v2\/comments?post=1810"}],"version-history":[{"count":4,"href":"https:\/\/wp.pixerecourt.fr\/legumineuse\/wp-json\/wp\/v2\/pages\/1810\/revisions"}],"predecessor-version":[{"id":3519,"href":"https:\/\/wp.pixerecourt.fr\/legumineuse\/wp-json\/wp\/v2\/pages\/1810\/revisions\/3519"}],"up":[{"embeddable":true,"href":"https:\/\/wp.pixerecourt.fr\/legumineuse\/wp-json\/wp\/v2\/pages\/322"}],"wp:attachment":[{"href":"https:\/\/wp.pixerecourt.fr\/legumineuse\/wp-json\/wp\/v2\/media?parent=1810"}],"curies":[{"name":"wp","href":"https:\/\/api.w.org\/{rel}","templated":true}]}}