{"id":1797,"date":"2018-05-28T10:40:05","date_gmt":"2018-05-28T08:40:05","guid":{"rendered":"http:\/\/wp.pixerecourt.fr\/legumineuse\/?page_id=1797"},"modified":"2020-10-12T15:01:54","modified_gmt":"2020-10-12T13:01:54","slug":"haricot-sec","status":"publish","type":"page","link":"https:\/\/wp.pixerecourt.fr\/legumineuse\/les-legumineuses\/les-legumineuses-lorraines\/haricot-sec\/","title":{"rendered":"Haricot sec"},"content":{"rendered":"<div class=\"fl_div_entete\">\n<div class=\"fl_div_entete_gauche\"><img loading=\"lazy\" decoding=\"async\" class=\"aligncenter size-full wp-image-1684\" src=\"http:\/\/wp.pixerecourt.fr\/legumineuse\/wp-content\/uploads\/sites\/57\/2018\/05\/Image6-1.jpg\" alt=\"\" width=\"274\" height=\"183\"><\/div>\n<div class=\"fl_div_entete_milieu\">\n<h1>&nbsp;<\/h1>\n<p>&nbsp;<\/p>\n<h3><i>(Phaseolus)<\/i><\/h3>\n<p>&nbsp;<\/p>\n<\/div>\n<div class=\"fl_div_entete_droite\"><img loading=\"lazy\" decoding=\"async\" class=\"aligncenter size-full wp-image-1683\" src=\"http:\/\/wp.pixerecourt.fr\/legumineuse\/wp-content\/uploads\/sites\/57\/2018\/05\/Image7-1.jpg\" alt=\"\" width=\"225\" height=\"225\"><\/div>\n<\/div>\n<div class=\"fl_h2\"><i>Le Haricot sec en quelques chiffres&nbsp;<span style=\"font-size: 8pt\">(1)<\/span><\/i><\/div>\n<div class=\"fl_contenu_haut\">\n<div class=\"fl_contenu_gauche\">\n<div class=\"fl_contenu\">\n<div class=\"fl_h3\">Dans le monde<\/div>\n<p>Production : 26&nbsp; millions de tonnes ( 68% de la production mondiale de haricots)<br \/>\nPays producteurs : Inde (14,5%), Br\u00e9sil , Etats-Unis , Tanzanie, Chine, Mexique.<br \/>\nD\u00e9bouch\u00e9s principaux : Alimentation humaine<br \/>\nPays consommateurs : Am\u00e9rique du nord, Moyen-Orient<\/p>\n<\/div>\n<div class=\"fl_contenu\">\n<div class=\"fl_h3\">En France<\/div>\n<p>Surface d\u00e9di\u00e9e : 10 250 ha ( 25% de la surface d\u00e9di\u00e9e \u00e0 la culture de haricots)<br \/>\nD\u00e9bouch\u00e9s principaux : Alimentation humaine&nbsp;<br \/>\nProduction Fran\u00e7aise : 57000 tonnes de haricots secs ( 14% de la production de haricots)<\/p>\n<\/div>\n<\/div>\n<div class=\"fl_contenu_droite\">\n<div class=\"fl_contenu\">\n<div class=\"fl_h3\">En Lorraine<\/div>\n<p>Surface d\u00e9di\u00e9e : non-connue<\/p>\n<p>&nbsp;<\/p>\n<\/div>\n<p><img loading=\"lazy\" decoding=\"async\" class=\"aligncenter size-full wp-image-1682\" src=\"http:\/\/wp.pixerecourt.fr\/legumineuse\/wp-content\/uploads\/sites\/57\/2018\/05\/Image8-300x291.png\" alt=\"\" width=\"300\" height=\"291\"><\/p>\n<\/div>\n<\/div>\n<div class=\"fl_h2\"><i>Caract\u00e9ristiques agronomiques<\/i><\/div>\n<div class=\"fl_contenu\">\n<div class=\"fl_contenu_haut\">\n<div class=\"fl_contenu_gauche\">\n<div>\n<div class=\"fl_h3\">Les atouts des harictos secs<\/div>\n<div>&nbsp;<\/div>\n<ul>\n<li>Fixe l\u2019azote de l\u2019air<\/li>\n<\/ul>\n<p>&nbsp;<\/p>\n<ul>\n<li>Ne n\u00e9cessite pas d&rsquo;engrais azot\u00e9<\/li>\n<\/ul>\n<p>&nbsp;<\/p>\n<ul>\n<li>Cultures adapt\u00e9es \u00e0 de nombreux types de sols<\/li>\n<\/ul>\n<p>&nbsp;<\/p>\n<ul>\n<li>Riches en prot\u00e9ines<\/li>\n<\/ul>\n<\/div>\n<\/div>\n<div class=\"fl_contenu_droite\">\n<div>\n<div class=\"fl_h3\">Recommandations<\/div>\n<p>&nbsp;<\/p>\n<p>Vari\u00e9t\u00e9s : Haricot rouge, pinto, noir, marbr\u00e9, blanc, flageolet, cornille<br \/>\nType de sol : sol sec profond (plut\u00f4t en zone m\u00e9diterran\u00e9enne)<br \/>\nRotation de cultures: Rotation conseill\u00e9e d&rsquo;au moins 5 ans<\/p>\n<p>Deux parties du haricot peuvent \u00eatre consomm\u00e9es: la gousse ou la graine. Le haricot sec correspond \u00e0 la graine En fonction de ce que l&rsquo;on veut consommer ( gousse ou graine), la r\u00e9colte ne se fait pas au m\u00eame stade de maturit\u00e9: les gousses se r\u00e9coltent \u00e0 l&rsquo;\u00e9tat immature, alors queles grains se r\u00e9coltent secs (lorsque que les gousses ont jauni)<\/p>\n<\/div>\n<\/div>\n<\/div>\n<\/div>\n<div class=\"fl_h2\"><i>Caract\u00e9ristiques nutritionnelles et effets sur la sant\u00e9 (3)<\/i><\/div>\n<div class=\"fl_contenu\">\n<div class=\"fl_contenu_haut\">\n<div class=\"fl_contenu_gauche\">\n<div>Source de vitamines, min\u00e9raux, prot\u00e9ines et fibres<br \/>\nTeneur \u00e9lev\u00e9e en oligosaccharides (raffinose, stachyose) non-assimilables : entraine le d\u00e9veloppement de bifidobact\u00e9ries qui enrichissent le microbiote intestinal (en contrepartie de la production de gaz)<br \/>\nLa teneur en phasine des haricots secs crus peut les rendre toxiques<\/div>\n<\/div>\n<div class=\"fl_contenu_droite\">\n<p>&nbsp;<\/p>\n<table style=\"width: 336.933px;border-color: #b2698f\" border=\"1\">\n<tbody>\n<tr>\n<td style=\"width: 207px;text-align: center;background-color: #f2d1c7\" colspan=\"2\">Pour 100g de Haricots secs cuits<\/td>\n<\/tr>\n<tr>\n<td style=\"width: 207px;background-color: #f2d1c7\">Energie (kcal)<\/td>\n<td style=\"width: 124.933px\">111<\/td>\n<\/tr>\n<tr>\n<td style=\"width: 207px;background-color: #f2d1c7\">Prot\u00e9ines (g)<\/td>\n<td style=\"width: 124.933px\">8,58<\/td>\n<\/tr>\n<tr>\n<td style=\"width: 207px;background-color: #f2d1c7\">Lipides (g)<\/td>\n<td style=\"width: 124.933px\">0,53<\/td>\n<\/tr>\n<tr>\n<td style=\"width: 207px;background-color: #f2d1c7\">Glucides (g)<\/td>\n<td style=\"width: 124.933px\">14,4<\/td>\n<\/tr>\n<tr>\n<td style=\"width: 207px;background-color: #f2d1c7\">Fibres (g)<\/td>\n<td style=\"width: 124.933px\">7,34<\/td>\n<\/tr>\n<tr>\n<td style=\"width: 207px;background-color: #f2d1c7\">Potassium (mg)<\/td>\n<td style=\"width: 124.933px\">400<\/td>\n<\/tr>\n<tr>\n<td style=\"width: 207px;background-color: #f2d1c7\">Fer (mg)<\/td>\n<td style=\"width: 124.933px\">2,32<\/td>\n<\/tr>\n<tr>\n<td style=\"width: 207px;background-color: #f2d1c7\">Cuivre (mg)<\/td>\n<td style=\"width: 124.933px\">0.24<\/td>\n<\/tr>\n<\/tbody>\n<\/table>\n<\/div>\n<\/div>\n<\/div>\n<div class=\"fl_h2\"><i>Utilisations des haricots secs en alimentation humaine <\/i><\/div>\n<div class=\"fl_contenu\">\n<div class=\"fl_contenu_haut\">\n<div class=\"fl_contenu_gauche\">\n<div>\n<div class=\"fl_h3\">Produits d\u2019aujourd\u2019hui<\/div>\n<p>Haricots secs cuisin\u00e9s, chili con carn\u00e9, salades&#8230;<\/p>\n<\/div>\n<\/div>\n<div class=\"fl_contenu_droite\">\n<div>\n<div class=\"fl_h3\">Produits de demain<\/div>\n<p>Brownie, fondant au chocolat, p\u00e2tisserie&#8230;<\/p>\n<\/div>\n<\/div>\n<\/div>\n<\/div>\n<div class=\"fl_sources\">Sources (1) FAOSTAT, ,Production mondiale de haricots<br \/>\n(2) APABA, FRAB Midi-Pyr\u00e9n\u00e9es, Les haricots secs (fiche)<br \/>\n(3) https:\/\/informationsnutritionnelles.fr\/haricot-rouge<\/div>\n","protected":false},"excerpt":{"rendered":"<p>&nbsp; &nbsp; (Phaseolus) &nbsp; Le Haricot sec en quelques chiffres&nbsp;(1) Dans le monde Production : 26&nbsp; millions de tonnes ( 68% de la production mondiale de haricots) Pays producteurs : Inde (14,5%), Br\u00e9sil , Etats-Unis , Tanzanie, Chine, Mexique. D\u00e9bouch\u00e9s principaux : Alimentation humaine Pays consommateurs : Am\u00e9rique du nord, Moyen-Orient En France Surface d\u00e9di\u00e9e [&hellip;]<\/p>\n","protected":false},"author":207,"featured_media":0,"parent":322,"menu_order":3,"comment_status":"closed","ping_status":"closed","template":"page_fullwidth.php","meta":{"ngg_post_thumbnail":0,"footnotes":""},"class_list":["post-1797","page","type-page","status-publish","hentry"],"_links":{"self":[{"href":"https:\/\/wp.pixerecourt.fr\/legumineuse\/wp-json\/wp\/v2\/pages\/1797","targetHints":{"allow":["GET"]}}],"collection":[{"href":"https:\/\/wp.pixerecourt.fr\/legumineuse\/wp-json\/wp\/v2\/pages"}],"about":[{"href":"https:\/\/wp.pixerecourt.fr\/legumineuse\/wp-json\/wp\/v2\/types\/page"}],"author":[{"embeddable":true,"href":"https:\/\/wp.pixerecourt.fr\/legumineuse\/wp-json\/wp\/v2\/users\/207"}],"replies":[{"embeddable":true,"href":"https:\/\/wp.pixerecourt.fr\/legumineuse\/wp-json\/wp\/v2\/comments?post=1797"}],"version-history":[{"count":1,"href":"https:\/\/wp.pixerecourt.fr\/legumineuse\/wp-json\/wp\/v2\/pages\/1797\/revisions"}],"predecessor-version":[{"id":3321,"href":"https:\/\/wp.pixerecourt.fr\/legumineuse\/wp-json\/wp\/v2\/pages\/1797\/revisions\/3321"}],"up":[{"embeddable":true,"href":"https:\/\/wp.pixerecourt.fr\/legumineuse\/wp-json\/wp\/v2\/pages\/322"}],"wp:attachment":[{"href":"https:\/\/wp.pixerecourt.fr\/legumineuse\/wp-json\/wp\/v2\/media?parent=1797"}],"curies":[{"name":"wp","href":"https:\/\/api.w.org\/{rel}","templated":true}]}}