{"id":1785,"date":"2018-05-28T10:15:15","date_gmt":"2018-05-28T08:15:15","guid":{"rendered":"http:\/\/wp.pixerecourt.fr\/legumineuse\/?page_id=1785"},"modified":"2020-11-24T15:50:59","modified_gmt":"2020-11-24T14:50:59","slug":"fiche-lupin","status":"publish","type":"page","link":"https:\/\/wp.pixerecourt.fr\/legumineuse\/les-legumineuses\/les-legumineuses-lorraines\/fiche-lupin\/","title":{"rendered":"Lupin"},"content":{"rendered":"\n<div class=\"fl_div_entete\">\n<div class=\"fl_div_entete_gauche\"><figure><img loading=\"lazy\" decoding=\"async\" class=\"aligncenter size-full wp-image-1684\" src=\"http:\/\/wp.pixerecourt.fr\/legumineuse\/wp-content\/uploads\/sites\/57\/2018\/05\/Image3.jpg\" alt=\"\" width=\"249\" height=\"200\"><\/figure><\/div>\n<div class=\"fl_div_entete_milieu\">\n<h1>&nbsp;<\/h1>\n<p>&nbsp;<\/p>\n<h3><i>(Lupinus sp)<\/i><\/h3>\n<p>&nbsp;<\/p>\n<\/div>\n<div class=\"fl_div_entete_droite\"><figure><img loading=\"lazy\" decoding=\"async\" class=\"aligncenter size-full wp-image-1683\" src=\"http:\/\/wp.pixerecourt.fr\/legumineuse\/wp-content\/uploads\/sites\/57\/2018\/05\/Image4-2.jpg\" alt=\"\" width=\"225\" height=\"224\"><\/figure><\/div>\n<\/div>\n\n\n\n<div class=\"fl_h2\"><i>Le lupin&nbsp; en quelques chiffres <span style=\"font-size: 8pt\">(1)<\/span><\/i><\/div>\n\n\n\n<div class=\"fl_contenu_haut\">\n<div class=\"fl_contenu_gauche\">\n<div class=\"fl_contenu\">\n<div class=\"fl_h3\">Dans le monde<\/div>\n<p>Production : 920 000&nbsp; tonnes<br>Pays producteurs : Australie (86%)<br>D\u00e9bouch\u00e9s principaux : Alimentation animale et humaine<\/p>\n<\/div>\n<div class=\"fl_contenu\">\n<div class=\"fl_h3\">En France<\/div>\n<p>Surface d\u00e9di\u00e9e: 3045 ha<br>Production: 7000 tonnes (2% de la production mondiale) uniquement en lupin blanc<br>D\u00e9bouch\u00e9s principaux : Alimentation humaine et animale<br>Principales r\u00e9gions productrices: Midi-Pyr\u00e9n\u00e9es, Languedoc-Roussillon<\/p>\n<\/div>\n<\/div>\n<div class=\"fl_contenu_droite\">\n<div class=\"fl_contenu\">\n<div class=\"fl_h3\">En Lorraine<\/div>\n<p>Surface d\u00e9di\u00e9e : non-connue<br>Rendements moyens: 35 \u00e0 45 q\/ha<\/p>\n<\/div>\n<figure id=\"attachment_3495\" aria-describedby=\"caption-attachment-3495\" style=\"width: 162px\" class=\"wp-caption aligncenter\"><img loading=\"lazy\" decoding=\"async\" class=\" wp-image-3495\" src=\"http:\/\/wp.pixerecourt.fr\/legumineuse\/wp-content\/uploads\/sites\/57\/2020\/11\/2019-lupin-site-223x300.png\" alt=\"\" width=\"162\" height=\"218\" srcset=\"https:\/\/wp.pixerecourt.fr\/legumineuse\/wp-content\/uploads\/sites\/57\/2020\/11\/2019-lupin-site-223x300.png 223w, https:\/\/wp.pixerecourt.fr\/legumineuse\/wp-content\/uploads\/sites\/57\/2020\/11\/2019-lupin-site-445x600.png 445w, https:\/\/wp.pixerecourt.fr\/legumineuse\/wp-content\/uploads\/sites\/57\/2020\/11\/2019-lupin-site.png 553w\" sizes=\"auto, (max-width: 162px) 100vw, 162px\" \/><figcaption id=\"caption-attachment-3495\" class=\"wp-caption-text\">Production de Lupin en France en 2019 (4)<\/figcaption><\/figure>\n<\/div>\n<\/div>\n\n\n\n<div class=\"fl_h2\"><i>Caract\u00e9ristiques agronomiques (2)<\/i><\/div>\n\n\n\n<div class=\"fl_contenu\">\n<div class=\"fl_contenu_haut\">\n<div class=\"fl_contenu_gauche\">\n<div class=\"fl_h3\">Les atouts du lupin<\/div>\n<p>Fixe l\u2019azote de l\u2019air permet l&rsquo;enrichissement en azote des sols pour la rotation des cultures<\/p>\n<p>Riche en prot\u00e9ines et en mati\u00e8res grasses et d\u00e9pourvu de facteurs antinutritionnels<\/p>\n<\/div>\n<div class=\"fl_contenu_droite\">\n<div class=\"fl_h3\">Recommandations<\/div>\n<p>Vari\u00e9t\u00e9s :&nbsp; Amiga et Feodara ( lupin blanc d&rsquo;hiver) Privil\u00e9gier les cultures de printemps en Lorraine<br>Inoculer les semences<br>D\u00e9sherber et travailler le sol en profondeur avant le semis<\/p>\n<\/div>\n<\/div>\n<\/div>\n\n\n\n<div class=\"fl_h2\"><i>Caract\u00e9ristiques nutritionnelles et effets sur la sant\u00e9 (3)<\/i><\/div>\n\n\n\n<div class=\"fl_contenu\">\n<div class=\"fl_contenu_haut\">\nSource de min\u00e9raux (4%) et d&rsquo;oligo-\u00e9l\u00e9ments \nTr\u00e8s digestible (car faible teneur anti-nutritionnelle).\nRiche en om\u00e9ga 3 et om\u00e9ga 6.\nPr\u00e9vient l&rsquo;hypertension, le cancer du colon et le diab\u00e8te.\nNaturellement sans gluten.\n<div>&nbsp;<\/div>\n<div class=\"fl_contenu_droite\">\n<p>&nbsp;<\/p>\n<table style=\"width: 336.933px;border-color: #b2698f\" border=\"1\">\n<tbody>\n<tr>\n<td style=\"width: 207px;text-align: center;background-color: #f2d1c7\" colspan=\"2\">Pour 100g de lupin sec<\/td>\n<\/tr>\n<tr>\n<td style=\"width: 207px;background-color: #f2d1c7\">Energie (kcal)<\/td>\n<td style=\"width: 124.933px\">356<\/td>\n<\/tr>\n<tr>\n<td style=\"width: 207px;background-color: #f2d1c7\">Prot\u00e9ines (g)<\/td>\n<td style=\"width: 124.933px\">36.2<\/td>\n<\/tr>\n<tr>\n<td style=\"width: 207px;background-color: #f2d1c7\">Lipides (g)<\/td>\n<td style=\"width: 124.933px\">9.74<\/td>\n<\/tr>\n<tr>\n<td style=\"width: 207px;background-color: #f2d1c7\">Glucides (g)<\/td>\n<td style=\"width: 124.933px\">21.6<\/td>\n<\/tr>\n<tr>\n<td style=\"width: 207px;background-color: #f2d1c7\">Fibres (g)<\/td>\n<td style=\"width: 124.933px\">18.9<\/td>\n<\/tr>\n<tr>\n<td style=\"width: 207px;background-color: #f2d1c7\">Potassium (mg)<\/td>\n<td style=\"width: 124.933px\">45.4<\/td>\n<\/tr>\n<tr>\n<td style=\"width: 207px;background-color: #f2d1c7\">Phosphore (mg)<\/td>\n<td style=\"width: 124.933px\">440<\/td>\n<\/tr>\n<tr>\n<td style=\"width: 207px;background-color: #f2d1c7\">Magn\u00e9sium (mg)<\/td>\n<td style=\"width: 124.933px\">198<\/td>\n<\/tr>\n<tr>\n<td style=\"width: 207px;background-color: #f2d1c7\">Calcium (mg)<\/td>\n<td style=\"width: 124.933px\">176<\/td>\n<\/tr>\n<\/tbody>\n<\/table>\n<\/div>\n<\/div>\n<\/div>\n\n\n\n<div class=\"fl_h2\"><i>Utilisations du lupin en alimentation humaine <\/i><\/div>\n\n\n\n<div class=\"fl_contenu\">\n<div class=\"fl_contenu_haut\">\n<div class=\"fl_contenu_gauche\">\n<div class=\"fl_h3\">Produits d\u2019aujourd\u2019hui<\/div>\n<p>Farine utilis\u00e9e en biscuiterie, p\u00e2tisserie, yaourt, cr\u00e8me glac\u00e9e, laits v\u00e9g\u00e9taux<\/p>\n<\/div>\n<div class=\"fl_contenu_droite\">\n<div>\n<div class=\"fl_h3\">Produits de demain<\/div>\n<p>La farine de lupin peut \u00eatre utilis\u00e9e dans de nombreux produits alimentaires pour ses propri\u00e9t\u00e9s \u00e9mulsifiantes.<\/p>\n<\/div>\n<\/div>\n<\/div>\n<\/div>\n\n\n\n<div class=\"fl_sources\">Sources :<br>DENHARTIGH C., Diagnostic des fili\u00e8res de l\u00e9gumineuses \u00e0 destination de l\u2019alimentation humaine en France, SOLAGRO<br>Terres Inovia, Guide de culture, Lupin blanc doux d\u2019hiver et de printemps 2016<\/div>\n<div class=\"fl_sources\">(4): Production de Lupin en France: <a href=\"http:\/\/www.terresunivia.fr\/cultures-utilisation\/les-especes-cultivees\/lupin-blanc\">Terres Univia<\/a><\/div>\n","protected":false},"excerpt":{"rendered":"<p>&nbsp; &nbsp; (Lupinus sp) &nbsp; Le lupin&nbsp; en quelques chiffres (1) Dans le monde Production : 920 000&nbsp; tonnesPays producteurs : Australie (86%)D\u00e9bouch\u00e9s principaux : Alimentation animale et humaine En France Surface d\u00e9di\u00e9e: 3045 haProduction: 7000 tonnes (2% de la production mondiale) uniquement en lupin blancD\u00e9bouch\u00e9s principaux : Alimentation humaine et animalePrincipales r\u00e9gions productrices: Midi-Pyr\u00e9n\u00e9es, [&hellip;]<\/p>\n","protected":false},"author":207,"featured_media":0,"parent":322,"menu_order":5,"comment_status":"closed","ping_status":"closed","template":"page_fullwidth.php","meta":{"ngg_post_thumbnail":0,"footnotes":""},"class_list":["post-1785","page","type-page","status-publish","hentry"],"_links":{"self":[{"href":"https:\/\/wp.pixerecourt.fr\/legumineuse\/wp-json\/wp\/v2\/pages\/1785","targetHints":{"allow":["GET"]}}],"collection":[{"href":"https:\/\/wp.pixerecourt.fr\/legumineuse\/wp-json\/wp\/v2\/pages"}],"about":[{"href":"https:\/\/wp.pixerecourt.fr\/legumineuse\/wp-json\/wp\/v2\/types\/page"}],"author":[{"embeddable":true,"href":"https:\/\/wp.pixerecourt.fr\/legumineuse\/wp-json\/wp\/v2\/users\/207"}],"replies":[{"embeddable":true,"href":"https:\/\/wp.pixerecourt.fr\/legumineuse\/wp-json\/wp\/v2\/comments?post=1785"}],"version-history":[{"count":4,"href":"https:\/\/wp.pixerecourt.fr\/legumineuse\/wp-json\/wp\/v2\/pages\/1785\/revisions"}],"predecessor-version":[{"id":3513,"href":"https:\/\/wp.pixerecourt.fr\/legumineuse\/wp-json\/wp\/v2\/pages\/1785\/revisions\/3513"}],"up":[{"embeddable":true,"href":"https:\/\/wp.pixerecourt.fr\/legumineuse\/wp-json\/wp\/v2\/pages\/322"}],"wp:attachment":[{"href":"https:\/\/wp.pixerecourt.fr\/legumineuse\/wp-json\/wp\/v2\/media?parent=1785"}],"curies":[{"name":"wp","href":"https:\/\/api.w.org\/{rel}","templated":true}]}}