{"id":1553,"date":"2018-05-09T18:00:31","date_gmt":"2018-05-09T16:00:31","guid":{"rendered":"http:\/\/wp.pixerecourt.fr\/legumineuse\/?page_id=1553"},"modified":"2018-05-09T18:00:31","modified_gmt":"2018-05-09T16:00:31","slug":"mentions-legales","status":"publish","type":"page","link":"https:\/\/wp.pixerecourt.fr\/legumineuse\/mentions-legales\/","title":{"rendered":"Mentions l\u00e9gales"},"content":{"rendered":"<div class=\"uk-block tm-block-main uk-block-default\">\n<div class=\"uk-container uk-container-center\">\n<div id=\"tm-middle\" class=\"tm-middle uk-grid\" data-uk-grid-match=\"\" data-uk-grid-margin=\"\">\n<div class=\"tm-main uk-width-medium-1-1 uk-row-first\">\n<article class=\"uk-article\">\n<h2>\u00c9diteur<\/h2>\n<p>Ce site est la propri\u00e9t\u00e9 de l\u2019<strong>EPLEFPA de Meurthe et Moselle<\/strong> (EPLEFPA 54) dont le si\u00e8ge social est situ\u00e9 :<\/p>\n<p>Domaine de pix\u00e9r\u00e9court<br \/>\n54220 MALZEVILLE \u2013 France<\/p>\n<p>\u00c9tablissement Public Local d\u2019Enseignement et de Formation Professionnelle Agricole<\/p>\n<p>T\u00e9l. +33 \/ (0)3 83 18 34 00<br \/>\nFax +33 \/ (0)3 83 18 34 10<\/p>\n<h2>Responsable de la Publication<\/h2>\n<p>Raphael AME, responsable informatique<\/p>\n<h2>H\u00e9bergement<\/h2>\n<p>Ce site est h\u00e9berg\u00e9 par la soci\u00e9t\u00e9 :<\/p>\n<p><strong>OVH<\/strong><br \/>\n2 rue Kellermann<br \/>\n59100 Roubaix \u2013 France<\/p>\n<p>SAS au capital social de 10 059 500 \u20ac<br \/>\nRCS Lille M\u00e9tropole 424 761 419<\/p>\n<p>Web : <strong><a title=\"Visiter le site OVH\" href=\"http:\/\/www.ovh.com\/\" target=\"_blank\" rel=\"noopener\">www.ovh.com<\/a><\/strong><\/p>\n<h2>Condition d\u2019utilisation du site<\/h2>\n<p>Les donn\u00e9es mises en ligne sur le pr\u00e9sent site Internet n\u2019ont pour objectifs que d\u2019informer les visiteurs sur les l\u00e9gumineuses.<\/p>\n<p>L\u2019<strong>EPLEFPA 54<\/strong> se r\u00e9serve le droit exclusif de modifier, restreindre ou supprimer le site ou une partie de son contenu, \u00e0 sa seule discr\u00e9tion et sous quelque forme que ce soit. Ce site est r\u00e9guli\u00e8rement mis \u00e0 jour et contr\u00f4l\u00e9. Toutefois, si des erreurs ou omissions sont susceptibles de s\u2019infiltrer dans nos pages, l\u2019<strong>EPLEFPA 54<\/strong> ne pourra en \u00eatre tenu pour responsable.<\/p>\n<p>Par ailleurs, des liens vers d\u2019autres sites, priv\u00e9s ou officiels, fran\u00e7ais ou \u00e9trangers, peuvent \u00eatre propos\u00e9s dans ce site, ils n\u2019engagent en aucun cas les responsables du site quant \u00e0 leur contenu et ne visent qu\u2019\u00e0 permettre \u00e0 nos visiteurs d\u2019acc\u00e9der plus facilement \u00e0 d\u2019autres ressources documentaires sur le sujet consult\u00e9.<\/p>\n<p>Si vous constatez des erreurs, merci de nous les signaler en nous en nous adressant un message contactant par <strong><a title=\"Contacter l'EPLEFPA 54\" href=\"http:\/\/wp.pixerecourt.fr\/legumineuse\/conctactez-nous\/\">e-mail<\/a><\/strong>.<\/p>\n<p>Tout visiteur estimant que le site porte atteinte \u00e0 ses droits \u00e0 la personnalit\u00e9 (diffamation, droits d\u2019auteur\u2026) s\u2019engage \u00e0 nous en informer pr\u00e9alablement \u00e0 toute proc\u00e9dure judiciaire afin de permettre une cessation spontan\u00e9e de l\u2019atteinte si celle-ci est av\u00e9r\u00e9e.<\/p>\n<p>Parall\u00e8lement, le Responsable de la Publication s\u2019engage \u00e0 retirer toute repr\u00e9sentation d\u2019une \u0153uvre ou d\u2019une marque qui contreviendrait \u00e0 des droits prot\u00e9g\u00e9s au titre de la propri\u00e9t\u00e9 intellectuelle.<\/p>\n<p>Tout visiteur situ\u00e9 \u00e0 l\u2019\u00e9tranger s\u2019engage \u00e0 quitter le site si tout ou partie de son contenu contrevient \u00e0 la l\u00e9gislation de son \u00c9tat, le titulaire du site d\u00e9clinant toute responsabilit\u00e9 en pareille situation.<\/p>\n<h2>Cookies et donn\u00e9es de suivi d\u2019audience<\/h2>\n<h3>Cookies<\/h3>\n<p>L\u2019utilisateur est inform\u00e9 que lors de ses visites sur le site, un cookie peut s\u2019installer automatiquement sur son logiciel de navigation. Un cookie est un \u00e9l\u00e9ment qui ne permet pas d\u2019identifier l\u2019utilisateur mais sert \u00e0 enregistrer des informations relatives \u00e0 la navigation de celui-ci sur le site Internet.<\/p>\n<p>Le param\u00e9trage de votre logiciel de navigation permet d\u2019informer de la pr\u00e9sence de cookies et \u00e9ventuellement de la refuser selon la <strong><a title=\"En savoir plus sur les cookies utilis\u00e9s sur ce site\" href=\"https:\/\/www.pixerecourt.fr\/information-sur-les-cookies\/\">proc\u00e9dure d\u00e9crite ici<\/a><\/strong>.<\/p>\n<p>&nbsp;<\/p>\n<h2>Destination des informations vous concernant et droit d\u2019acc\u00e8s, de rectification et d\u2019opposition<\/h2>\n<p>Les informations qui vous concernent et qui sont collect\u00e9es sur ce site sont trait\u00e9es informatiquement dans le but de mieux traiter vos demandes d\u2019information. Aucune information n\u2019est collect\u00e9e \u00e0 votre insu et vos informations personnelles ne sont pas communiqu\u00e9es \u00e0 des tiers.<\/p>\n<p>Conform\u00e9ment \u00e0 la loi N\u00b0 78-17 du 6 janvier 1978, modifi\u00e9e par la loi du 6 ao\u00fbt 2004, relative \u00e0 l\u2019informatique, aux fichiers et aux libert\u00e9s, vous disposez toujours d\u2019un droit d\u2019acc\u00e8s, de modification, de rectification et de suppression de vos donn\u00e9es personnelles. Votre droit peut \u00eatre exerc\u00e9 en s\u2019adressant au correspondant CNIL de l\u2019<strong>EPLEFPA 54<\/strong> :<\/p>\n<ul>\n<li>par <strong><a title=\"Contacter l'EPLEFPA 54\" href=\"http:\/\/wp.pixerecourt.fr\/legumineuse\/conctactez-nous\/\">e-mail<\/a><\/strong><\/li>\n<li>ou par courrier \u00e0 l\u2019adresse <strong>EPLEFPA 54<\/strong> \u2013 Correspondant CNIL \u2013 Domaine de pix\u00e9r\u00e9court \u2013 54220 MALZEVILLE \u2013 France<\/li>\n<\/ul>\n<p>en nous pr\u00e9cisant vos nom, pr\u00e9nom et adresse e-mail.<\/p>\n<h2>Protection du droit d\u2019auteur et l\u00e9gislation applicable<\/h2>\n<p>L\u2019ensemble de ce site rel\u00e8ve de la l\u00e9gislation fran\u00e7aise, sur le droit d\u2019auteur et la propri\u00e9t\u00e9 intellectuelle. Seule la loi fran\u00e7aise est applicable.<\/p>\n<p>Tous les droits de reproduction sont r\u00e9serv\u00e9s y compris pour les textes, les documents t\u00e9l\u00e9chargeables et les repr\u00e9sentations iconographiques et photographiques.<\/p>\n<p>Par cons\u00e9quent, toute repr\u00e9sentation totale ou partielle de ce site par quelque proc\u00e9d\u00e9 que se soit, sans l\u2019autorisation expresse de l\u2019<strong>EPLEFPA 54<\/strong> est interdite et constituerait une contrefa\u00e7on sanctionn\u00e9e par le Code de la Propri\u00e9t\u00e9 Intellectuelle.<\/p>\n<p>En cas de litige, le Tribunal Administratif de Nancy (54, France) est seul comp\u00e9tent, y compris en cas de recours en garantie ou de pluralit\u00e9 de d\u00e9fendeurs.<\/p>\n<h2>Cr\u00e9dits photos<\/h2>\n<ul>\n<li>EPLEFPA 54<\/li>\n<\/ul>\n<h2>Conception &amp; r\u00e9alisation du site<\/h2>\n<p>La conception et la r\u00e9alisation du site ont \u00e9t\u00e9 assur\u00e9es par la soci\u00e9t\u00e9 :<\/p>\n<p><strong>Avance<\/strong><br \/>\n15 quai F\u00e9lix Mar\u00e9chal<br \/>\n57000 Metz \u2013 France<\/p>\n<p>T\u00e9l. : +33 \/ (0)3 87 75 67 47<br \/>\nWeb : <strong><a title=\"Visiter le site Avance\" href=\"http:\/\/www.avance.fr\/\" target=\"_blank\" rel=\"noopener\">www.avance.fr<\/a><\/strong><\/p>\n<\/article>\n<\/div>\n<\/div>\n<\/div>\n<\/div>\n","protected":false},"excerpt":{"rendered":"<p>\u00c9diteur Ce site est la propri\u00e9t\u00e9 de l\u2019EPLEFPA de Meurthe et Moselle (EPLEFPA 54) dont le si\u00e8ge social est situ\u00e9 : Domaine de pix\u00e9r\u00e9court 54220 MALZEVILLE \u2013 France \u00c9tablissement Public Local d\u2019Enseignement et de Formation Professionnelle Agricole T\u00e9l. +33 \/ (0)3 83 18 34 00 Fax +33 \/ (0)3 83 18 34 10 Responsable de [&hellip;]<\/p>\n","protected":false},"author":1,"featured_media":0,"parent":0,"menu_order":0,"comment_status":"closed","ping_status":"closed","template":"","meta":{"ngg_post_thumbnail":0,"footnotes":""},"class_list":["post-1553","page","type-page","status-publish","hentry"],"_links":{"self":[{"href":"https:\/\/wp.pixerecourt.fr\/legumineuse\/wp-json\/wp\/v2\/pages\/1553","targetHints":{"allow":["GET"]}}],"collection":[{"href":"https:\/\/wp.pixerecourt.fr\/legumineuse\/wp-json\/wp\/v2\/pages"}],"about":[{"href":"https:\/\/wp.pixerecourt.fr\/legumineuse\/wp-json\/wp\/v2\/types\/page"}],"author":[{"embeddable":true,"href":"https:\/\/wp.pixerecourt.fr\/legumineuse\/wp-json\/wp\/v2\/users\/1"}],"replies":[{"embeddable":true,"href":"https:\/\/wp.pixerecourt.fr\/legumineuse\/wp-json\/wp\/v2\/comments?post=1553"}],"version-history":[{"count":0,"href":"https:\/\/wp.pixerecourt.fr\/legumineuse\/wp-json\/wp\/v2\/pages\/1553\/revisions"}],"wp:attachment":[{"href":"https:\/\/wp.pixerecourt.fr\/legumineuse\/wp-json\/wp\/v2\/media?parent=1553"}],"curies":[{"name":"wp","href":"https:\/\/api.w.org\/{rel}","templated":true}]}}