{"id":1092,"date":"2018-04-24T10:05:59","date_gmt":"2018-04-24T08:05:59","guid":{"rendered":"http:\/\/wp.pixerecourt.fr\/legumineuse\/?page_id=1092"},"modified":"2020-11-24T16:18:08","modified_gmt":"2020-11-24T15:18:08","slug":"test","status":"publish","type":"page","link":"https:\/\/wp.pixerecourt.fr\/legumineuse\/les-legumineuses\/les-legumineuses-lorraines\/test\/","title":{"rendered":"Pois chiche"},"content":{"rendered":"<div class=\"fl_div_entete\">\n<div class=\"fl_div_entete_gauche\"><img loading=\"lazy\" decoding=\"async\" class=\"aligncenter size-full wp-image-1684\" src=\"http:\/\/wp.pixerecourt.fr\/legumineuse\/wp-content\/uploads\/sites\/57\/2018\/05\/pois-chiche-tas.jpg\" alt=\"\" width=\"274\" height=\"184\"><\/div>\n<div class=\"fl_div_entete_milieu\">\n<p>&nbsp;<\/p>\n<h3><i>(Cicer arietinum)<\/i><\/h3>\n<p>&nbsp;<\/p>\n<\/div>\n<div class=\"fl_div_entete_droite\"><img loading=\"lazy\" decoding=\"async\" class=\"aligncenter size-full wp-image-1683\" src=\"http:\/\/wp.pixerecourt.fr\/legumineuse\/wp-content\/uploads\/sites\/57\/2018\/05\/pois-chiche-plante.jpg\" alt=\"\" width=\"208\" height=\"242\"><\/div>\n<\/div>\n<div class=\"fl_h2\"><i>Le pois chiche en quelques chiffres <span style=\"font-size: 8pt\">(1,2)<\/span><\/i><\/div>\n<div class=\"fl_contenu_haut\">\n<div class=\"fl_contenu_gauche\">\n<div class=\"fl_contenu\">\n<div class=\"fl_h3\">Dans le monde<\/div>\n<p>Production : 9 millions de tonnes<br>Pays producteurs : Inde (66%), Australie (18%)<br>D\u00e9bouch\u00e9s principaux : Alimentation humaine<br>Pays consommateurs : Inde, Egypte<\/p>\n<\/div>\n<div class=\"fl_contenu\">\n<div class=\"fl_h3\">En France<\/div>\n<p>Surface d\u00e9di\u00e9e : 86 000 ha en 2018<br>D\u00e9bouch\u00e9s principaux : Alimentation humaine (conserve, graine, farine)<br>Principales r\u00e9gions productrices: Midi-Pyr\u00e9n\u00e9es, Languedoc-Roussillon<\/p>\n<\/div>\n<\/div>\n<div class=\"fl_contenu_droite\">\n<div class=\"fl_contenu\">\n<div class=\"fl_h3\">En Lorraine<\/div>\n<p>Surface d\u00e9di\u00e9e : non-connue<br>Premi\u00e8re ann\u00e9e de culture pour le GAEC des Terres Froides<\/p>\n<\/div>\n<figure id=\"attachment_3523\" aria-describedby=\"caption-attachment-3523\" style=\"width: 194px\" class=\"wp-caption aligncenter\"><img loading=\"lazy\" decoding=\"async\" class=\"size-medium wp-image-3523\" src=\"http:\/\/wp.pixerecourt.fr\/legumineuse\/wp-content\/uploads\/sites\/57\/2020\/11\/Capture-d\u2019e\u0301cran-2020-11-24-a\u0300-16.12.56-194x300.png\" alt=\"\" width=\"194\" height=\"300\" srcset=\"https:\/\/wp.pixerecourt.fr\/legumineuse\/wp-content\/uploads\/sites\/57\/2020\/11\/Capture-d\u2019e\u0301cran-2020-11-24-a\u0300-16.12.56-194x300.png 194w, https:\/\/wp.pixerecourt.fr\/legumineuse\/wp-content\/uploads\/sites\/57\/2020\/11\/Capture-d\u2019e\u0301cran-2020-11-24-a\u0300-16.12.56-497x768.png 497w, https:\/\/wp.pixerecourt.fr\/legumineuse\/wp-content\/uploads\/sites\/57\/2020\/11\/Capture-d\u2019e\u0301cran-2020-11-24-a\u0300-16.12.56-388x600.png 388w, https:\/\/wp.pixerecourt.fr\/legumineuse\/wp-content\/uploads\/sites\/57\/2020\/11\/Capture-d\u2019e\u0301cran-2020-11-24-a\u0300-16.12.56.png 622w\" sizes=\"auto, (max-width: 194px) 100vw, 194px\" \/><figcaption id=\"caption-attachment-3523\" class=\"wp-caption-text\">Culture du pois chiche en France en 2018 (5)<\/figcaption><\/figure>\n<\/div>\n<\/div>\n<div class=\"fl_h2\"><i>Caract\u00e9ristiques agronomiques<\/i><\/div>\n<div class=\"fl_contenu\">\n<div class=\"fl_contenu_haut\">\n<div class=\"fl_contenu_gauche\">\n<div>\n<div class=\"fl_h3\">Les atouts du pois chiches<\/div>\n<p>Fixe l\u2019azote de l\u2019air<br>Rompt le cycle des adventices<br>Bon pr\u00e9c\u00e9dent pour la culture du bl\u00e9 dur<br>Produit naturellement de l\u2019acide malique qui repousse la plupart des insectes<br>Teneur int\u00e9ressante en prot\u00e9ines (3)<\/p>\n<\/div>\n<\/div>\n<div class=\"fl_contenu_droite\">\n<div>\n<div class=\"fl_h3\">Recommandations<\/div>\n<p>Vari\u00e9t\u00e9s : 6 vari\u00e9t\u00e9s inscrites au catalogue fran\u00e7ais<br>Type de sol : sol sec profond (plut\u00f4t en zone m\u00e9diterran\u00e9enne)<br>Semis: novembre ou f\u00e9vrier<br>Traitements : le principal parasite du pois chiches en France est l\u2019ascochytose<\/p>\n<\/div>\n<\/div>\n<\/div>\n<\/div>\n<div class=\"fl_h2\"><i>Caract\u00e9ristiques nutritionnelles et effets sur la sant\u00e9 (3)<\/i><\/div>\n<div class=\"fl_contenu\">\n<div class=\"fl_contenu_haut\">\n<div class=\"fl_contenu_gauche\">\n<div>Teneur en prot\u00e9ines \u00e9quivalente \u00e0 celle du pois (17-25%)<br>Plus riche en amidon (20%) et en mati\u00e8res grasses (5-6%) que le pois<br>Amidon r\u00e9sistant \u00e0 la digestion, favorable au d\u00e9veloppement du microbiote intestinal<\/div>\n<\/div>\n<div class=\"fl_contenu_droite\">\n<table style=\"width: 58%;border-color: #b2698f\" border=\"1\">\n<tbody>\n<tr>\n<td style=\"width: 97.619%;text-align: center;background-color: #f2d1c7\" colspan=\"2\">Pour 100g de pois chiche cuits<\/td>\n<\/tr>\n<tr>\n<td style=\"width: 61.0119%;background-color: #f2d1c7\">Energie (kcal)<\/td>\n<td style=\"width: 36.6071%\">139<\/td>\n<\/tr>\n<tr>\n<td style=\"width: 61.0119%;background-color: #f2d1c7\">Prot\u00e9ines (g)<\/td>\n<td style=\"width: 36.6071%\">8.86<\/td>\n<\/tr>\n<tr>\n<td style=\"width: 61.0119%;background-color: #f2d1c7\">Lipides (g)<\/td>\n<td style=\"width: 36.6071%\">1.09<\/td>\n<\/tr>\n<tr>\n<td style=\"width: 61.0119%;background-color: #f2d1c7\">Glucides (g)<\/td>\n<td style=\"width: 36.6071%\">21.1<\/td>\n<\/tr>\n<tr>\n<td style=\"width: 61.0119%;background-color: #f2d1c7\">Fibres (g)<\/td>\n<td style=\"width: 36.6071%\">4.8<\/td>\n<\/tr>\n<tr>\n<td style=\"width: 61.0119%;background-color: #f2d1c7\">S\u00e9l\u00e9nium (\u00b5g)<\/td>\n<td style=\"width: 36.6071%\">45.4<\/td>\n<\/tr>\n<tr>\n<td style=\"width: 61.0119%;background-color: #f2d1c7\">Mangan\u00e8se (mg)<\/td>\n<td style=\"width: 36.6071%\">0.678<\/td>\n<\/tr>\n<tr>\n<td style=\"width: 61.0119%;background-color: #f2d1c7\">Cuivre (mg)<\/td>\n<td style=\"width: 36.6071%\">0.234<\/td>\n<\/tr>\n<\/tbody>\n<\/table>\n<\/div>\n<\/div>\n<\/div>\n<div class=\"fl_h2\"><i>Utilisations du pois chiche en alimentation humaine <\/i><\/div>\n<div class=\"fl_contenu\">\n<div class=\"fl_contenu_haut\">\n<div class=\"fl_contenu_gauche\">\n<div>\n<div class=\"fl_h3\">Produits d&rsquo; aujourd\u2019hui<\/div>\n<p>Houmous, falafel, couscous\u2026<\/p>\n<\/div>\n<\/div>\n<div class=\"fl_contenu_droite\">\n<div>\n<div class=\"fl_h3\">Produits de demain<\/div>\n<p>P\u00e2tisserie, aquafaba , biscuiterie, steak v\u00e9g\u00e9tal\u2026<\/p>\n<\/div>\n<\/div>\n<\/div>\n<\/div>\n<div class=\"fl_sources\">Sources :<br>(1) <a href=\"https:\/\/solagro.org\/images\/imagesCK\/files\/publications\/f12_diagnosticlegumineusesalim.pdf\">https:\/\/solagro.org\/images\/imagesCK\/files\/publications\/f12_diagnosticlegumineusesalim.pdf<\/a><br>(2) <a href=\"http:\/\/www.terresunivia.fr\/cultures-utilisation\/les-especes-cultivees\/pois-chiche\">http:\/\/www.terresunivia.fr\/cultures-utilisation\/les-especes-cultivees\/pois-chiche<\/a><br>(3) <a href=\"https:\/\/ciqual.anses.fr\/#\/aliments\/20534\/lupin-graine-crue\">https:\/\/ciqual.anses.fr\/#\/aliments\/20534\/lupin-graine-crue<\/a><br>(4) <a href=\"http:\/\/www.bio-provence.org\/IMG\/pdf\/bio_de_paca_pois_chiche.pdf\">http:\/\/www.bio-provence.org\/IMG\/pdf\/bio_de_paca_pois_chiche.pdf<\/a><\/div>\n<div class=\"fl_sources\">(5)La culture de Pois chiche en France: <a href=\"http:\/\/www.terresunivia.fr\/cultures-utilisation\/les-especes-cultivees\/pois-chiche\">Terres Univia<\/a> (consult\u00e9 le 24 Novembre 2020)<\/div>\n\n","protected":false},"excerpt":{"rendered":"<p>&nbsp; (Cicer arietinum) &nbsp; Le pois chiche en quelques chiffres (1,2) Dans le monde Production : 9 millions de tonnesPays producteurs : Inde (66%), Australie (18%)D\u00e9bouch\u00e9s principaux : Alimentation humainePays consommateurs : Inde, Egypte En France Surface d\u00e9di\u00e9e : 86 000 ha en 2018D\u00e9bouch\u00e9s principaux : Alimentation humaine (conserve, graine, farine)Principales r\u00e9gions productrices: Midi-Pyr\u00e9n\u00e9es, Languedoc-Roussillon [&hellip;]<\/p>\n","protected":false},"author":1,"featured_media":0,"parent":322,"menu_order":4,"comment_status":"closed","ping_status":"closed","template":"page_fullwidth.php","meta":{"ngg_post_thumbnail":0,"footnotes":""},"class_list":["post-1092","page","type-page","status-publish","hentry"],"_links":{"self":[{"href":"https:\/\/wp.pixerecourt.fr\/legumineuse\/wp-json\/wp\/v2\/pages\/1092","targetHints":{"allow":["GET"]}}],"collection":[{"href":"https:\/\/wp.pixerecourt.fr\/legumineuse\/wp-json\/wp\/v2\/pages"}],"about":[{"href":"https:\/\/wp.pixerecourt.fr\/legumineuse\/wp-json\/wp\/v2\/types\/page"}],"author":[{"embeddable":true,"href":"https:\/\/wp.pixerecourt.fr\/legumineuse\/wp-json\/wp\/v2\/users\/1"}],"replies":[{"embeddable":true,"href":"https:\/\/wp.pixerecourt.fr\/legumineuse\/wp-json\/wp\/v2\/comments?post=1092"}],"version-history":[{"count":3,"href":"https:\/\/wp.pixerecourt.fr\/legumineuse\/wp-json\/wp\/v2\/pages\/1092\/revisions"}],"predecessor-version":[{"id":3524,"href":"https:\/\/wp.pixerecourt.fr\/legumineuse\/wp-json\/wp\/v2\/pages\/1092\/revisions\/3524"}],"up":[{"embeddable":true,"href":"https:\/\/wp.pixerecourt.fr\/legumineuse\/wp-json\/wp\/v2\/pages\/322"}],"wp:attachment":[{"href":"https:\/\/wp.pixerecourt.fr\/legumineuse\/wp-json\/wp\/v2\/media?parent=1092"}],"curies":[{"name":"wp","href":"https:\/\/api.w.org\/{rel}","templated":true}]}}