{"id":881,"date":"2015-09-06T15:39:58","date_gmt":"2015-09-06T15:39:58","guid":{"rendered":"http:\/\/wp.pixerecourt.fr\/procedure-epl\/?page_id=276"},"modified":"2023-09-04T14:03:05","modified_gmt":"2023-09-04T14:03:05","slug":"espaces-numeriques-de-travail","status":"publish","type":"page","link":"https:\/\/wp.pixerecourt.fr\/?page_id=881","title":{"rendered":"Espaces num\u00e9riques de travail"},"content":{"rendered":"<p>L'espace num\u00e9rique de travail d\u00e9signe les outils accessibles sur internet, accessibles aux enseignants, \u00e9l\u00e8ves, parents d'\u00e9l\u00e8ves, personnel de surveillance et direction.<\/p>\n<p>A Pix\u00e9r\u00e9court, on utilise 2 espaces num\u00e9riques de travail:<\/p>\n<ul>\n<li>\u00ab laviescolaire.fr \u00bb: on y saisi les notes, les absences et les emplois du temps afin de les communiquer aux \u00e9l\u00e8ves et aux familles.<\/li>\n<li>\u00ab MonBureauNum\u00e9rique \u00bb. C'est un espace de communication dans lequel on y trouve (entre autre):\n<ul>\n<li>Une messagerie<\/li>\n<li>Le cahier de texte qui est rempli par les enseignants<\/li>\n<li>Les espaces classes qui contiennent des documents partag\u00e9s<\/li>\n<li>L'acc\u00e8s aux ressources num\u00e9riques du lyc\u00e9e 4.0<\/li>\n<li>Un espace de cours en ligne g\u00e9r\u00e9 par vos enseignant: MOODLE<\/li>\n<\/ul>\n<\/li>\n<\/ul>\n<a class=\"mwm-aal-item\" name=\"pronotenet\"><\/a><h2><a name=\"__RefHeading__438_700839713\"><\/a>PRONOTE.NET<\/h2>\n<p>Cette plate forme en ligne est accessible \u00e0 l'adresse :<\/p>\n<div class=\"encadre\"><a href=\"https:\/\/pixerecourt.la-vie-scolaire.fr\/\">https:\/\/pixerecourt.la-vie-scolaire.fr<\/a><\/div>\n<a class=\"mwm-aal-item\" name=\"la-consultation-de-lemploi-du-temps-\"><\/a><h3><a name=\"__RefHeading__440_700839713\"><\/a>La consultation de l'emploi du temps :<\/h3>\n<p>La consultation peut se faire par classe, par el\u00e8ves etc...<\/p>\n<figure id=\"attachment_101\" aria-describedby=\"caption-attachment-101\" style=\"width: 527px\" class=\"wp-caption aligncenter\"><a href=\"http:\/\/wp.pixerecourt.fr\/wp-content\/uploads\/2016\/08\/EmploidutempsVS.png\"><img loading=\"lazy\" decoding=\"async\" class=\"wp-image-101 \" src=\"http:\/\/wp.pixerecourt.fr\/wp-content\/uploads\/2016\/08\/EmploidutempsVS.png\" alt=\"Consultation de l'emploi du temps sur l'outil de vie scolaire\" width=\"527\" height=\"428\"><\/a><figcaption id=\"caption-attachment-101\" class=\"wp-caption-text\">Consultation de l'emploi du temps sur l'outil de vie scolaire<\/figcaption><\/figure>\n<p>&nbsp;<\/p>\n<a class=\"mwm-aal-item\" name=\"la-consultation-des-notes-et-apprciations\"><\/a><h3><a name=\"__RefHeading__450_700839713\"><\/a>La consultation des notes et appr\u00e9ciations<\/h3>\n<p>Tout au long de l'ann\u00e9e scolaire les enseignants saisissent les notes des \u00e9l\u00e8ves. Les notes sont consultables \u00e0 partir de l'onglet \"Notes\"<\/p>\n<a class=\"mwm-aal-item\" name=\"mon-bureau-numrique\"><\/a><h2><a name=\"__RefHeading__452_700839713\"><\/a>Mon bureau num\u00e9rique<\/h2>\n<p>L'environnement place du lyc\u00e9e, est accessible \u00e0 l'adresse : <a href=\"https:\/\/www.monbureaunumerique.fr\/\">https:\/\/www.monbureaunumerique.fr\/<\/a><\/p>\n<p>Il permet :<\/p>\n<a class=\"mwm-aal-item\" name=\"la-consultation-du-cahier-de-texte-menus-vie-scolaire-\"><\/a><h3>La consultation du cahier de texte : (menus \u00ab Vie Scolaire \u00bb)<\/h3>\n<p>Celui-ci est rempli par les enseignants apr\u00e8s chaque s\u00e9ance de cours.<\/p>\n<div class=\"encadre\">Il permet d\u2019acc\u00e9der aux contenus des cours, mais aussi aux devoirs que laissent les enseignants<\/div>\n<a class=\"mwm-aal-item\" name=\"lutilisation-dune-messagerie-menu-communication-\"><\/a><h3>L'utilisation d'une messagerie (menu \u00ab Communication \u00bb)<\/h3>\n<p>Tous les utilisateurs de place du lyc\u00e9e dispose d'une adresse de messagerie. Celle ci peut s'av\u00e9rer pratique pour communiquer avec les enseignants ou d'autres \u00e9l\u00e8ves.<\/p>\n<p>Attention! Les enseignants utilisent habituellement une autre messagerie (nomm\u00e9e \"Firstclass\"). Aussi, l'utilisation de la messagerie de place du lyc\u00e9e pour communiquer avec un enseignant doit \u00eatre convenue avec celui-ci au pr\u00e9alable pour s'assurer qu'il la consulte!<\/p>\n<a class=\"mwm-aal-item\" name=\"laccs-des-documents-laisss-par-les-professeurs-menu-espace-des-classes\"><\/a><h3>L'acc\u00e8s \u00e0 des documents laiss\u00e9s par les professeurs ( Menu \u00ab ESPACE DES CLASSES\u00bb)<\/h3>\n<p>La fonctionnalit\u00e9 des groupes de travail permet de partager des contenus et d'utiliser des forums dans des espaces privatifs. L'utilisation des groupes de travail vous sera pr\u00e9sent\u00e9e lors de cours d'informatique.<\/p>\n<a class=\"mwm-aal-item\" name=\"laccs-aux-ressources-numriques-du-lyce\"><\/a><h3>L'acc\u00e8s aux ressources num\u00e9riques du lyc\u00e9e<\/h3>\n<a class=\"mwm-aal-item\" name=\"-menu-ressources\"><\/a><h3>( Menu \u00ab RESSOURCES\u00bb)<\/h3>\n<p>Dans le cadre du lyc\u00e9e 4.0, entre autre, votre \u00e9tablissement est abonn\u00e9 \u00e0 des ressources \u00e9ducative en ligne et ce menu vous permet d'y acc\u00e8der.<\/p>\n<p>Certaines ressources sont directement accessible, tandis que d'autres sont r\u00e9server \u00e0 certaine classes . C'est le cas pour les \"livres num\u00e9riques\" du lyc\u00e9e 4.0<\/p>\n<p>Cet environnement comporte beaucoup d'autres fonctionnalit\u00e9s qui permettent d'am\u00e9liorer la communication dans l'\u00e9tablissement. Ces fonctionnalit\u00e9s ne sont pas d\u00e9crites ici mais pourront vous \u00eatre pr\u00e9sent\u00e9es en cours d'ann\u00e9e.<\/p>\n<a class=\"mwm-aal-item\" name=\"accs-aux-espaces-numriques-de-travail\"><\/a><h2><a name=\"__RefHeading__454_700839713\"><\/a>Acc\u00e8s aux espaces num\u00e9riques de travail<\/h2>\n<a class=\"mwm-aal-item\" name=\"identifiant-et-mot-de-passe\"><\/a><h3><a name=\"__RefHeading__456_700839713\"><\/a>Identifiant et mot de passe<\/h3>\n<p>Pour acc\u00e9der \u00e0 ces outils, il est n\u00e9cessaire d'avoir des identifiants (nom d'utilisateur et mot de passe) qui vous est normalement communiqu\u00e9 par l'\u00e9quipe informatique en d\u00e9but d'ann\u00e9e.<\/p>\n<div id=\"Cadre2\" dir=\"LTR\">\n<div class=\"mceTemp\">&nbsp;<\/div>\n<\/div>\n<div class=\"encadre\">&nbsp;<\/div>\n","protected":false},"excerpt":{"rendered":"<p>L&rsquo;espace num\u00e9rique de travail d\u00e9signe les outils accessibles sur internet, accessibles aux enseignants, \u00e9l\u00e8ves, parents d&rsquo;\u00e9l\u00e8ves, personnel de surveillance et direction. A Pix\u00e9r\u00e9court, on utilise 2 espaces num\u00e9riques de travail: \u00ab laviescolaire.fr \u00bb: on y saisi les notes, les absences et les emplois du temps afin de les communiquer aux \u00e9l\u00e8ves et aux familles. \u00ab [&hellip;]<\/p>\n","protected":false},"author":1,"featured_media":0,"parent":138,"menu_order":0,"comment_status":"closed","ping_status":"open","template":"","meta":{"ngg_post_thumbnail":0,"footnotes":""},"class_list":["post-881","page","type-page","status-publish","hentry"],"_links":{"self":[{"href":"https:\/\/wp.pixerecourt.fr\/index.php?rest_route=\/wp\/v2\/pages\/881","targetHints":{"allow":["GET"]}}],"collection":[{"href":"https:\/\/wp.pixerecourt.fr\/index.php?rest_route=\/wp\/v2\/pages"}],"about":[{"href":"https:\/\/wp.pixerecourt.fr\/index.php?rest_route=\/wp\/v2\/types\/page"}],"author":[{"embeddable":true,"href":"https:\/\/wp.pixerecourt.fr\/index.php?rest_route=\/wp\/v2\/users\/1"}],"replies":[{"embeddable":true,"href":"https:\/\/wp.pixerecourt.fr\/index.php?rest_route=%2Fwp%2Fv2%2Fcomments&post=881"}],"version-history":[{"count":5,"href":"https:\/\/wp.pixerecourt.fr\/index.php?rest_route=\/wp\/v2\/pages\/881\/revisions"}],"predecessor-version":[{"id":2591,"href":"https:\/\/wp.pixerecourt.fr\/index.php?rest_route=\/wp\/v2\/pages\/881\/revisions\/2591"}],"up":[{"embeddable":true,"href":"https:\/\/wp.pixerecourt.fr\/index.php?rest_route=\/wp\/v2\/pages\/138"}],"wp:attachment":[{"href":"https:\/\/wp.pixerecourt.fr\/index.php?rest_route=%2Fwp%2Fv2%2Fmedia&parent=881"}],"curies":[{"name":"wp","href":"https:\/\/api.w.org\/{rel}","templated":true}]}}