{"id":870,"date":"2015-09-06T13:53:48","date_gmt":"2015-09-06T13:53:48","guid":{"rendered":"http:\/\/wp.pixerecourt.fr\/procedure-epl\/?page_id=206"},"modified":"2017-08-30T09:53:19","modified_gmt":"2017-08-30T09:53:19","slug":"ordinateur-du-lycee","status":"publish","type":"page","link":"https:\/\/wp.pixerecourt.fr\/?page_id=870","title":{"rendered":"Ordinateurs du lyc\u00e9e"},"content":{"rendered":"<a class=\"mwm-aal-item\" name=\"salles-informatiques\"><\/a><h2>Salles informatiques<\/h2>\n<p>Au sein du lyc\u00e9e,on dispose de 5 salles informatiques :<\/p>\n<a class=\"mwm-aal-item\" name=\"salle-de-cours\"><\/a><h3><a name=\"__RefHeading__1364_1677149727\"><\/a>Salle de cours<\/h3>\n<div class=\"encadre\">Ces salles sont utilis\u00e9es pour les cours, Les \u00e9l\u00e8ves qui l'utilisent doivent \u00eatre accompagn\u00e9s d'un enseignant.<\/div>\n<p>Les postes sont \u00e9galement \u00e9quip\u00e9s des suites bureautiques Libreoffice et Office (version 2003), connect\u00e9s \u00e0 internet et \u00e0 l'imprimante. Une liste des logiciels qui y sont install\u00e9s est disponible <a href=\"http:\/\/wp.pixerecourt.fr\/wp-content\/uploads\/2016\/08\/Logiciels-install\u00e9s-2.pdf\">ici<\/a>.<\/p>\n<ul>\n<li>\nSalle informatique N\u00b01 : 15 postes \u00e9l\u00e8ves et un poste ma\u00eetre (reli\u00e9 au vid\u00e9oprojecteur).<\/p>\n<li>Salle informatique N\u00b02 : 15 postes \u00e9l\u00e8ves et un poste ma\u00eetre (reli\u00e9 au vid\u00e9oprojecteur). Le fonctionnement est identique \u00e0 la salle 1. Cette salle est accessible depuis le CDI<\/li>\n<li>\nSalle \"Exao\": 12 postes \u00e9l\u00e8ves. Cette salle est utilis\u00e9e dans le cadre des travaux pratiques de sciences.\n<\/li>\n<\/ul>\n<a class=\"mwm-aal-item\" name=\"salle-daccs-libre-\"><\/a><h3><a name=\"__RefHeading__1366_1677149727\"><\/a>Salle d'acc\u00e8s \u00ab libre \u00bb<\/h3>\n<p>Ces salles sont utilis\u00e9s pour des travaux en autonomie. Elles sont accessibles aux heures d'ouverture du CDI. Les postes sont \u00e9galement \u00e9quip\u00e9s des suites bureautiques Libreoffice et Office (version 2003), connect\u00e9s \u00e0 internet et \u00e0 l'imprimante.<\/p>\n<ul>\n<li>Salle e-lorraine : 8 postes y sont op\u00e9rationnels.<\/li>\n<li>Salle de consultation : 6 postes sont op\u00e9rationnels, ils sont r\u00e9partis dans la salle principal du CDI<\/li>\n<li>En compl\u00e9ment, des prises r\u00e9seaux sont mises \u00e0 votre disposition pour connecter votre ordinateur personnel au r\u00e9seau \"Nomade\"<\/li>\n<\/ul>\n<a class=\"mwm-aal-item\" name=\"quipement-des-salles-de-cours\"><\/a><h2>\u00c9quipement des salles de cours<\/h2>\n<p>Les salles de cours conventionnelles sont toutes \u00e9quip\u00e9es d'un ordinateur (sur le bureau) reli\u00e9 \u00e0 un vid\u00e9oprojecteur.<\/p>\n<a class=\"mwm-aal-item\" name=\"ordinateur\"><\/a><h3>Ordinateur<\/h3>\n<h4><a name=\"__RefHeading__418_700839713\"><\/a>Acc\u00e8s internet<\/h4>\n<p>Ces ordinateurs sont reli\u00e9s au r\u00e9seau \"nomade\".<\/p>\n<h4><a name=\"__RefHeading__420_700839713\"><\/a>Suite bureautique<\/h4>\n<p>Pour permettre la diffusion de document, un lecteur de PDF ainsi que la suite bureautique gratuite LibreOffice est install\u00e9e. Elle permet de diffuser les documents compos\u00e9s \u00e0 l'aide de cette suite bureautique, mais aussi assure une compatibilit\u00e9 partielle avec les documents con\u00e7us avec Microsoft OFFICE (Word, Powerpoint ..etc)<\/p>\n<p>Pour que la diffusion du diaporama ne pr\u00e9sente pas de diff\u00e9rence par rapport au document initialement con\u00e7u, il est vivement conseill\u00e9 de :<\/p>\n<ul>\n<li>concevoir le document avec la suite gratuite LibreOffice, t\u00e9l\u00e9chargeable gratuitement sans virus sur le site officiel : <a href=\"https:\/\/fr.libreoffice.org\/\">https:\/\/fr.<\/a><a href=\"https:\/\/fr.libreoffice.org\/\">libreoffice<\/a><\/li>\n<li>utiliser des polices d'\u00e9criture conventionnelles<\/li>\n<\/ul>\n<a class=\"mwm-aal-item\" name=\"vidoprojecteur\"><\/a><h3>Vid\u00e9oProjecteur<\/h3>\n<p>Le vid\u00e9oprojecteur pr\u00e9sent dans les salles de cours est connect\u00e9 \u00e0 l'ordinateur.<\/p>\n<div class=\"encadre\">Afin de limiter les connexions-d\u00e9connexion, endommageant \u00e0 terme les c\u00e2bles et l'installation, il est formellement interdit de manipuler la connectique de l'installation, m\u00eame pour connecter un autre ordinateur.<\/div>\n","protected":false},"excerpt":{"rendered":"<p>Salles informatiques Au sein du lyc\u00e9e,on dispose de 5 salles informatiques : Salle de cours Ces salles sont utilis\u00e9es pour les cours, Les \u00e9l\u00e8ves qui l&rsquo;utilisent doivent \u00eatre accompagn\u00e9s d&rsquo;un enseignant. Les postes sont \u00e9galement \u00e9quip\u00e9s des suites bureautiques Libreoffice et Office (version 2003), connect\u00e9s \u00e0 internet et \u00e0 l&rsquo;imprimante. Une liste des logiciels qui [&hellip;]<\/p>\n","protected":false},"author":1,"featured_media":0,"parent":138,"menu_order":0,"comment_status":"closed","ping_status":"closed","template":"","meta":{"ngg_post_thumbnail":0,"footnotes":""},"class_list":["post-870","page","type-page","status-publish","hentry"],"_links":{"self":[{"href":"https:\/\/wp.pixerecourt.fr\/index.php?rest_route=\/wp\/v2\/pages\/870","targetHints":{"allow":["GET"]}}],"collection":[{"href":"https:\/\/wp.pixerecourt.fr\/index.php?rest_route=\/wp\/v2\/pages"}],"about":[{"href":"https:\/\/wp.pixerecourt.fr\/index.php?rest_route=\/wp\/v2\/types\/page"}],"author":[{"embeddable":true,"href":"https:\/\/wp.pixerecourt.fr\/index.php?rest_route=\/wp\/v2\/users\/1"}],"replies":[{"embeddable":true,"href":"https:\/\/wp.pixerecourt.fr\/index.php?rest_route=%2Fwp%2Fv2%2Fcomments&post=870"}],"version-history":[{"count":0,"href":"https:\/\/wp.pixerecourt.fr\/index.php?rest_route=\/wp\/v2\/pages\/870\/revisions"}],"up":[{"embeddable":true,"href":"https:\/\/wp.pixerecourt.fr\/index.php?rest_route=\/wp\/v2\/pages\/138"}],"wp:attachment":[{"href":"https:\/\/wp.pixerecourt.fr\/index.php?rest_route=%2Fwp%2Fv2%2Fmedia&parent=870"}],"curies":[{"name":"wp","href":"https:\/\/api.w.org\/{rel}","templated":true}]}}