{"id":2459,"date":"2022-09-06T13:33:19","date_gmt":"2022-09-06T13:33:19","guid":{"rendered":"http:\/\/wp.pixerecourt.fr\/?page_id=2459"},"modified":"2022-09-08T13:18:22","modified_gmt":"2022-09-08T13:18:22","slug":"reseau-wifi","status":"publish","type":"page","link":"https:\/\/wp.pixerecourt.fr\/?page_id=2459","title":{"rendered":"R\u00e9seau wifi"},"content":{"rendered":"\n<p>Pour b\u00e9n\u00e9ficier de l'acc\u00e8s wifi \u00c9tablissement, vous devez \"enr\u00f4ler\" votre ordinateur.<\/p>\n<p>La proc\u00e9dure est ici:<\/p>\n<p><a href=\"http:\/\/wp.pixerecourt.fr\/wp-content\/uploads\/2022\/09\/tuto-enrolement-clearpass-1.pdf\">http:\/\/wp.pixerecourt.fr\/wp-content\/uploads\/2022\/09\/tuto-enrolement-clearpass-1.pdf<\/a><\/p>\n<p>Pour les smartphones sous android, une proc\u00e9dure est ici: (merci au lyc\u00e9e Georges Bri\u00e8re, de Reims) :<\/p>\n<p><a href=\"http:\/\/wp.pixerecourt.fr\/wp-content\/uploads\/2022\/09\/tuto-enrolement-clearpass-1.pdf\">Connexion au R\u00e9seau Wifi dans les Lyc\u00e9es 4.0 (proc\u00e9dure reims)<\/a><\/p>\n<p>&nbsp;<\/p>\n","protected":false},"excerpt":{"rendered":"<p>Pour b\u00e9n\u00e9ficier de l&rsquo;acc\u00e8s wifi \u00c9tablissement, vous devez \u00ab\u00a0enr\u00f4ler\u00a0\u00bb votre ordinateur. La proc\u00e9dure est ici: http:\/\/wp.pixerecourt.fr\/wp-content\/uploads\/2022\/09\/tuto-enrolement-clearpass-1.pdf Pour les smartphones sous android, une proc\u00e9dure est ici: (merci au lyc\u00e9e Georges Bri\u00e8re, de Reims) : Connexion au R\u00e9seau Wifi dans les Lyc\u00e9es 4.0 (proc\u00e9dure reims) &nbsp;<\/p>\n","protected":false},"author":1,"featured_media":0,"parent":0,"menu_order":0,"comment_status":"closed","ping_status":"closed","template":"","meta":{"ngg_post_thumbnail":0,"footnotes":""},"class_list":["post-2459","page","type-page","status-publish","hentry"],"_links":{"self":[{"href":"https:\/\/wp.pixerecourt.fr\/index.php?rest_route=\/wp\/v2\/pages\/2459","targetHints":{"allow":["GET"]}}],"collection":[{"href":"https:\/\/wp.pixerecourt.fr\/index.php?rest_route=\/wp\/v2\/pages"}],"about":[{"href":"https:\/\/wp.pixerecourt.fr\/index.php?rest_route=\/wp\/v2\/types\/page"}],"author":[{"embeddable":true,"href":"https:\/\/wp.pixerecourt.fr\/index.php?rest_route=\/wp\/v2\/users\/1"}],"replies":[{"embeddable":true,"href":"https:\/\/wp.pixerecourt.fr\/index.php?rest_route=%2Fwp%2Fv2%2Fcomments&post=2459"}],"version-history":[{"count":8,"href":"https:\/\/wp.pixerecourt.fr\/index.php?rest_route=\/wp\/v2\/pages\/2459\/revisions"}],"predecessor-version":[{"id":2481,"href":"https:\/\/wp.pixerecourt.fr\/index.php?rest_route=\/wp\/v2\/pages\/2459\/revisions\/2481"}],"wp:attachment":[{"href":"https:\/\/wp.pixerecourt.fr\/index.php?rest_route=%2Fwp%2Fv2%2Fmedia&parent=2459"}],"curies":[{"name":"wp","href":"https:\/\/api.w.org\/{rel}","templated":true}]}}