{"id":2416,"date":"2020-08-28T09:12:58","date_gmt":"2020-08-28T09:12:58","guid":{"rendered":"http:\/\/wp.pixerecourt.fr\/?page_id=2416"},"modified":"2020-08-28T09:36:23","modified_gmt":"2020-08-28T09:36:23","slug":"identifiant-et-mot-de-passe","status":"publish","type":"page","link":"https:\/\/wp.pixerecourt.fr\/?page_id=2416","title":{"rendered":"Identifiant et mot de passe"},"content":{"rendered":"\n<a class=\"mwm-aal-item\" name=\"pour-rsumer-\"><\/a><h2>Pour r\u00e9sumer: <\/h2>\n<p>Pour utiliser le syst\u00e8me d'information de l'EPL, vous aurez besoin de quatre mot de passe qui peuvent diff\u00e9rer:<\/p>\n<ul>\n<li>Le code de messagerie Firstclass:\n<ul>\n<li>Pour l'identifiant, c'est prenom.nom (un num\u00e9ro peut \u00e9ventuellement \u00eatre ajout\u00e9 en cas de doublon)<\/li>\n<li>Le mot de passe contient majuscule, minuscule et chiffre. Il ne peut pas contenir d'autre caract\u00e8re (pas de tiret, de point, d'espace ... )<\/li>\n<li>Il est utilis\u00e9 pour la messagerie, mais aussi pour l'acc\u00e8s \u00e0 mon bureau num\u00e9rique. Il peut \u00e9galement \u00eatre utile pour d'autres portail du minist\u00e8re de l'agriculture.<\/li>\n<li>Pour le changer , on peut aller sur Firstclass, dans la partie annuaire<\/li>\n<li>En cas de perte ou d'oubli, contacter le GLA, de pr\u00e9f\u00e9rence en envoyant un e-mail \u00e0 raphael.ame@educagri.fr en utilisant une autre adresse qu'educagri. Le LGA r\u00e9inialisera votre mot de passe pour vous en donner un nouveau<\/li>\n<\/ul>\n<\/li>\n<\/ul>\n<p>&nbsp;<\/p>\n<ul>\n<li>Le code de session:\n<ul>\n<li>Pour l'identifiant: prenom.nom (idem educagri)<\/li>\n<li>Le mot de passe peut contenir n'importe quel caract\u00e8re<\/li>\n<li>Il est utilis\u00e9 pour l'acc\u00e8s aux ordinateurs de la salle du personnel et des salles informatiques, mais aussi sur :\n<ul>\n<li>l'outil de r\u00e9servation GRR<\/li>\n<li>celui des activit\u00e9s de l'alesa ou des CCF (sur http:\/\/www2.pixerecourt.fr)<\/li>\n<li>le portail \"alcasar\", si celui-ci lui vous demande un code<\/li>\n<\/ul>\n<\/li>\n<li>Pour le modifier, il faut aller sur un ordinateur de la salle du personnel, ouvrir une session, puis appuyer sur CTRL ALT SUPPR<\/li>\n<li>En cas de perte, pr\u00e9venir l'\u00e9quipe informatique qui pourra vous le r\u00e9initialiser<\/li>\n<\/ul>\n<\/li>\n<\/ul>\n<p>&nbsp;<\/p>\n<ul>\n<li>Le code de \"VieScolaire\":\n<ul>\n<li>Pour l'identifiant: (idem educagri)<\/li>\n<li>Le mot de passe doit contenir minuscule\/majuscule\/chiffre et un sigle parmi les suivants: @ # % ! ) ( $ :<\/li>\n<li>Il est utilis\u00e9 exclusivement pour le portail https:\/\/pixerecourt.la-vie-scolaire.fr (note absence, emploi du temps)<\/li>\n<li>En cas de perte, il faut utiliser le lien mot de passe oubli\u00e9, en pr\u00e9cisant votre adresse mail educagri.<\/li>\n<\/ul>\n<\/li>\n<\/ul>\n<p>&nbsp;<\/p>\n<ul>\n<li>Le code libellule:\n<ul>\n<li>L'identifiant est \u00e0 choisir dans une liste d\u00e9roulante<\/li>\n<li>Le mot de passe contient ce qu'on veut<\/li>\n<li>Il est utilis\u00e9 exclusivement pour le logiciel libelle.<\/li>\n<li>En cas de perte, pr\u00e9venir le RTIC<\/li>\n<\/ul>\n<\/li>\n<\/ul>\n<p>Pour plus de facilit\u00e9, vous pouvez faire en sorte que votre mot de passe de session soit le m\u00eame que viescolaire, ou que la messagerie.<\/p>\n<p>Malheureusement comme viescolaire exige la pr\u00e9sence d'un sigle alors que c'est impossible pour la messagerie, l'unification des 3 mots de passe est impossible.<\/p>\n","protected":false},"excerpt":{"rendered":"<p>Pour r\u00e9sumer: Pour utiliser le syst\u00e8me d&rsquo;information de l&rsquo;EPL, vous aurez besoin de quatre mot de passe qui peuvent diff\u00e9rer: Le code de messagerie Firstclass: Pour l&rsquo;identifiant, c&rsquo;est prenom.nom (un num\u00e9ro peut \u00e9ventuellement \u00eatre ajout\u00e9 en cas de doublon) Le mot de passe contient majuscule, minuscule et chiffre. Il ne peut pas contenir d&rsquo;autre caract\u00e8re [&hellip;]<\/p>\n","protected":false},"author":1,"featured_media":0,"parent":0,"menu_order":0,"comment_status":"closed","ping_status":"closed","template":"","meta":{"ngg_post_thumbnail":0,"footnotes":""},"class_list":["post-2416","page","type-page","status-publish","hentry"],"_links":{"self":[{"href":"https:\/\/wp.pixerecourt.fr\/index.php?rest_route=\/wp\/v2\/pages\/2416","targetHints":{"allow":["GET"]}}],"collection":[{"href":"https:\/\/wp.pixerecourt.fr\/index.php?rest_route=\/wp\/v2\/pages"}],"about":[{"href":"https:\/\/wp.pixerecourt.fr\/index.php?rest_route=\/wp\/v2\/types\/page"}],"author":[{"embeddable":true,"href":"https:\/\/wp.pixerecourt.fr\/index.php?rest_route=\/wp\/v2\/users\/1"}],"replies":[{"embeddable":true,"href":"https:\/\/wp.pixerecourt.fr\/index.php?rest_route=%2Fwp%2Fv2%2Fcomments&post=2416"}],"version-history":[{"count":2,"href":"https:\/\/wp.pixerecourt.fr\/index.php?rest_route=\/wp\/v2\/pages\/2416\/revisions"}],"predecessor-version":[{"id":2420,"href":"https:\/\/wp.pixerecourt.fr\/index.php?rest_route=\/wp\/v2\/pages\/2416\/revisions\/2420"}],"wp:attachment":[{"href":"https:\/\/wp.pixerecourt.fr\/index.php?rest_route=%2Fwp%2Fv2%2Fmedia&parent=2416"}],"curies":[{"name":"wp","href":"https:\/\/api.w.org\/{rel}","templated":true}]}}