{"id":2371,"date":"2020-03-18T10:52:48","date_gmt":"2020-03-18T10:52:48","guid":{"rendered":"http:\/\/wp.pixerecourt.fr\/?page_id=2371"},"modified":"2020-03-18T12:21:57","modified_gmt":"2020-03-18T12:21:57","slug":"parcours-sup","status":"publish","type":"page","link":"https:\/\/wp.pixerecourt.fr\/?page_id=2371","title":{"rendered":"Parcours SUP"},"content":{"rendered":"\n<p>Comme vous le savez s\u00fbrement, le site de l'\u00e9ducation nationale parcours SUP doit \u00eatre aliment\u00e9 avec les notes et appr\u00e9ciations des \u00e9l\u00e8ves de 1ere et de terminale.<\/p>\n<p>Au sein du lyc\u00e9e, ces notes et appr\u00e9ciations, d\u00e9j\u00e0 saisies par les enseignants, sur la plate forme Viescolaire.fr (voir <a href=\"http:\/\/wp.pixerecourt.fr\/?page_id=866\">ce chapitre<\/a>),sont remont\u00e9es \u00e0 la fin du deuxi\u00e8me trimestre de l'ann\u00e9e de terminale.<\/p>\n<p>Il reste alors aux enseignants \u00e0 saisir l'appr\u00e9ciation de la \"Fiche Avenir\", qui sera d\u00e9terminante pour le parcours des \u00e9l\u00e8ves dans l'enseignement sup\u00e9rieur.<\/p>\n<p>Pour que les enseignants puisse saisir cette appr\u00e9ciation, un identifiant est envoy\u00e9 par mail, puis ceux ci doivent se connecter \u00e0 la plate-forme:<\/p>\n<p><a href=\"https:\/\/gestion.parcoursup.fr\"><strong>https:\/\/gestion.parcoursup.fr<\/strong><\/a><\/p>\n<p>Le tutoriel vid\u00e9o suivant explique la manipulation:<\/p>\n<div style=\"width: 640px;\" class=\"wp-video\"><!--[if lt IE 9]><script>document.createElement('video');<\/script><![endif]-->\n<video class=\"wp-video-shortcode\" id=\"video-2371-1\" width=\"640\" height=\"360\" preload=\"metadata\" controls=\"controls\"><source type=\"video\/webm\" src=\"http:\/\/wp.pixerecourt.fr\/wp-content\/uploads\/2020\/03\/tuto-parcourssup-1.webm?_=1\" \/><a href=\"http:\/\/wp.pixerecourt.fr\/wp-content\/uploads\/2020\/03\/tuto-parcourssup-1.webm\">http:\/\/wp.pixerecourt.fr\/wp-content\/uploads\/2020\/03\/tuto-parcourssup-1.webm<\/a><\/video><\/div>\n<p>&nbsp;<\/p>\n","protected":false},"excerpt":{"rendered":"<p>Comme vous le savez s\u00fbrement, le site de l&rsquo;\u00e9ducation nationale parcours SUP doit \u00eatre aliment\u00e9 avec les notes et appr\u00e9ciations des \u00e9l\u00e8ves de 1ere et de terminale. Au sein du lyc\u00e9e, ces notes et appr\u00e9ciations, d\u00e9j\u00e0 saisies par les enseignants, sur la plate forme Viescolaire.fr (voir ce chapitre),sont remont\u00e9es \u00e0 la fin du deuxi\u00e8me trimestre [&hellip;]<\/p>\n","protected":false},"author":1,"featured_media":0,"parent":2,"menu_order":0,"comment_status":"closed","ping_status":"closed","template":"","meta":{"ngg_post_thumbnail":0,"footnotes":""},"class_list":["post-2371","page","type-page","status-publish","hentry"],"_links":{"self":[{"href":"https:\/\/wp.pixerecourt.fr\/index.php?rest_route=\/wp\/v2\/pages\/2371","targetHints":{"allow":["GET"]}}],"collection":[{"href":"https:\/\/wp.pixerecourt.fr\/index.php?rest_route=\/wp\/v2\/pages"}],"about":[{"href":"https:\/\/wp.pixerecourt.fr\/index.php?rest_route=\/wp\/v2\/types\/page"}],"author":[{"embeddable":true,"href":"https:\/\/wp.pixerecourt.fr\/index.php?rest_route=\/wp\/v2\/users\/1"}],"replies":[{"embeddable":true,"href":"https:\/\/wp.pixerecourt.fr\/index.php?rest_route=%2Fwp%2Fv2%2Fcomments&post=2371"}],"version-history":[{"count":3,"href":"https:\/\/wp.pixerecourt.fr\/index.php?rest_route=\/wp\/v2\/pages\/2371\/revisions"}],"predecessor-version":[{"id":2377,"href":"https:\/\/wp.pixerecourt.fr\/index.php?rest_route=\/wp\/v2\/pages\/2371\/revisions\/2377"}],"up":[{"embeddable":true,"href":"https:\/\/wp.pixerecourt.fr\/index.php?rest_route=\/wp\/v2\/pages\/2"}],"wp:attachment":[{"href":"https:\/\/wp.pixerecourt.fr\/index.php?rest_route=%2Fwp%2Fv2%2Fmedia&parent=2371"}],"curies":[{"name":"wp","href":"https:\/\/api.w.org\/{rel}","templated":true}]}}