{"id":2,"date":"2015-08-03T08:50:14","date_gmt":"2015-08-03T08:50:14","guid":{"rendered":"http:\/\/wp.pixerecourt.fr\/procedure-epl\/?page_id=2"},"modified":"2023-11-17T16:23:38","modified_gmt":"2023-11-17T16:23:38","slug":"livret-enseignant","status":"publish","type":"page","link":"https:\/\/wp.pixerecourt.fr\/?page_id=2","title":{"rendered":"Enseignant lyc\u00e9e"},"content":{"rendered":"<p align=\"LEFT\"><i>Bienvenue au sein de l'\u00e9quipe du lyc\u00e9e agricole de Malz\u00e9ville. Cette plate forme a pour objectif de vous faire conna\u00eetre les outils num\u00e9riques utilis\u00e9s dans l'\u00e9tablissement, afin que vous puissiez assurer au mieux vos fonctions d'enseignant. A l'heure actuelle, l'utilisation de ces outils est incontournable, et quelques r\u00e8gles de bonne pratique doivent \u00eatre connues par tous.<\/i><\/p>\n<div class=\"toc\">\n<ul>\n<li><a href=\"http:\/\/wp.pixerecourt.fr\/?page_id=176\">\u00c9quipement du lyc\u00e9e<\/a>\n<ul>\n<li>Salles de cours (Ordinateur,Vid\u00e9oprojecteur)<\/li>\n<li>Salle du personnel<\/li>\n<li>Salles informatiques<\/li>\n<li>Planning de r\u00e9servation de ressource<\/li>\n<\/ul>\n<\/li>\n<li><a href=\"http:\/\/wp.pixerecourt.fr\/?page_id=866\">Espace num\u00e9rique de travail.<\/a>\n<ul>\n<li>Pronote: emploi du temps, absences, notes<\/li>\n<li>Mon bureau num\u00e9rique: cahier de texte, messagerie, espace ressource<\/li>\n<\/ul>\n<\/li>\n<li><a href=\"http:\/\/wp.pixerecourt.fr\/?page_id=168\">Outils en ligne<\/a>\n<ul>\n<li>Site internet<\/li>\n<li>Page Facebook<\/li>\n<li>Outil de sondage en ligne<\/li>\n<li>Plate forme de cr\u00e9ation de blog<\/li>\n<\/ul>\n<\/li>\n<li><a href=\"http:\/\/wp.pixerecourt.fr\/?page_id=165\">Impression et photocopies<\/a><\/li>\n<li><a href=\"http:\/\/wp.pixerecourt.fr\/?page_id=2459\">Acc\u00e8s r\u00e9seau Wifi<\/a><\/li>\n<li><a href=\"http:\/\/wp.pixerecourt.fr\/?page_id=170\">Messagerie professionnelle<\/a><\/li>\n<li><a href=\"http:\/\/wp.pixerecourt.fr\/?page_id=2416\">Identifiant et mot de passe<\/a><\/li>\n<\/ul>\n<\/div>\n","protected":false},"excerpt":{"rendered":"<p>Bienvenue au sein de l&rsquo;\u00e9quipe du lyc\u00e9e agricole de Malz\u00e9ville. Cette plate forme a pour objectif de vous faire conna\u00eetre les outils num\u00e9riques utilis\u00e9s dans l&rsquo;\u00e9tablissement, afin que vous puissiez assurer au mieux vos fonctions d&rsquo;enseignant. A l&rsquo;heure actuelle, l&rsquo;utilisation de ces outils est incontournable, et quelques r\u00e8gles de bonne pratique doivent \u00eatre connues par [&hellip;]<\/p>\n","protected":false},"author":1,"featured_media":0,"parent":0,"menu_order":0,"comment_status":"open","ping_status":"open","template":"","meta":{"ngg_post_thumbnail":0,"footnotes":""},"class_list":["post-2","page","type-page","status-publish","hentry"],"_links":{"self":[{"href":"https:\/\/wp.pixerecourt.fr\/index.php?rest_route=\/wp\/v2\/pages\/2","targetHints":{"allow":["GET"]}}],"collection":[{"href":"https:\/\/wp.pixerecourt.fr\/index.php?rest_route=\/wp\/v2\/pages"}],"about":[{"href":"https:\/\/wp.pixerecourt.fr\/index.php?rest_route=\/wp\/v2\/types\/page"}],"author":[{"embeddable":true,"href":"https:\/\/wp.pixerecourt.fr\/index.php?rest_route=\/wp\/v2\/users\/1"}],"replies":[{"embeddable":true,"href":"https:\/\/wp.pixerecourt.fr\/index.php?rest_route=%2Fwp%2Fv2%2Fcomments&post=2"}],"version-history":[{"count":4,"href":"https:\/\/wp.pixerecourt.fr\/index.php?rest_route=\/wp\/v2\/pages\/2\/revisions"}],"predecessor-version":[{"id":2617,"href":"https:\/\/wp.pixerecourt.fr\/index.php?rest_route=\/wp\/v2\/pages\/2\/revisions\/2617"}],"wp:attachment":[{"href":"https:\/\/wp.pixerecourt.fr\/index.php?rest_route=%2Fwp%2Fv2%2Fmedia&parent=2"}],"curies":[{"name":"wp","href":"https:\/\/api.w.org\/{rel}","templated":true}]}}