{"id":170,"date":"2015-09-06T09:36:30","date_gmt":"2015-09-06T09:36:30","guid":{"rendered":"http:\/\/wp.pixerecourt.fr\/procedure-epl\/?page_id=170"},"modified":"2020-03-18T13:16:01","modified_gmt":"2020-03-18T13:16:01","slug":"170-2","status":"publish","type":"page","link":"https:\/\/wp.pixerecourt.fr\/?page_id=170","title":{"rendered":"Messagerie professionelle"},"content":{"rendered":"<p>Pour obtenir une adresse<\/p>\n<p>A votre arriv\u00e9e dans l'enseignement agricole, une adresse e-mail vous est affect\u00e9e, elle \u00e0 g\u00e9n\u00e9ralement la forme : prenom.nom@educagri.fr Cette adresse est normalement cr\u00e9e par le gestionnaire du personnel (GLA). Cette personne doit vous communiquer le nom du compte, si ce n'est pas le cas, signaler le.<\/p>\n<div class=\"encadre\">En cas de perte du mot de passe, le GLA, ainsi que le professeur TIM peut proc\u00e9der, sur demande, \u00e0 une r\u00e9initialisation du compte. De pr\u00e9f\u00e9rence, la demande devra comporter l'adresse d'une autre boite mail pour transmettre le mot de passe apr\u00e8s r\u00e9initialisation (une boite personnelle, par exemple).<\/div>\n<a class=\"mwm-aal-item\" name=\"accs-la-boite-mail\"><\/a><h2><a name=\"__RefHeading__1370_1677149727\"><\/a>Acc\u00e8s \u00e0 la boite mail<\/h2>\n<p>Muni de votre identifiant (adresse mail sans le @educagri.fr), et du mot de passe qui vous \u00e9t\u00e9 communiqu\u00e9 par votre GLA, vous pouvez vous connecter selon plusieurs m\u00e9thodes<\/p>\n<a class=\"mwm-aal-item\" name=\"par-webmail-partir-dun-navigateur-internet-firefox-par-exemple\"><\/a><h3><a name=\"__RefHeading__466_700839713\"><\/a>Par Webmail, \u00e0 partir d'un navigateur internet (Firefox, par exemple)<\/h3>\n<p>Cette m\u00e9thode \u00e0 pour avantage de ne n\u00e9cessiter aucune installation au pr\u00e9alable.<\/p>\n<p>L'adresse de la page est :<br \/>\n<a href=\"https:\/\/webmail.educagri\/\">https:\/\/webmail.educagri.fr<\/a><br \/>\nVous arriverez sur l'\u00e9cran suivant, sur le quel il suffit de rentrer son identifiant et son mot de passe pour se connecter.<\/p>\n<figure id=\"attachment_79\" aria-describedby=\"caption-attachment-79\" style=\"width: 445px\" class=\"wp-caption aligncenter\"><a href=\"http:\/\/wp.pixerecourt.fr\/wp-content\/uploads\/2016\/08\/loginwebmailfirstclass.png\"><img loading=\"lazy\" decoding=\"async\" class=\"wp-image-79 size-full\" src=\"http:\/\/wp.pixerecourt.fr\/wp-content\/uploads\/2016\/08\/loginwebmailfirstclass.png\" alt=\"Acc\u00e8s \u00e0 firstclass par &quot;webmail&quot;\" width=\"445\" height=\"201\"><\/a><figcaption id=\"caption-attachment-79\" class=\"wp-caption-text\">Acc\u00e8s \u00e0 firstclass par \"webmail\"<\/figcaption><\/figure>\n<a class=\"mwm-aal-item\" name=\"par-lintermdiaire-du-logiciel-firstclass\"><\/a><h3><a name=\"__RefHeading__468_700839713\"><\/a>Par l'interm\u00e9diaire du logiciel firstclass<\/h3>\n<div class=\"encadre\">Ce logiciel, gratuit est \u00e0 t\u00e9l\u00e9charger sur le site de l'\u00e9diteur du logiciel, c'est \u00e0 dire \u00e0 l'adresse: <a href=\"http:\/\/www.firstclass.com\/\">http:\/\/www.firstclass.com<\/a><\/div>\n<figure id=\"attachment_81\" aria-describedby=\"caption-attachment-81\" style=\"width: 811px\" class=\"wp-caption aligncenter\"><a href=\"http:\/\/wp.pixerecourt.fr\/wp-content\/uploads\/2016\/08\/telechargerfirstclass.png\"><img loading=\"lazy\" decoding=\"async\" class=\"wp-image-81 \" src=\"http:\/\/wp.pixerecourt.fr\/wp-content\/uploads\/2016\/08\/telechargerfirstclass.png\" alt=\"Page de t\u00e9l\u00e9chargement de &quot;Firstclass&quot;\" width=\"811\" height=\"418\"><\/a><figcaption id=\"caption-attachment-81\" class=\"wp-caption-text\">Page de t\u00e9l\u00e9chargement de \"Firstclass\"<\/figcaption><\/figure>\n<p>La page est en anglais, mais il suffit de cliquer sur \u00ab downloads \u00bb, puis sur le lien de t\u00e9l\u00e9chargement correspondant \u00e0 votre syst\u00e8me (en g\u00e9n\u00e9ral : windows)<\/p>\n<p>Une fois que le logiciel est t\u00e9l\u00e9charg\u00e9, il faut l'installer. \u00c0 son premier lancement, la fen\u00eatre suivante appara\u00eet :<\/p>\n<figure id=\"attachment_80\" aria-describedby=\"caption-attachment-80\" style=\"width: 452px\" class=\"wp-caption aligncenter\"><a href=\"http:\/\/wp.pixerecourt.fr\/wp-content\/uploads\/2016\/08\/loginfirstclass.png\"><img loading=\"lazy\" decoding=\"async\" class=\"wp-image-80 size-full\" src=\"http:\/\/wp.pixerecourt.fr\/wp-content\/uploads\/2016\/08\/loginfirstclass.png\" alt=\"Saisie des identifiants sur &quot;Firstclass&quot;\" width=\"452\" height=\"249\"><\/a><figcaption id=\"caption-attachment-80\" class=\"wp-caption-text\">Saisie des identifiants sur \"Firstclass\"<\/figcaption><\/figure>\n<p>Avant de vous connecter, il est imp\u00e9ratif de rentrer l'adresse du serveur. Pour cela, il faut cliquer sur \u00ab Avanc\u00e9 \u00bb, puis sur \u00ab Configuration \u00bb. La fen\u00eatre suivante appara\u00eet alors, et il faut y rentrer le nom du serveur : <b>fcis.educagri.fr. <\/b><br \/>\nEnregistrer les modifications, puis connectez vous avec votre identifiant et votre mot de passe.<\/p>\n<a class=\"mwm-aal-item\" name=\"sur-android\"><\/a><h2>Sur Android:<\/h2>\n<p>A l'heure actuelle, l'application \"Firstclass GO\" est disponible sur Play Store. <img loading=\"lazy\" decoding=\"async\" class=\"aligncenter wp-image-1126\" src=\"http:\/\/wp.pixerecourt.fr\/wp-content\/uploads\/2015\/09\/logoFC.jpeg\" alt=\"logoFC\" width=\"42\" height=\"42\" srcset=\"https:\/\/wp.pixerecourt.fr\/wp-content\/uploads\/2015\/09\/logoFC.jpeg 225w, https:\/\/wp.pixerecourt.fr\/wp-content\/uploads\/2015\/09\/logoFC-150x150.jpeg 150w, https:\/\/wp.pixerecourt.fr\/wp-content\/uploads\/2015\/09\/logoFC-65x65.jpeg 65w, https:\/\/wp.pixerecourt.fr\/wp-content\/uploads\/2015\/09\/logoFC-50x50.jpeg 50w\" sizes=\"auto, (max-width: 42px) 100vw, 42px\" \/>Malheureusement, cette application ne fonctionne pas !<\/p>\n<a class=\"mwm-aal-item\" name=\"services-disponibles-\"><\/a><h2><a name=\"__RefHeading__470_700839713\"><\/a>Services disponibles :<\/h2>\n<p>L'acc\u00e8s par webmail, ou par le biais de firstclass permet d'acc\u00e8der \u00e0 :<\/p>\n<ul>\n<li>Une boite mail : \u00e0 consulter r\u00e9guli\u00e8rement, attention \u00e0 ne pas d\u00e9passer le quotas d'espace disque allou\u00e9e<\/li>\n<li>Une ou plusieurs conf\u00e9rences (\u00e9quivalent \u00e0 un \u00ab Forum \u00bb).\n<ul>\n<li>Une conf\u00e9rence nomm\u00e9e \u00ab Conf-EPLEFPA54-LOR \u00bb est visible par toutes les personnes de l'\u00e9tablissement. (Lyc\u00e9e, CFA, CFPPA \u2026) L'inscription \u00e0 cette conf\u00e9rence est normalement assur\u00e9e par l'\u00e9quipe informatique d\u00e8s votre arriv\u00e9e, pr\u00e9venir dans le cas contraire.<\/li>\n<li>D'autres conf\u00e9rences peuvent appara\u00eetre, selon vos inscriptions (consulter l'aide pr\u00e9sente sur Melagri pour conna\u00eetre les modalit\u00e9s d'inscription aux conf. )<\/li>\n<\/ul>\n<\/li>\n<li>Un annuaire national h\u00e9bergeant les contacts de la France enti\u00e8re. Automatique lors de la cr\u00e9ation d'un message, Firstclass vous aide ainsi \u00e0 rentrer le(s) destinataire(s)<\/li>\n<li>Beaucoup d'autres services non d\u00e9taill\u00e9s ici: <a href=\"http:\/\/wp.pixerecourt.fr\/\/wp-content\/uploads\/sites\/32\/2015\/09\/Guide-du-client-FirstClass.pdf\">Guide du client FirstClass<\/a>.<\/li>\n<\/ul>\n<a class=\"mwm-aal-item\" name=\"configuration-dun-autre-client-de-messagerie\"><\/a><h2>Configuration d'un autre client de messagerie<\/h2>\n<p>Pour consulter sa messagerie, on peut aussi utiliser un logiciel client de messagerie. Les logiciels les plus r\u00e9pandus dans ce domaine sont Outlook, Thunderbird, Incredimail ....<\/p>\n<p>Pour que \u00e7a fonctionne, il faut configurer ces logiciels pour qu'ils aillent chercher les messages sur le serveur de messagerie. Une fois configur\u00e9s les messages seront recopi\u00e9s sur votre ordinateur et pourront \u00eatre consult\u00e9 hors-ligne.<\/p>\n<p>Cette solution \u00e0 \u00e9galement l'avantage de permettre de regrouper d'autre comptes de messagerie dans un seul logiciel. En revanche, l'acc\u00e8s au conf et \u00e0 l'annuaire national n'est pas possible par ce biais (il faut g\u00e9rer ses contacts) .<\/p>\n<p>Pour la configuration du logiciel de messagerie, on pourra s'appuyer sur les proc\u00e9dures suivantes.<\/p>\n<p><a href=\"http:\/\/wp.pixerecourt.fr\/wp-content\/uploads\/2019\/09\/parametrage_pop-1.pdf\">Configurer la r\u00e9ception des messages<\/a><\/p>\n<p><a href=\"http:\/\/wp.pixerecourt.fr\/wp-content\/uploads\/2019\/09\/proc\u00e9dure-smtp.pdf\">Configurer l'envoi de message<\/a><\/p>\n<p>Un tutoriel en vid\u00e9o vous attend ici:<\/p>\n<div style=\"width: 640px;\" class=\"wp-video\"><!--[if lt IE 9]><script>document.createElement('video');<\/script><![endif]-->\n<video class=\"wp-video-shortcode\" id=\"video-170-1\" width=\"640\" height=\"360\" preload=\"metadata\" controls=\"controls\"><source type=\"video\/webm\" src=\"http:\/\/wp.pixerecourt.fr\/wp-content\/uploads\/2020\/03\/tuto-fiinal.webm?_=1\" \/><a href=\"http:\/\/wp.pixerecourt.fr\/wp-content\/uploads\/2020\/03\/tuto-fiinal.webm\">http:\/\/wp.pixerecourt.fr\/wp-content\/uploads\/2020\/03\/tuto-fiinal.webm<\/a><\/video><\/div>\n<a class=\"mwm-aal-item\" name=\"nbsp\"><\/a><h2>&nbsp;<\/h2>\n<a class=\"mwm-aal-item\" name=\"configurer-son-gmail-pour-aller-chercher-les-messages-firstclass\"><\/a><h2>Configurer son gmail pour aller chercher les messages firstclass:<\/h2>\n<p>Lorsqu'on dispose d'un compte gmail, il faut passer par l'outil portea.net, en gros:<\/p>\n<p>- Acc\u00e9der \u00e0 l'adresse suivante : https:\/\/sites.google.com\/a\/portea.net\/www\/<\/p>\n<p>- Cliquer sur le lien pour s'authentifier via la f\u00e9d\u00e9ration d'identit\u00e9<br \/>\nhttp:\/\/mail.portea.net<\/p>\n<p>- Saisir l'identifiant et le mot de passe de Melagri dans le CAS<\/p>\n<p>le reste de la proc\u00e9dure est ici:<\/p>\n<p><a href=\"http:\/\/wp.pixerecourt.fr\/wp-content\/uploads\/2020\/03\/procedure_secours_firstclass-2.pdf\">procedure_secours_firstclass<\/a><\/p>\n<p>&nbsp;<\/p>\n<p>&nbsp;<\/p>\n","protected":false},"excerpt":{"rendered":"<p>Pour obtenir une adresse A votre arriv\u00e9e dans l&rsquo;enseignement agricole, une adresse e-mail vous est affect\u00e9e, elle \u00e0 g\u00e9n\u00e9ralement la forme : prenom.nom@educagri.fr Cette adresse est normalement cr\u00e9e par le gestionnaire du personnel (GLA). Cette personne doit vous communiquer le nom du compte, si ce n&rsquo;est pas le cas, signaler le. En cas de perte [&hellip;]<\/p>\n","protected":false},"author":1,"featured_media":0,"parent":2,"menu_order":0,"comment_status":"closed","ping_status":"open","template":"","meta":{"ngg_post_thumbnail":0,"footnotes":""},"class_list":["post-170","page","type-page","status-publish","hentry"],"_links":{"self":[{"href":"https:\/\/wp.pixerecourt.fr\/index.php?rest_route=\/wp\/v2\/pages\/170","targetHints":{"allow":["GET"]}}],"collection":[{"href":"https:\/\/wp.pixerecourt.fr\/index.php?rest_route=\/wp\/v2\/pages"}],"about":[{"href":"https:\/\/wp.pixerecourt.fr\/index.php?rest_route=\/wp\/v2\/types\/page"}],"author":[{"embeddable":true,"href":"https:\/\/wp.pixerecourt.fr\/index.php?rest_route=\/wp\/v2\/users\/1"}],"replies":[{"embeddable":true,"href":"https:\/\/wp.pixerecourt.fr\/index.php?rest_route=%2Fwp%2Fv2%2Fcomments&post=170"}],"version-history":[{"count":4,"href":"https:\/\/wp.pixerecourt.fr\/index.php?rest_route=\/wp\/v2\/pages\/170\/revisions"}],"predecessor-version":[{"id":2383,"href":"https:\/\/wp.pixerecourt.fr\/index.php?rest_route=\/wp\/v2\/pages\/170\/revisions\/2383"}],"up":[{"embeddable":true,"href":"https:\/\/wp.pixerecourt.fr\/index.php?rest_route=\/wp\/v2\/pages\/2"}],"wp:attachment":[{"href":"https:\/\/wp.pixerecourt.fr\/index.php?rest_route=%2Fwp%2Fv2%2Fmedia&parent=170"}],"curies":[{"name":"wp","href":"https:\/\/api.w.org\/{rel}","templated":true}]}}