{"id":165,"date":"2015-09-06T09:32:51","date_gmt":"2015-09-06T09:32:51","guid":{"rendered":"http:\/\/wp.pixerecourt.fr\/procedure-epl\/?page_id=165"},"modified":"2019-08-29T17:29:41","modified_gmt":"2019-08-29T17:29:41","slug":"impressions","status":"publish","type":"page","link":"https:\/\/wp.pixerecourt.fr\/?page_id=165","title":{"rendered":"Impressions"},"content":{"rendered":"<a class=\"mwm-aal-item\" name=\"identification-des-personnes-qui-impriment-ou-photocopient\"><\/a><h3>Identification des personnes qui impriment ou photocopient:<\/h3>\n<p>Afin de pr\u00e9venir les d\u00e9bordements, le syst\u00e8me d'impression mis en place dans l'\u00e9tablissement est s\u00e9curis\u00e9. Cet ensemble de pr\u00e9caution implique que :<\/p>\n<ul>\n<li>\n<p class=\"puce-1-western\">L'acc\u00e8s au photocopieur n\u00e9cessite une authentification, pouvant se faire par identifiant et mot de passe (ceux qui sont utilis\u00e9s sur les ordinateurs de la salle du personnel), ou par lecture d'une carte magn\u00e9tique.<\/p>\n<p class=\"puce-1-western\">L'\u00e9quipe informatique vous confiera cette carte \u00e0 votre arriv\u00e9e dans l'\u00e9tablissement.<\/p>\n<\/li>\n<li>\n<p class=\"puce-1-western\">Les impressions qui sont lanc\u00e9es \u00e0 partir des ordinateurs de la salle du personnel, ou des salles informatiques, n\u00e9cessitent l'acc\u00e8s au photocopieur pour que les documents soient r\u00e9ellement imprim\u00e9s.<\/p>\n<p class=\"puce-1-western\">Cette contrainte implique que la session de l'ordinateur soit ouverte avec vos identifiants.<\/p>\n<\/li>\n<li>\n<p class=\"puce-1-western\">Un d\u00e9compte des photocopies et impressions de chacun est possible. Une limite de 300 pages couleurs est initialis\u00e9e en d\u00e9but d'ann\u00e9e.<\/p>\n<\/li>\n<\/ul>\n<a class=\"mwm-aal-item\" name=\"scanner\"><\/a><h3>Scanner<\/h3>\n<p>On peut scanner une feuille ou une pile de feuille, puis les envoyer sur \"SCAN_PROF\" (le bouton est visible quand on se rend sur la partie SCAN)<\/p>\n<p>On peut \u00e9galement scanner et envoyer directement par mail en \u00e9crivant l'adresse.<\/p>\n<div class=\"encadre\">Pour les impressions ou les photocopies, vous trouverez l'ensemble des informations sur la proc\u00e9dure ci dessous:<br \/>\n<a href=\"http:\/\/wp.pixerecourt.fr\/wp-content\/uploads\/2016\/08\/Utilisation-des-imprimantes-Prof-LEGTA.pdf\">Utilisation des imprimantes - proc\u00e9dure enseignant<\/a><\/div>\n","protected":false},"excerpt":{"rendered":"<p>Identification des personnes qui impriment ou photocopient: Afin de pr\u00e9venir les d\u00e9bordements, le syst\u00e8me d&rsquo;impression mis en place dans l&rsquo;\u00e9tablissement est s\u00e9curis\u00e9. Cet ensemble de pr\u00e9caution implique que : L&rsquo;acc\u00e8s au photocopieur n\u00e9cessite une authentification, pouvant se faire par identifiant et mot de passe (ceux qui sont utilis\u00e9s sur les ordinateurs de la salle du [&hellip;]<\/p>\n","protected":false},"author":1,"featured_media":0,"parent":2,"menu_order":0,"comment_status":"closed","ping_status":"open","template":"","meta":{"ngg_post_thumbnail":0,"footnotes":""},"class_list":["post-165","page","type-page","status-publish","hentry"],"_links":{"self":[{"href":"https:\/\/wp.pixerecourt.fr\/index.php?rest_route=\/wp\/v2\/pages\/165","targetHints":{"allow":["GET"]}}],"collection":[{"href":"https:\/\/wp.pixerecourt.fr\/index.php?rest_route=\/wp\/v2\/pages"}],"about":[{"href":"https:\/\/wp.pixerecourt.fr\/index.php?rest_route=\/wp\/v2\/types\/page"}],"author":[{"embeddable":true,"href":"https:\/\/wp.pixerecourt.fr\/index.php?rest_route=\/wp\/v2\/users\/1"}],"replies":[{"embeddable":true,"href":"https:\/\/wp.pixerecourt.fr\/index.php?rest_route=%2Fwp%2Fv2%2Fcomments&post=165"}],"version-history":[{"count":0,"href":"https:\/\/wp.pixerecourt.fr\/index.php?rest_route=\/wp\/v2\/pages\/165\/revisions"}],"up":[{"embeddable":true,"href":"https:\/\/wp.pixerecourt.fr\/index.php?rest_route=\/wp\/v2\/pages\/2"}],"wp:attachment":[{"href":"https:\/\/wp.pixerecourt.fr\/index.php?rest_route=%2Fwp%2Fv2%2Fmedia&parent=165"}],"curies":[{"name":"wp","href":"https:\/\/api.w.org\/{rel}","templated":true}]}}