{"id":156,"date":"2015-09-06T09:07:57","date_gmt":"2015-09-06T09:07:57","guid":{"rendered":"http:\/\/wp.pixerecourt.fr\/procedure-epl\/?page_id=156"},"modified":"2023-09-04T15:37:03","modified_gmt":"2023-09-04T15:37:03","slug":"charte-informatique","status":"publish","type":"page","link":"https:\/\/wp.pixerecourt.fr\/?page_id=156","title":{"rendered":"Proc\u00e9dure d&rsquo;accueil"},"content":{"rendered":"<a class=\"mwm-aal-item\" name=\"procdure-daccueil\"><\/a><h3>Proc\u00e9dure d'accueil<\/h3>\n<p>A votre arriv\u00e9e dans l'\u00e9tablissement, le service informatique va cr\u00e9er quatre comptes diff\u00e9rents:<\/p>\n<ul>\n<li>Un compte de \"session\": Ce compte sera utilis\u00e9 pour l'acc\u00e8s au ordinateur des salles informatiques et du CDI, aux photocopieurs, ainsi que l'acc\u00e8s \u00e0 l'outil de l'ALESA pour s'inscrire aux activit\u00e9s.<\/li>\n<li>Un compte sur Pronote: il sera utilis\u00e9 pour consulter vos notes et votre emploi du temps. Il sera utilis\u00e9 exclusivement sur le site https:\/\/0541207u.index-education.net\/pronote\/eleve.html<\/li>\n<li>Un compte sur \"S\u00e9same\": Il permettra l'acc\u00e8s \u00e0 l'ENT r\u00e9gional \"Mon Bureau Num\u00e9rique\", sur lequel on peut consulter le cahier de texte, les espace de classe ainsi que les livres num\u00e9rique<\/li>\n<li>Un compte sur \"ACL\": qui permet de se connecter au wifi \u00e9tablissement<\/li>\n<\/ul>\n<a class=\"mwm-aal-item\" name=\"session-ordinateur\"><\/a><h3>SESSION ORDINATEUR<\/h3>\n<p>Identifiant : e.prenom.nom . L'identifiant peut \u00eatre raccourci \u00e0 20 caract\u00e8res.<br \/>\nATTENTION : Il est pr\u00e9f\u00e9rable de choisir un mot de passe qui convient pour tous les comptes :<br \/>\n- Au moins 6 caract\u00e8res<br \/>\n- Au moins 1 majuscule<br \/>\n- Au moins 1 minuscule<br \/>\n- Au moins 1 chiffre<\/p>\n<p>Pour modifier ce mot de passe, il faut aller sur un ordinateur des salles informatiques, ou du CDI puis appuyer sur CTRL ALT SUPPR\/Changer de mot de passe. En cas d'oubli du mot de passe, faites une demande de r\u00e9initialisation \u00e0 <strong>raphael.ame@educagri.fr ou stephane.nogues@educagri.fr<br \/>\n<\/strong><\/p>\n<a class=\"mwm-aal-item\" name=\"compte-sur-pronote\"><\/a><h3>COMPTE SUR PRONOTE<\/h3>\n<p>Identifiant : e.prenom.nom<\/p>\n<p>Pour modifier ce mot de passe, il faut aller sur la page de pronote, dans la section \"mon compte\". En cas d'oubli du mot de passe, faites une demande de r\u00e9initialisation \u00e0 <strong>raphael.ame@educagri.fr ou stephane.nogues@educagri.fr<\/strong><\/p>\n<a class=\"mwm-aal-item\" name=\"compte-ent-nbspmon-bureau-numriquenbsp\"><\/a><h3>COMPTE ENT \u00ab&nbsp;Mon Bureau Num\u00e9rique&nbsp;\u00bb<\/h3>\n<p>Identifiant : e.prenom.nom<\/p>\n<p>1\u00e8re \u00e9tape : Activer le compte sur : https:\/\/sesame.sapia.educagri.fr (voir la page sur les ENT.<\/p>\n<p>En cas d'oubli du mot de passe, le site sesame.sapia vous propose un m\u00e9thode de r\u00e9cup\u00e9ration<\/p>\n<a class=\"mwm-aal-item\" name=\"compte-acl\"><\/a><h3>COMPTE ACL<\/h3>\n<p>identifiant: pnom (suivi \u00e9ventuellement d'un num\u00e9ro)<\/p>\n<p>Le mot de passe est utilis\u00e9 une fois pour effectuer l'\"enr\u00f4lement\" de l'appareil que vous souhaitez connecter au Wifi. Des proc\u00e9dures sont d\u00e9taill\u00e9es ici:<\/p>\n<p>http:\/\/wp.pixerecourt.fr\/wp-content\/uploads\/2023\/09\/tuto-enrolement-clearpass-windows.pdf<\/p>\n<p>http:\/\/wp.pixerecourt.fr\/wp-content\/uploads\/2023\/09\/tuto-enrolement-clearpass-ANDROID.pdf<\/p>\n<div class=\"encadre\">&nbsp;<\/div>\n","protected":false},"excerpt":{"rendered":"<p>Proc\u00e9dure d&rsquo;accueil A votre arriv\u00e9e dans l&rsquo;\u00e9tablissement, le service informatique va cr\u00e9er quatre comptes diff\u00e9rents: Un compte de \u00ab\u00a0session\u00a0\u00bb: Ce compte sera utilis\u00e9 pour l&rsquo;acc\u00e8s au ordinateur des salles informatiques et du CDI, aux photocopieurs, ainsi que l&rsquo;acc\u00e8s \u00e0 l&rsquo;outil de l&rsquo;ALESA pour s&rsquo;inscrire aux activit\u00e9s. Un compte sur Pronote: il sera utilis\u00e9 pour consulter [&hellip;]<\/p>\n","protected":false},"author":1,"featured_media":0,"parent":138,"menu_order":0,"comment_status":"closed","ping_status":"open","template":"","meta":{"ngg_post_thumbnail":0,"footnotes":""},"class_list":["post-156","page","type-page","status-publish","hentry"],"_links":{"self":[{"href":"https:\/\/wp.pixerecourt.fr\/index.php?rest_route=\/wp\/v2\/pages\/156","targetHints":{"allow":["GET"]}}],"collection":[{"href":"https:\/\/wp.pixerecourt.fr\/index.php?rest_route=\/wp\/v2\/pages"}],"about":[{"href":"https:\/\/wp.pixerecourt.fr\/index.php?rest_route=\/wp\/v2\/types\/page"}],"author":[{"embeddable":true,"href":"https:\/\/wp.pixerecourt.fr\/index.php?rest_route=\/wp\/v2\/users\/1"}],"replies":[{"embeddable":true,"href":"https:\/\/wp.pixerecourt.fr\/index.php?rest_route=%2Fwp%2Fv2%2Fcomments&post=156"}],"version-history":[{"count":4,"href":"https:\/\/wp.pixerecourt.fr\/index.php?rest_route=\/wp\/v2\/pages\/156\/revisions"}],"predecessor-version":[{"id":2597,"href":"https:\/\/wp.pixerecourt.fr\/index.php?rest_route=\/wp\/v2\/pages\/156\/revisions\/2597"}],"up":[{"embeddable":true,"href":"https:\/\/wp.pixerecourt.fr\/index.php?rest_route=\/wp\/v2\/pages\/138"}],"wp:attachment":[{"href":"https:\/\/wp.pixerecourt.fr\/index.php?rest_route=%2Fwp%2Fv2%2Fmedia&parent=156"}],"curies":[{"name":"wp","href":"https:\/\/api.w.org\/{rel}","templated":true}]}}