{"id":146,"date":"2015-08-04T10:30:22","date_gmt":"2015-08-04T10:30:22","guid":{"rendered":"http:\/\/wp.pixerecourt.fr\/procedure-epl\/?page_id=146"},"modified":"2023-10-03T13:01:43","modified_gmt":"2023-10-03T13:01:43","slug":"bienvenue","status":"publish","type":"page","link":"https:\/\/wp.pixerecourt.fr\/","title":{"rendered":"bienvenue!"},"content":{"rendered":"<h4>Cette plate forme a pour objectif de vous faire conna\u00eetre les outils num\u00e9riques utilis\u00e9s dans l'\u00e9tablissement.<\/h4>\n<figure id=\"attachment_223\" aria-describedby=\"caption-attachment-223\" style=\"width: 150px\" class=\"wp-caption alignright\"><a href=\"http:\/\/wp.pixerecourt.fr\/?page_id=2\"><img loading=\"lazy\" decoding=\"async\" class=\"wp-image-223\" src=\"http:\/\/wp.pixerecourt.fr\/wp-content\/uploads\/2016\/08\/ecole_etudiant35-150x150.gif\" alt=\"ecole_etudiant35\" width=\"150\" height=\"150\"><\/a><figcaption id=\"caption-attachment-223\" class=\"wp-caption-text\">Pour les enseignants<\/figcaption><\/figure>\n<figure id=\"attachment_223\" aria-describedby=\"caption-attachment-223\" style=\"width: 158px\" class=\"wp-caption alignleft\"><a href=\"http:\/\/wp.pixerecourt.fr\/?page_id=138\" rel=\"attachment wp-att-217\"><img loading=\"lazy\" decoding=\"async\" class=\"wp-image-223\" src=\"http:\/\/wp.pixerecourt.fr\/wp-content\/uploads\/2016\/08\/ecole_etudiant18.gif\" alt=\"Pour les \u00e9l\u00e8ves\" width=\"158\" height=\"93\"><\/a><figcaption id=\"caption-attachment-223\" class=\"wp-caption-text\">Pour les \u00e9l\u00e8ves du lyc\u00e9e<\/figcaption><\/figure>\n","protected":false},"excerpt":{"rendered":"<p>Cette plate forme a pour objectif de vous faire conna\u00eetre les outils num\u00e9riques utilis\u00e9s dans l&rsquo;\u00e9tablissement.<\/p>\n","protected":false},"author":1,"featured_media":0,"parent":0,"menu_order":0,"comment_status":"closed","ping_status":"open","template":"","meta":{"ngg_post_thumbnail":0,"footnotes":""},"class_list":["post-146","page","type-page","status-publish","hentry"],"_links":{"self":[{"href":"https:\/\/wp.pixerecourt.fr\/index.php?rest_route=\/wp\/v2\/pages\/146","targetHints":{"allow":["GET"]}}],"collection":[{"href":"https:\/\/wp.pixerecourt.fr\/index.php?rest_route=\/wp\/v2\/pages"}],"about":[{"href":"https:\/\/wp.pixerecourt.fr\/index.php?rest_route=\/wp\/v2\/types\/page"}],"author":[{"embeddable":true,"href":"https:\/\/wp.pixerecourt.fr\/index.php?rest_route=\/wp\/v2\/users\/1"}],"replies":[{"embeddable":true,"href":"https:\/\/wp.pixerecourt.fr\/index.php?rest_route=%2Fwp%2Fv2%2Fcomments&post=146"}],"version-history":[{"count":3,"href":"https:\/\/wp.pixerecourt.fr\/index.php?rest_route=\/wp\/v2\/pages\/146\/revisions"}],"predecessor-version":[{"id":2604,"href":"https:\/\/wp.pixerecourt.fr\/index.php?rest_route=\/wp\/v2\/pages\/146\/revisions\/2604"}],"wp:attachment":[{"href":"https:\/\/wp.pixerecourt.fr\/index.php?rest_route=%2Fwp%2Fv2%2Fmedia&parent=146"}],"curies":[{"name":"wp","href":"https:\/\/api.w.org\/{rel}","templated":true}]}}