{"id":104,"date":"2015-08-22T12:31:00","date_gmt":"2015-08-22T12:31:00","guid":{"rendered":"http:\/\/wp.pixerecourt.fr\/granderegion\/?page_id=104"},"modified":"2015-08-24T09:24:29","modified_gmt":"2015-08-24T09:24:29","slug":"contact","status":"publish","type":"page","link":"https:\/\/wp.pixerecourt.fr\/granderegion\/contact\/","title":{"rendered":"Contact"},"content":{"rendered":"<p><a href=\"http:\/\/wp.pixerecourt.fr\/granderegion\/wp-content\/uploads\/sites\/31\/2015\/08\/photo-moi.png\"><img loading=\"lazy\" decoding=\"async\" class=\"alignleft size-thumbnail wp-image-107\" src=\"http:\/\/wp.pixerecourt.fr\/granderegion\/wp-content\/uploads\/sites\/31\/2015\/08\/photo-moi-150x150.png\" alt=\"Catherine Boulot\" width=\"150\" height=\"150\" \/><\/a><\/p>\n<p style=\"text-align: left\">Catherine Boulot<\/p>\n<p style=\"text-align: left\">Charg\u00e9e de mission \u00e9ducation au d\u00e9veloppement durable et formation en Grande R\u00e9gion.<br \/>\nEnseignante d&rsquo;allemand au LEGTA\u00a0 de Nancy Pix\u00e9r\u00e9court<\/p>\n<p style=\"text-align: left\">\nE-Mail : catherine.boulot@educagri.fr<br \/>\nPortable : 06 88 20 25 10<\/p>\n","protected":false},"excerpt":{"rendered":"<p>Catherine Boulot Charg\u00e9e de mission \u00e9ducation au d\u00e9veloppement durable et formation en Grande R\u00e9gion. Enseignante d&rsquo;allemand au LEGTA\u00a0 de Nancy Pix\u00e9r\u00e9court E-Mail : catherine.boulot@educagri.fr Portable : 06 88 20 25 10<\/p>\n","protected":false},"author":94,"featured_media":0,"parent":0,"menu_order":0,"comment_status":"closed","ping_status":"closed","template":"","meta":{"ngg_post_thumbnail":0,"footnotes":""},"class_list":["post-104","page","type-page","status-publish","hentry"],"_links":{"self":[{"href":"https:\/\/wp.pixerecourt.fr\/granderegion\/wp-json\/wp\/v2\/pages\/104","targetHints":{"allow":["GET"]}}],"collection":[{"href":"https:\/\/wp.pixerecourt.fr\/granderegion\/wp-json\/wp\/v2\/pages"}],"about":[{"href":"https:\/\/wp.pixerecourt.fr\/granderegion\/wp-json\/wp\/v2\/types\/page"}],"author":[{"embeddable":true,"href":"https:\/\/wp.pixerecourt.fr\/granderegion\/wp-json\/wp\/v2\/users\/94"}],"replies":[{"embeddable":true,"href":"https:\/\/wp.pixerecourt.fr\/granderegion\/wp-json\/wp\/v2\/comments?post=104"}],"version-history":[{"count":0,"href":"https:\/\/wp.pixerecourt.fr\/granderegion\/wp-json\/wp\/v2\/pages\/104\/revisions"}],"wp:attachment":[{"href":"https:\/\/wp.pixerecourt.fr\/granderegion\/wp-json\/wp\/v2\/media?parent=104"}],"curies":[{"name":"wp","href":"https:\/\/api.w.org\/{rel}","templated":true}]}}