{"id":368,"date":"2015-09-28T15:19:49","date_gmt":"2015-09-28T15:19:49","guid":{"rendered":"http:\/\/wp.pixerecourt.fr\/?page_id=368"},"modified":"2018-11-14T14:39:03","modified_gmt":"2018-11-14T14:39:03","slug":"video-numerique","status":"publish","type":"page","link":"https:\/\/wp.pixerecourt.fr\/cours-info\/video-numerique\/","title":{"rendered":"Vid\u00e9o num\u00e9rique"},"content":{"rendered":"<h2>Quelques bases:<\/h2>\n<p>Quelque soit le moyen de visionnage utilis\u00e9, les donn\u00e9es d'une vid\u00e9o sont dans un \"fichier\", stock\u00e9 sur un support num\u00e9rique (cl\u00e9 usb, disque dur, serveur web...)<\/p>\n<h3>Les sources peuvent \u00eatre:<\/h3>\n<ul>\n<li>Sur un site web, directement ( youtube, par exemple): on parle alors de \"streaming\".<\/li>\n<li>Par t\u00e9l\u00e9chargement sur internet. Certaines de ces vid\u00e9os ont des protections li\u00e9es \u00e0 une licence d'utilisation<\/li>\n<li>Un tournage: Le plus souvent on utilise une cam\u00e9ra num\u00e9rique ou un smartphone.<\/li>\n<li>Par un logiciel de montage ou d'animation. Par exemple l'excellent <strong>camstudio<\/strong> (voir plus bas pour l'utilisation) permet de \"filmer\" son \u00e9cran.<\/li>\n<\/ul>\n<h3>Fichier vid\u00e9o:<\/h3>\n<p>Une vid\u00e9o, dans le monde num\u00e9rique, correspond \u00e0 un fichier, il est caract\u00e9ris\u00e9 par:<\/p>\n<ul>\n<li>Son format: Comme les images, les fichiers vid\u00e9os ont un <strong>format<\/strong>. Les formats les plus courants sont: AVI, M4V, MPEG, FLV, MKV, WEBM<\/li>\n<li>Son codec: c'est un algorithme qui permettent de compresser les vid\u00e9os. Les codecs vid\u00e9o les plus fr\u00e9quents sont : DIVX, XVID, X264. Pour le son, il faut \u00e9galement utiliser un codec, le plus fr\u00e9quent est le MP3 (qui est aussi un format de son). Pour lire la vid\u00e9o sur un ordinateur il faut utiliser le Codec qui \u00e0 servi \u00e0 la cr\u00e9ation de la vid\u00e9o.&nbsp; Pour le web, le codec est directement int\u00e9gr\u00e9 au navigateur Internet.<\/li>\n<li>D'autres caract\u00e9ristiques: nombre d'image par seconde, qualit\u00e9 de l'encodage, dur\u00e9e, r\u00e9solution (taille), poids du fichier<\/li>\n<\/ul>\n<div class=\"encadre\">Comme pour un fichier image, il faut prendre en compte le poids du fichier et l'adapter en fonction des besoins. Lors d'un encodage, les caract\u00e9ristiques ayant le plus d'influence sur le poids du fichier sont la qualit\u00e9, le codec et la taille<\/div>\n<h3>Lecture des fichiers vid\u00e9o:<\/h3>\n<p>Sur un ordinateur, le logiciel de lecture de vid\u00e9o qui est le plus utilis\u00e9 est VLC . C'est un logiciel Opensource qui sait lire quasiment tous les formats et tous les codecs.<\/p>\n<div class=\"encadre\">Attention: il faut toujours t\u00e9l\u00e9charger sur le <a href=\"http:\/\/www.videolan.org\/vlc\/\">site officiel! <\/a><\/div>\n<h3>Faire un \"screencast\":<\/h3>\n<p>Cette action consiste \u00e0 prendre un vid\u00e9o de ce qui se d\u00e9roule sur l'\u00e9cran d'un ordinateur.&nbsp;<\/p>\n<p>Tout est dans cette vid\u00e9o:<\/p>\n<p><iframe loading=\"lazy\" title=\"camstudio\" width=\"640\" height=\"360\" src=\"https:\/\/www.youtube.com\/embed\/XWJ1ZTAKvnk?feature=oembed\" frameborder=\"0\" allow=\"accelerometer; autoplay; clipboard-write; encrypted-media; gyroscope; picture-in-picture; web-share\" referrerpolicy=\"strict-origin-when-cross-origin\" allowfullscreen><\/iframe><\/p>\n<h3>Montage d'une vid\u00e9o:<\/h3>\n<p>Apr\u00e8s une prise de vue, on doit passer par une phase de r\u00e9alisation qui consistera \u00e0 couper les s\u00e9quences en trop, ajouter des titres et des effets (par exemple un fondu) . Cette phase n\u00e9cessite un logiciel de montage vid\u00e9o. On trouve beaucoup de logiciel de montage, souvent ce sont des logiciels payant.<\/p>\n<p>On trouve notamment: Windows Movie Maker (gratuitement fourni par microsoft ), Openshot, Vid\u00e9oPad. Vous en trouverez plusieurs sur <a href=\"http:\/\/www.01net.com\/astuces\/les-meilleurs-logiciels-gratuits-de-montage-video-pour-windows-1223666.html\">cet article<\/a><\/p>\n<p>Apr\u00e8s avoir test\u00e9 Vid\u00e9oPad, j'ai \u00e9t\u00e9 assez convaincu, et j'ai pu monter cette vid\u00e9o:<\/p>\n<p><iframe loading=\"lazy\" title=\"Montage d&#039;une vid\u00e9o avec vid\u00e9opad\" width=\"640\" height=\"360\" src=\"https:\/\/www.youtube.com\/embed\/SUDMCncL6qo?feature=oembed\" frameborder=\"0\" allow=\"accelerometer; autoplay; clipboard-write; encrypted-media; gyroscope; picture-in-picture; web-share\" referrerpolicy=\"strict-origin-when-cross-origin\" allowfullscreen><\/iframe><\/p>\n","protected":false},"excerpt":{"rendered":"<p>Quelques bases: Quelque soit le moyen de visionnage utilis\u00e9, les donn\u00e9es d&rsquo;une vid\u00e9o sont dans un \u00ab\u00a0fichier\u00a0\u00bb, stock\u00e9 sur un support num\u00e9rique (cl\u00e9 usb, disque dur, serveur web&#8230;) Les sources peuvent \u00eatre: Sur un site web, directement ( youtube, par exemple): on parle alors de \u00ab\u00a0streaming\u00a0\u00bb. Par t\u00e9l\u00e9chargement sur internet. Certaines de ces vid\u00e9os ont [&hellip;]<\/p>\n","protected":false},"author":1,"featured_media":0,"parent":0,"menu_order":16,"comment_status":"open","ping_status":"closed","template":"","meta":{"ngg_post_thumbnail":0,"footnotes":""},"class_list":["post-368","page","type-page","status-publish","hentry"],"_links":{"self":[{"href":"https:\/\/wp.pixerecourt.fr\/cours-info\/wp-json\/wp\/v2\/pages\/368","targetHints":{"allow":["GET"]}}],"collection":[{"href":"https:\/\/wp.pixerecourt.fr\/cours-info\/wp-json\/wp\/v2\/pages"}],"about":[{"href":"https:\/\/wp.pixerecourt.fr\/cours-info\/wp-json\/wp\/v2\/types\/page"}],"author":[{"embeddable":true,"href":"https:\/\/wp.pixerecourt.fr\/cours-info\/wp-json\/wp\/v2\/users\/1"}],"replies":[{"embeddable":true,"href":"https:\/\/wp.pixerecourt.fr\/cours-info\/wp-json\/wp\/v2\/comments?post=368"}],"version-history":[{"count":0,"href":"https:\/\/wp.pixerecourt.fr\/cours-info\/wp-json\/wp\/v2\/pages\/368\/revisions"}],"wp:attachment":[{"href":"https:\/\/wp.pixerecourt.fr\/cours-info\/wp-json\/wp\/v2\/media?parent=368"}],"curies":[{"name":"wp","href":"https:\/\/api.w.org\/{rel}","templated":true}]}}