{"id":1995,"date":"2025-10-11T09:19:04","date_gmt":"2025-10-11T09:19:04","guid":{"rendered":"https:\/\/wp.pixerecourt.fr\/cours-info\/?page_id=1995"},"modified":"2025-10-11T09:19:04","modified_gmt":"2025-10-11T09:19:04","slug":"qgis-creation-dun-projet-publiable-et-editable-sur-lizmap-pixerecourt-fr","status":"publish","type":"page","link":"https:\/\/wp.pixerecourt.fr\/cours-info\/qgis-creation-dun-projet-publiable-et-editable-sur-lizmap-pixerecourt-fr\/","title":{"rendered":"QGIS: Cr\u00e9ation d&rsquo;un projet publiable et \u00e9ditable sur lizmap.pixerecourt.fr"},"content":{"rendered":"<p>Vid\u00e9o des manipulations ici:<\/p>\n<div style=\"width: 640px;\" class=\"wp-video\"><!--[if lt IE 9]><script>document.createElement('video');<\/script><![endif]-->\n<video class=\"wp-video-shortcode\" id=\"video-1995-1\" width=\"640\" height=\"360\" preload=\"metadata\" controls=\"controls\"><source type=\"video\/mp4\" src=\"https:\/\/video.pixerecourt.fr\/video_info\/publication-dun-projet-sur-lizmap.mp4?_=1\" \/><a href=\"https:\/\/video.pixerecourt.fr\/video_info\/publication-dun-projet-sur-lizmap.mp4\">https:\/\/video.pixerecourt.fr\/video_info\/publication-dun-projet-sur-lizmap.mp4<\/a><\/video><\/div>\n<p>Tutoriel en PDF ici:<\/p>\n<p>http:\/\/wp.pixerecourt.fr\/cours-info\/wp-content\/uploads\/sites\/39\/2025\/10\/Tuto-Creation-a-partir-de-QGIS-et-publication-dun-projet-editable-sur-lizmap2.pdf<\/p>\n<p>&nbsp;<\/p>\n<p>&nbsp;<\/p>\n","protected":false},"excerpt":{"rendered":"<p>Vid\u00e9o des manipulations ici: https:\/\/video.pixerecourt.fr\/video_info\/publication-dun-projet-sur-lizmap.mp4 Tutoriel en PDF ici: http:\/\/wp.pixerecourt.fr\/cours-info\/wp-content\/uploads\/sites\/39\/2025\/10\/Tuto-Creation-a-partir-de-QGIS-et-publication-dun-projet-editable-sur-lizmap2.pdf &nbsp; &nbsp;<\/p>\n","protected":false},"author":1,"featured_media":0,"parent":0,"menu_order":0,"comment_status":"closed","ping_status":"closed","template":"","meta":{"ngg_post_thumbnail":0,"footnotes":""},"class_list":["post-1995","page","type-page","status-publish","hentry"],"_links":{"self":[{"href":"https:\/\/wp.pixerecourt.fr\/cours-info\/wp-json\/wp\/v2\/pages\/1995","targetHints":{"allow":["GET"]}}],"collection":[{"href":"https:\/\/wp.pixerecourt.fr\/cours-info\/wp-json\/wp\/v2\/pages"}],"about":[{"href":"https:\/\/wp.pixerecourt.fr\/cours-info\/wp-json\/wp\/v2\/types\/page"}],"author":[{"embeddable":true,"href":"https:\/\/wp.pixerecourt.fr\/cours-info\/wp-json\/wp\/v2\/users\/1"}],"replies":[{"embeddable":true,"href":"https:\/\/wp.pixerecourt.fr\/cours-info\/wp-json\/wp\/v2\/comments?post=1995"}],"version-history":[{"count":1,"href":"https:\/\/wp.pixerecourt.fr\/cours-info\/wp-json\/wp\/v2\/pages\/1995\/revisions"}],"predecessor-version":[{"id":1997,"href":"https:\/\/wp.pixerecourt.fr\/cours-info\/wp-json\/wp\/v2\/pages\/1995\/revisions\/1997"}],"wp:attachment":[{"href":"https:\/\/wp.pixerecourt.fr\/cours-info\/wp-json\/wp\/v2\/media?parent=1995"}],"curies":[{"name":"wp","href":"https:\/\/api.w.org\/{rel}","templated":true}]}}