{"id":174,"date":"2015-03-14T10:11:27","date_gmt":"2015-03-14T10:11:27","guid":{"rendered":"http:\/\/wp.pixerecourt.fr\/?page_id=174"},"modified":"2018-11-14T14:39:03","modified_gmt":"2018-11-14T14:39:03","slug":"les-sites","status":"publish","type":"page","link":"https:\/\/wp.pixerecourt.fr\/cours-info\/","title":{"rendered":"Accueil"},"content":{"rendered":"<a class=\"mwm-aal-item\" name=\"bienvenue-sur-la-plate-forme-de-cours-tim\"><\/a><h1>Bienvenue sur la plate-forme de cours TIM!<\/h1>\n<p>Cette plate-forme contient le support des cours dispens\u00e9s dans le cadre des TIM (Tec hnologie Informatique et Multim\u00e9dia).<\/p>\n<p>En utilisant le menu en haut de la page, vous pourrez y d\u00e9couvrir:<\/p>\n<ul>\n<li>Une section concernant les images num\u00e9riques<\/li>\n<li>Une section sur la vid\u00e9o: comment faire un \"screencast\" ou du montage vid\u00e9o<\/li>\n<li>Une section contenant des capsule vid\u00e9o sur le traitement de texte<\/li>\n<li>Une section sur la publication web, particuli\u00e8rement sur la plate-forme \"Wordpress\"<\/li>\n<li>D'autres sections (\u00e0 venir)<\/li>\n<\/ul>\n<p>&nbsp;<\/p>\n","protected":false},"excerpt":{"rendered":"<p>Bienvenue sur la plate-forme de cours TIM! Cette plate-forme contient le support des cours dispens\u00e9s dans le cadre des TIM (Tec hnologie Informatique et Multim\u00e9dia). En utilisant le menu en haut de la page, vous pourrez y d\u00e9couvrir: Une section concernant les images num\u00e9riques Une section sur la vid\u00e9o: comment faire un \u00ab\u00a0screencast\u00a0\u00bb ou du [&hellip;]<\/p>\n","protected":false},"author":1,"featured_media":0,"parent":0,"menu_order":1,"comment_status":"open","ping_status":"open","template":"template-nosidebar.php","meta":{"ngg_post_thumbnail":0,"footnotes":""},"class_list":["post-174","page","type-page","status-publish","hentry"],"_links":{"self":[{"href":"https:\/\/wp.pixerecourt.fr\/cours-info\/wp-json\/wp\/v2\/pages\/174","targetHints":{"allow":["GET"]}}],"collection":[{"href":"https:\/\/wp.pixerecourt.fr\/cours-info\/wp-json\/wp\/v2\/pages"}],"about":[{"href":"https:\/\/wp.pixerecourt.fr\/cours-info\/wp-json\/wp\/v2\/types\/page"}],"author":[{"embeddable":true,"href":"https:\/\/wp.pixerecourt.fr\/cours-info\/wp-json\/wp\/v2\/users\/1"}],"replies":[{"embeddable":true,"href":"https:\/\/wp.pixerecourt.fr\/cours-info\/wp-json\/wp\/v2\/comments?post=174"}],"version-history":[{"count":0,"href":"https:\/\/wp.pixerecourt.fr\/cours-info\/wp-json\/wp\/v2\/pages\/174\/revisions"}],"wp:attachment":[{"href":"https:\/\/wp.pixerecourt.fr\/cours-info\/wp-json\/wp\/v2\/media?parent=174"}],"curies":[{"name":"wp","href":"https:\/\/api.w.org\/{rel}","templated":true}]}}