{"id":1716,"date":"2021-11-08T14:24:43","date_gmt":"2021-11-08T14:24:43","guid":{"rendered":"http:\/\/wp.pixerecourt.fr\/cours-info\/?page_id=1716"},"modified":"2021-11-08T15:26:42","modified_gmt":"2021-11-08T15:26:42","slug":"imagerie-numerique-taille-des-images-matricielles","status":"publish","type":"page","link":"https:\/\/wp.pixerecourt.fr\/cours-info\/imagerie-numerique-taille-des-images-matricielles\/","title":{"rendered":"Imagerie num\u00e9rique: Taille des images matricielles"},"content":{"rendered":"\r\n<h2>Taille des images matricielles<\/h2>\r\n<p>Comme on l'a vu, la taille d'une image principalement au <strong>nombre de pixel qu'elle comporte<\/strong>.<\/p>\r\n<h3>R\u00e9duction du niveau de zoom<\/h3>\r\n<p>Dans un traitement de texte ou tableur, on peut changer le niveau de zoom d'une image dans la page. pour cela on peut cliquer d\u00e9placer les poign\u00e9es qui s'affichent de chaque cot\u00e9 de l'image:<\/p>\r\n<p><a href=\"http:\/\/wp.pixerecourt.fr\/cours-info\/wp-content\/uploads\/sites\/39\/2021\/11\/image-matricielle-r\u00e9duction-zoom-image.jpg\"><img loading=\"lazy\" decoding=\"async\" class=\"alignnone size-medium wp-image-1728\" src=\"http:\/\/wp.pixerecourt.fr\/cours-info\/wp-content\/uploads\/sites\/39\/2021\/11\/image-matricielle-r\u00e9duction-zoom-image-300x298.jpg\" alt=\"\" width=\"300\" height=\"298\" srcset=\"https:\/\/wp.pixerecourt.fr\/cours-info\/wp-content\/uploads\/sites\/39\/2021\/11\/image-matricielle-r\u00e9duction-zoom-image-300x298.jpg 300w, https:\/\/wp.pixerecourt.fr\/cours-info\/wp-content\/uploads\/sites\/39\/2021\/11\/image-matricielle-r\u00e9duction-zoom-image-150x150.jpg 150w, https:\/\/wp.pixerecourt.fr\/cours-info\/wp-content\/uploads\/sites\/39\/2021\/11\/image-matricielle-r\u00e9duction-zoom-image-100x100.jpg 100w, https:\/\/wp.pixerecourt.fr\/cours-info\/wp-content\/uploads\/sites\/39\/2021\/11\/image-matricielle-r\u00e9duction-zoom-image-90x90.jpg 90w, https:\/\/wp.pixerecourt.fr\/cours-info\/wp-content\/uploads\/sites\/39\/2021\/11\/image-matricielle-r\u00e9duction-zoom-image-454x450.jpg 454w, https:\/\/wp.pixerecourt.fr\/cours-info\/wp-content\/uploads\/sites\/39\/2021\/11\/image-matricielle-r\u00e9duction-zoom-image-262x260.jpg 262w, https:\/\/wp.pixerecourt.fr\/cours-info\/wp-content\/uploads\/sites\/39\/2021\/11\/image-matricielle-r\u00e9duction-zoom-image-66x65.jpg 66w, https:\/\/wp.pixerecourt.fr\/cours-info\/wp-content\/uploads\/sites\/39\/2021\/11\/image-matricielle-r\u00e9duction-zoom-image-50x50.jpg 50w, https:\/\/wp.pixerecourt.fr\/cours-info\/wp-content\/uploads\/sites\/39\/2021\/11\/image-matricielle-r\u00e9duction-zoom-image-504x500.jpg 504w, https:\/\/wp.pixerecourt.fr\/cours-info\/wp-content\/uploads\/sites\/39\/2021\/11\/image-matricielle-r\u00e9duction-zoom-image.jpg 620w\" sizes=\"auto, (max-width: 300px) 100vw, 300px\" \/><\/a><\/p>\r\n<p>ATTENTION: Quand on r\u00e9duit le zoom d'une image<strong>, on ne diminue pas le nombre de pixel qu'elle comporte,<\/strong> c'est \u00e0 dire que la quantit\u00e9 d'information \u00e0 traiter par l'ordinateur est toujours la m\u00eame.<\/p>\r\n<p>Comme on l'a vu pr\u00e9c\u00e9demment, le nombre de pixel qu'elle comporte, doit \u00eatre adapt\u00e9 \u00e0 ce qu'on veut en faire:<\/p>\r\n<h4>Images destin\u00e9es aux \u00e9crans:<\/h4>\r\n<p>Pour des images \u00e0 visualiser sur un \u00e9cran d'ordinateur, par exemple dans un diaporama, avec des dimensions de 10x10 cm environ, 1000 pixels en hauteur et largeur suffisent largement!<\/p>\r\n<h4>Images destin\u00e9es \u00e0 l'impression:<\/h4>\r\n<p>Pour des images destin\u00e9es \u00e0 \u00eatre imprim\u00e9es, il faut pr\u00e9server une r\u00e9solution minimum de <strong>300 pixels par pouce<\/strong>(dpi). Cela signifie que:<\/p>\r\n<p><strong>Pour 1 pouce<\/strong> de l'image ( 1 pouce = 2,54 Centim\u00e8tre), il faut au moins <strong>300<\/strong> Pixels<\/p>\r\n<div class=\"exemple\" style=\"text-align: center;\">Par exemple, pour imprimer une image sur une feuille A3 ( de largeur 42cm), on peut calculer le nombre de pixel n\u00e9cessaire, mais il faut d'abord convertir la taille en pouce:\r\n2.54 cm = 1 pouce -&gt; 42 cm = 16.5 pouces\r\nPour conna\u00eetre le nombre de pixel n\u00e9cessaire il nous faut multiplier cette taille en pouce par <strong>300<\/strong>:\r\n\r\n<p>300*16.5= 5000 pixels (en largeur)<\/p>\r\n<\/div>\r\n<p>\r\nPour certains usages, on peut descendre en dessous des 300 pixels par pouce (150 DPI, 96 ou m\u00eame 50 DPI)\r\n<\/p>\r\n<h2 style=\"text-align: left;\">R\u00e9duction de la taille d'une image:<\/h2>\r\n<h3 style=\"text-align: left;\">Directement avec le traitement de texte de LibreOffice:<\/h3>\r\n<\/div>\r\n<div>\r\n<p class=\"exemple\">Sur libre office writer, on peut directement changer la taille d'une image en faisant un Clic Droit sur l'image, puis compresser<\/p>\r\n<h3><a href=\"http:\/\/wp.pixerecourt.fr\/cours-info\/wp-content\/uploads\/sites\/39\/2021\/11\/index.jpeg\"><img loading=\"lazy\" decoding=\"async\" class=\"alignnone size-full wp-image-1726\" src=\"http:\/\/wp.pixerecourt.fr\/cours-info\/wp-content\/uploads\/sites\/39\/2021\/11\/index.jpeg\" alt=\"\" width=\"213\" height=\"225\" srcset=\"https:\/\/wp.pixerecourt.fr\/cours-info\/wp-content\/uploads\/sites\/39\/2021\/11\/index.jpeg 213w, https:\/\/wp.pixerecourt.fr\/cours-info\/wp-content\/uploads\/sites\/39\/2021\/11\/index-62x65.jpeg 62w\" sizes=\"auto, (max-width: 213px) 100vw, 213px\" \/><\/a><\/h3>\r\n<p class=\"exemple\">Ceci nous am\u00e8ne sur une fen\u00eatre ou on peut consulter des informations sur l'image. Le logiciel a d\u00e9termin\u00e9 le facteur de zoom que vous avez donn\u00e9 \u00e0 l'image, et en a d\u00e9duit le nombre de pixel n\u00e9cessaire \u00e0 cette image. Si vous cliquez sur ok, le logiciel va alors appliquer la modification, c'est \u00e0 dire la diminution du nombre de pixel. Le bouton \"R\u00e9solution\" nous permet de pr\u00e9ciser le mode de calcul. Le nombre de pixel par pouce est \u00e0 pr\u00e9ciser dans la \"r\u00e9solution\" (sur 96 ici)<\/p>\r\n<p><a href=\"http:\/\/wp.pixerecourt.fr\/cours-info\/wp-content\/uploads\/sites\/39\/2021\/11\/fenetre-compression.jpeg\"><img loading=\"lazy\" decoding=\"async\" class=\"alignnone size-full wp-image-1727\" src=\"http:\/\/wp.pixerecourt.fr\/cours-info\/wp-content\/uploads\/sites\/39\/2021\/11\/fenetre-compression.jpeg\" alt=\"\" width=\"251\" height=\"201\" srcset=\"https:\/\/wp.pixerecourt.fr\/cours-info\/wp-content\/uploads\/sites\/39\/2021\/11\/fenetre-compression.jpeg 251w, https:\/\/wp.pixerecourt.fr\/cours-info\/wp-content\/uploads\/sites\/39\/2021\/11\/fenetre-compression-81x65.jpeg 81w\" sizes=\"auto, (max-width: 251px) 100vw, 251px\" \/><\/a><\/p>\r\n<h3>Avec un logiciel de traitement d'image<\/h3>\r\n<p class=\"exemple\">Une exemple est donn\u00e9<a title=\"Imagerie num\u00e9rique \u2013 Manips\" href=\"http:\/\/wp.pixerecourt.fr\/imagerie-numerique\/imagerie-numerique-manipulation\/\">&nbsp; ici avec le logiciel irfanview<\/a><\/p>\r\n<h3>Impact sur le poids du fichier<\/h3>\r\n<p class=\"exemple\">L'impact du r\u00e9duction du nombre de pixel d'une image n'est pas directement visible, mais on peut voir le r\u00e9sultat sur le \"poids\" du fichier. Le poids, mesur\u00e9 en Octet, Kilooctets, M\u00e9gaoctet, est un bon moyen d'avoir une id\u00e9e de la taille d'une image avant de l'utiliser<\/p>\r\n<h4>\u00c9quivalence:<\/h4>\r\n<ul>\r\n\t<li>1 Kilooctet (Ko) -&gt; 1000 octets<\/li>\r\n\t<li>1 M\u00e9gaoctet (Mo) -&gt; 1000 Ko<\/li>\r\n\t<li>1 Gigaoctet (Go) -&gt; 1000 Mo<\/li>\r\n\t<li>1 T\u00e9raoctets (To) -&gt; 1000 Go<\/li>\r\n<\/ul>\r\n<p class=\"exemple\">Le poids du fichier est une notion importante \u00e0 prendre en compte pour manipuler des images, en particulier quand:<\/p>\r\n<ul>\r\n\t<li>on veut envoyer par mail, ou par mms (pas plus de 10 Mo)<\/li>\r\n\t<li>on veut les ins\u00e9rer dans un traitement de texte ou un logiciel de diaporama (pas plus de 10 Mo)<\/li>\r\n\t<li>on veut les ins\u00e9rer dans une page web ou dans un blog (pas plus de 500 Ko)<\/li>\r\n<\/ul>\r\n<p class=\"exemple\">Il faut savoir qu'une image dont le poids est sup\u00e9rieur \u00e0 1 MO, est d\u00e9j\u00e0 trop importante pour \u00eatre utilis\u00e9 telle quelle dans un logiciel de traitement de texte sur une taille A4, il faut n\u00e9cessairement passer par une r\u00e9duction. Dans le cas contraire le document sera alourdie inutilement, au risque de faire planter l'ordinateur \u00e0 son ouverture.<\/p>\r\n<h3>Pas de manipulation inverse<\/h3>\r\n<p class=\"exemple\">Lorsqu'on a supprim\u00e9 des pixels d'une image, l'op\u00e9ration n'est pas r\u00e9versible: Si on ajoute des pixels, les nouveaux ne contiendront pas d'information \"int\u00e9ressante\" car ce sera uniquement une copie des pixels d\u00e9j\u00e0 pr\u00e9sents. Dans certains cas, il vaut mieux garder l'original de l'image si on veut pouvoir la sortir en grand dans l'avenir.<\/p>\r\n<p>&nbsp;<\/p>\r\n<\/div>","protected":false},"excerpt":{"rendered":"<p>Taille des images matricielles Comme on l&rsquo;a vu, la taille d&rsquo;une image principalement au nombre de pixel qu&rsquo;elle comporte. R\u00e9duction du niveau de zoom Dans un traitement de texte ou tableur, on peut changer le niveau de zoom d&rsquo;une image dans la page. pour cela on peut cliquer d\u00e9placer les poign\u00e9es qui s&rsquo;affichent de chaque [&hellip;]<\/p>\n","protected":false},"author":1,"featured_media":0,"parent":0,"menu_order":0,"comment_status":"closed","ping_status":"closed","template":"","meta":{"ngg_post_thumbnail":0,"footnotes":""},"class_list":["post-1716","page","type-page","status-publish","hentry"],"_links":{"self":[{"href":"https:\/\/wp.pixerecourt.fr\/cours-info\/wp-json\/wp\/v2\/pages\/1716","targetHints":{"allow":["GET"]}}],"collection":[{"href":"https:\/\/wp.pixerecourt.fr\/cours-info\/wp-json\/wp\/v2\/pages"}],"about":[{"href":"https:\/\/wp.pixerecourt.fr\/cours-info\/wp-json\/wp\/v2\/types\/page"}],"author":[{"embeddable":true,"href":"https:\/\/wp.pixerecourt.fr\/cours-info\/wp-json\/wp\/v2\/users\/1"}],"replies":[{"embeddable":true,"href":"https:\/\/wp.pixerecourt.fr\/cours-info\/wp-json\/wp\/v2\/comments?post=1716"}],"version-history":[{"count":14,"href":"https:\/\/wp.pixerecourt.fr\/cours-info\/wp-json\/wp\/v2\/pages\/1716\/revisions"}],"predecessor-version":[{"id":1740,"href":"https:\/\/wp.pixerecourt.fr\/cours-info\/wp-json\/wp\/v2\/pages\/1716\/revisions\/1740"}],"wp:attachment":[{"href":"https:\/\/wp.pixerecourt.fr\/cours-info\/wp-json\/wp\/v2\/media?parent=1716"}],"curies":[{"name":"wp","href":"https:\/\/api.w.org\/{rel}","templated":true}]}}