{"id":1621,"date":"2021-03-22T10:52:35","date_gmt":"2021-03-22T10:52:35","guid":{"rendered":"http:\/\/wp.pixerecourt.fr\/cours-info\/?page_id=1621"},"modified":"2024-12-06T15:56:44","modified_gmt":"2024-12-06T15:56:44","slug":"tableur-les-graphiques","status":"publish","type":"page","link":"https:\/\/wp.pixerecourt.fr\/cours-info\/tableur-les-graphiques\/","title":{"rendered":"Tableur: Les graphiques"},"content":{"rendered":"<p>Les graphiques permet de repr\u00e9senter les donn\u00e9es, voici le tutoriel \u00e0 suivre pour les construire:<\/p>\n<div style=\"width: 640px;\" class=\"wp-video\"><!--[if lt IE 9]><script>document.createElement('video');<\/script><![endif]-->\n<video class=\"wp-video-shortcode\" id=\"video-1621-1\" width=\"640\" height=\"360\" preload=\"metadata\" controls=\"controls\"><source type=\"video\/mp4\" src=\"https:\/\/video.pixerecourt.fr\/video_info\/tuto-graphique-1-kenl.mp4?_=1\" \/><source type=\"video\/webm\" src=\"https:\/\/video.pixerecourt.fr\/video_info\/tuto-graphique-1.webm?_=1\" \/><a href=\"https:\/\/video.pixerecourt.fr\/video_info\/tuto-graphique-1-kenl.mp4\">https:\/\/video.pixerecourt.fr\/video_info\/tuto-graphique-1-kenl.mp4<\/a><\/video><\/div>\n","protected":false},"excerpt":{"rendered":"<p>Les graphiques permet de repr\u00e9senter les donn\u00e9es, voici le tutoriel \u00e0 suivre pour les construire:<\/p>\n","protected":false},"author":1,"featured_media":0,"parent":0,"menu_order":0,"comment_status":"closed","ping_status":"closed","template":"","meta":{"ngg_post_thumbnail":0,"footnotes":""},"class_list":["post-1621","page","type-page","status-publish","hentry"],"_links":{"self":[{"href":"https:\/\/wp.pixerecourt.fr\/cours-info\/wp-json\/wp\/v2\/pages\/1621","targetHints":{"allow":["GET"]}}],"collection":[{"href":"https:\/\/wp.pixerecourt.fr\/cours-info\/wp-json\/wp\/v2\/pages"}],"about":[{"href":"https:\/\/wp.pixerecourt.fr\/cours-info\/wp-json\/wp\/v2\/types\/page"}],"author":[{"embeddable":true,"href":"https:\/\/wp.pixerecourt.fr\/cours-info\/wp-json\/wp\/v2\/users\/1"}],"replies":[{"embeddable":true,"href":"https:\/\/wp.pixerecourt.fr\/cours-info\/wp-json\/wp\/v2\/comments?post=1621"}],"version-history":[{"count":3,"href":"https:\/\/wp.pixerecourt.fr\/cours-info\/wp-json\/wp\/v2\/pages\/1621\/revisions"}],"predecessor-version":[{"id":1980,"href":"https:\/\/wp.pixerecourt.fr\/cours-info\/wp-json\/wp\/v2\/pages\/1621\/revisions\/1980"}],"wp:attachment":[{"href":"https:\/\/wp.pixerecourt.fr\/cours-info\/wp-json\/wp\/v2\/media?parent=1621"}],"curies":[{"name":"wp","href":"https:\/\/api.w.org\/{rel}","templated":true}]}}