{"id":1334,"date":"2020-04-24T09:25:13","date_gmt":"2020-04-24T09:25:13","guid":{"rendered":"http:\/\/wp.pixerecourt.fr\/cours-info\/?page_id=1334"},"modified":"2024-12-06T15:40:19","modified_gmt":"2024-12-06T15:40:19","slug":"base-de-donnees-les-requetes","status":"publish","type":"page","link":"https:\/\/wp.pixerecourt.fr\/cours-info\/base-de-donnees-les-requetes\/","title":{"rendered":"Base de donn\u00e9es: les requ\u00eates"},"content":{"rendered":"<p>On en arrive \u00e0 l'essentiel: Pouvoir interroger la base de donn\u00e9e pour obtenir l'information qu'on veut.<\/p>\n<p>Bien souvent la r\u00e9ponse qu'on a besoin sera sous forme d'un tableau, \u00e0 l'image de ceux qu'on a rencontr\u00e9 en <a href=\"http:\/\/wp.pixerecourt.fr\/cours-info\/tableur-lexploitation-des-tables-de-donnees\/\">tableur<\/a>, avec des fonctions nb.si et somme.si ou des tables de pilotes.<\/p>\n<a class=\"mwm-aal-item\" name=\"les-requtes-slection\"><\/a><h1>Les requ\u00eates \"s\u00e9lection\"<\/h1>\n<p>Quelques requ\u00eates simples sont construites ici. M\u00eame si Libreoffice n'est pas forc\u00e9ment l'outil id\u00e9al, vous pourrez reproduire sans surprise les exemples qui y sont montr\u00e9s.<\/p>\n<p>Vous trouverez ici des applications des<\/p>\n<ul>\n<li>Requ\u00eates \"s\u00e9lection\", qui vont rassembler des colonnes d'une ou plusieurs tables.<\/li>\n<li>Requ\u00eates \"filtr\u00e9es\" qui permettent de n'afficher que les valeurs qui correspondent \u00e0 un ou plusieurs crit\u00e8res<\/li>\n<li>Requ\u00eates \"param\u00e9tr\u00e9es\" , qui, quand on les consulte, demande la saisie d'un ou plusieurs crit\u00e8re(s)<\/li>\n<\/ul>\n<p>&nbsp;<\/p>\n<div style=\"width: 640px;\" class=\"wp-video\"><!--[if lt IE 9]><script>document.createElement('video');<\/script><![endif]-->\n<video class=\"wp-video-shortcode\" id=\"video-1334-1\" width=\"640\" height=\"360\" preload=\"metadata\" controls=\"controls\"><source type=\"video\/mp4\" src=\"https:\/\/video.pixerecourt.fr\/video_info\/BDD-tuto7.mp4?_=1\" \/><source type=\"video\/webm\" src=\"https:\/\/video.pixerecourt.fr\/video_info\/BDD-tuto7.webm?_=1\" \/><a href=\"https:\/\/video.pixerecourt.fr\/video_info\/BDD-tuto7.mp4\">https:\/\/video.pixerecourt.fr\/video_info\/BDD-tuto7.mp4<\/a><\/video><\/div>\n<p>&nbsp;<\/p>\n<ul>\n<li><a href=\"http:\/\/wp.pixerecourt.fr\/cours-info\/wp-content\/uploads\/sites\/39\/2020\/04\/texte-bdd-tuto7.pdf\">Texte de la vid\u00e9o.<\/a><\/li>\n<li><a href=\"http:\/\/wp.pixerecourt.fr\/cours-info\/wp-content\/uploads\/sites\/39\/2020\/04\/diapo-bdd-tuto7.odp\">Diaporama.<\/a><\/li>\n<li><a href=\"http:\/\/wp.pixerecourt.fr\/cours-info\/wp-content\/uploads\/sites\/39\/2020\/04\/tableau-bdd-tuto7.ods\">Tableaux qui ont servi d'exemple (\u00e7a peut toujours servir)<\/a><\/li>\n<li><a href=\"http:\/\/wp.pixerecourt.fr\/cours-info\/wp-content\/uploads\/sites\/39\/2020\/04\/bdd-debut-tuto7.odb\">Base de donn\u00e9e avant les manips du tuto<\/a><\/li>\n<li><a href=\"http:\/\/wp.pixerecourt.fr\/cours-info\/wp-content\/uploads\/sites\/39\/2020\/04\/bdd-fin-tuto7.odb\">Base de donn\u00e9e apr\u00e8s les manips du tuto<\/a><\/li>\n<\/ul>\n<a class=\"mwm-aal-item\" name=\"les-requtes-avec-regroupement\"><\/a><h1>Les requ\u00eates avec regroupement<\/h1>\n<p>Sp\u00e9cialement adapt\u00e9s pour construire des tableaux de synth\u00e8se, le regroupement est incontournable. Il va de pair avec les fonctions Nombre, Somme, Moyenne, Minimum, Maximum etc.<\/p>\n<p>Tout ceci est d\u00e9taill\u00e9 ici:<\/p>\n<div style=\"width: 640px;\" class=\"wp-video\"><video class=\"wp-video-shortcode\" id=\"video-1334-2\" width=\"640\" height=\"360\" preload=\"metadata\" controls=\"controls\"><source type=\"video\/mp4\" src=\"https:\/\/video.pixerecourt.fr\/video_info\/BDD-tuto8.mp4?_=2\" \/><source type=\"video\/webm\" src=\"https:\/\/video.pixerecourt.fr\/video_info\/BDD-tuto8.webm?_=2\" \/><a href=\"https:\/\/video.pixerecourt.fr\/video_info\/BDD-tuto8.mp4\">https:\/\/video.pixerecourt.fr\/video_info\/BDD-tuto8.mp4<\/a><\/video><\/div>\n<p>&nbsp;<\/p>\n<ul>\n<li><a href=\"http:\/\/wp.pixerecourt.fr\/cours-info\/wp-content\/uploads\/sites\/39\/2020\/04\/texte-bdd-tuto8.pdf\">Texte de la vid\u00e9o.<\/a><\/li>\n<li><a href=\"http:\/\/wp.pixerecourt.fr\/cours-info\/wp-content\/uploads\/sites\/39\/2020\/04\/diapo-bdd-tuto8.odp\">Diaporama.<\/a><\/li>\n<li><a href=\"http:\/\/wp.pixerecourt.fr\/cours-info\/wp-content\/uploads\/sites\/39\/2020\/04\/tableau-bdd-tuto8.ods\">Tableaux qui ont servi d'exemple (\u00e7a peut toujours servir)<\/a><\/li>\n<li><a href=\"http:\/\/wp.pixerecourt.fr\/cours-info\/wp-content\/uploads\/sites\/39\/2020\/04\/bdd-debut-tuto8.odb\">Base de donn\u00e9e avant les manips du tuto<\/a><\/li>\n<li><a href=\"http:\/\/wp.pixerecourt.fr\/cours-info\/wp-content\/uploads\/sites\/39\/2020\/04\/bdd-fin-tuto8.odb\">Base de donn\u00e9e apr\u00e8s les manips du tuto<\/a><\/li>\n<\/ul>\n<a class=\"mwm-aal-item\" name=\"le-calcul-entre-champs-et-requtes-imbriques\"><\/a><h1>Le calcul entre champs et requ\u00eates imbriqu\u00e9es<\/h1>\n<p>L'utilisation des fonctions de calcul donne bien des possibilit\u00e9s. Pour construire ce qui \u00e9tait demand\u00e9 dans notre exemple, il faut obligatoirement les mettre en oeuvre.<\/p>\n<p>Les requ\u00eates imbriqu\u00e9es vont \u00e9galement faciliter notre construction, elles seront utilis\u00e9es ici<\/p>\n<p>Attention, il va falloir s'accrocher un peu pour cette derni\u00e8re ...<\/p>\n<div style=\"width: 640px;\" class=\"wp-video\"><video class=\"wp-video-shortcode\" id=\"video-1334-3\" width=\"640\" height=\"360\" preload=\"metadata\" controls=\"controls\"><source type=\"video\/mp4\" src=\"https:\/\/video.pixerecourt.fr\/video_info\/BDD-tuto9.mp4?_=3\" \/><source type=\"video\/webm\" src=\"https:\/\/video.pixerecourt.fr\/video_info\/BDD-tuto9.webm?_=3\" \/><a href=\"https:\/\/video.pixerecourt.fr\/video_info\/BDD-tuto9.mp4\">https:\/\/video.pixerecourt.fr\/video_info\/BDD-tuto9.mp4<\/a><\/video><\/div>\n<p>&nbsp;<\/p>\n<ul>\n<li><a href=\"http:\/\/wp.pixerecourt.fr\/cours-info\/wp-content\/uploads\/sites\/39\/2020\/04\/texte-bdd-tuto9.pdf\">Texte de la vid\u00e9o.<\/a><\/li>\n<li><a href=\"http:\/\/wp.pixerecourt.fr\/cours-info\/wp-content\/uploads\/sites\/39\/2020\/04\/diapo-bdd-tuto9.odp\">Diaporama.<\/a><\/li>\n<li><a href=\"http:\/\/wp.pixerecourt.fr\/cours-info\/wp-content\/uploads\/sites\/39\/2020\/04\/tableau-bdd-tuto9.ods\">Tableaux qui ont servi d'exemple (\u00e7a peut toujours servir)<\/a><\/li>\n<li><a href=\"http:\/\/wp.pixerecourt.fr\/cours-info\/wp-content\/uploads\/sites\/39\/2020\/04\/bdd-debut-tuto9.odb\">Base de donn\u00e9e avant les manips du tuto<\/a><\/li>\n<li><a href=\"http:\/\/wp.pixerecourt.fr\/cours-info\/wp-content\/uploads\/sites\/39\/2020\/04\/bdd-fin-tuto9.odb\">Base de donn\u00e9e apr\u00e8s les manips du tuto<\/a><\/li>\n<\/ul>\n","protected":false},"excerpt":{"rendered":"<p>On en arrive \u00e0 l&rsquo;essentiel: Pouvoir interroger la base de donn\u00e9e pour obtenir l&rsquo;information qu&rsquo;on veut. Bien souvent la r\u00e9ponse qu&rsquo;on a besoin sera sous forme d&rsquo;un tableau, \u00e0 l&rsquo;image de ceux qu&rsquo;on a rencontr\u00e9 en tableur, avec des fonctions nb.si et somme.si ou des tables de pilotes. Les requ\u00eates \u00ab\u00a0s\u00e9lection\u00a0\u00bb Quelques requ\u00eates simples sont [&hellip;]<\/p>\n","protected":false},"author":1,"featured_media":0,"parent":0,"menu_order":0,"comment_status":"closed","ping_status":"closed","template":"","meta":{"ngg_post_thumbnail":0,"footnotes":""},"class_list":["post-1334","page","type-page","status-publish","hentry"],"_links":{"self":[{"href":"https:\/\/wp.pixerecourt.fr\/cours-info\/wp-json\/wp\/v2\/pages\/1334","targetHints":{"allow":["GET"]}}],"collection":[{"href":"https:\/\/wp.pixerecourt.fr\/cours-info\/wp-json\/wp\/v2\/pages"}],"about":[{"href":"https:\/\/wp.pixerecourt.fr\/cours-info\/wp-json\/wp\/v2\/types\/page"}],"author":[{"embeddable":true,"href":"https:\/\/wp.pixerecourt.fr\/cours-info\/wp-json\/wp\/v2\/users\/1"}],"replies":[{"embeddable":true,"href":"https:\/\/wp.pixerecourt.fr\/cours-info\/wp-json\/wp\/v2\/comments?post=1334"}],"version-history":[{"count":14,"href":"https:\/\/wp.pixerecourt.fr\/cours-info\/wp-json\/wp\/v2\/pages\/1334\/revisions"}],"predecessor-version":[{"id":1969,"href":"https:\/\/wp.pixerecourt.fr\/cours-info\/wp-json\/wp\/v2\/pages\/1334\/revisions\/1969"}],"wp:attachment":[{"href":"https:\/\/wp.pixerecourt.fr\/cours-info\/wp-json\/wp\/v2\/media?parent=1334"}],"curies":[{"name":"wp","href":"https:\/\/api.w.org\/{rel}","templated":true}]}}