{"id":1331,"date":"2020-04-24T09:04:48","date_gmt":"2020-04-24T09:04:48","guid":{"rendered":"http:\/\/wp.pixerecourt.fr\/cours-info\/?page_id=1331"},"modified":"2024-12-06T15:38:28","modified_gmt":"2024-12-06T15:38:28","slug":"base-de-donnees-creation-des-formulaires","status":"publish","type":"page","link":"https:\/\/wp.pixerecourt.fr\/cours-info\/base-de-donnees-creation-des-formulaires\/","title":{"rendered":"Base de donn\u00e9es: cr\u00e9ation des formulaires"},"content":{"rendered":"<p>Le formulaire est essentiel, car c'est \u00e0 travers lui que les utilisateurs (pas forc\u00e9ment nous-m\u00eame ! ) vont avoir une fen\u00eatre sur les donn\u00e9es. les formulaires permettent en effet de les consulter, les modifier, les saisir ou les supprimer .<\/p>\r\n<a class=\"mwm-aal-item\" name=\"formulaire-de-base\"><\/a><h1>Formulaire de base<\/h1>\r\n<p>Des formulaires compl\u00e8tement fonctionnels n\u00e9cessitent dans certains cas de la programmation, mais ici, je vais me limiter \u00e0 des choses simples, que vous pourrez reproduire sans trop de difficult\u00e9. (Peut-\u00eatre faudra-t-il mettre la vid\u00e9o en pause, ou au ralenti )<\/p>\r\n<p>Voici une premi\u00e8re vid\u00e9o qui pr\u00e9sente les rudiments, toujours en utilisant l'exemple du centre a\u00e9r\u00e9. On manipule ici des champs de texte et des listes d\u00e9roulantes<\/p>\r\n<div style=\"width: 640px;\" class=\"wp-video\"><!--[if lt IE 9]><script>document.createElement('video');<\/script><![endif]-->\n<video class=\"wp-video-shortcode\" id=\"video-1331-1\" width=\"640\" height=\"360\" preload=\"metadata\" controls=\"controls\"><source type=\"video\/mp4\" src=\"https:\/\/video.pixerecourt.fr\/video_info\/BDD-tuto5.mp4?_=1\" \/><source type=\"video\/webm\" src=\"https:\/\/video.pixerecourt.fr\/video_info\/BDD-tuto5.webm?_=1\" \/><a href=\"https:\/\/video.pixerecourt.fr\/video_info\/BDD-tuto5.mp4\">https:\/\/video.pixerecourt.fr\/video_info\/BDD-tuto5.mp4<\/a><\/video><\/div>\r\n<p>&nbsp;<\/p>\r\n<ul>\r\n\t<li><a href=\"http:\/\/wp.pixerecourt.fr\/cours-info\/wp-content\/uploads\/sites\/39\/2020\/04\/texte-bdd-tuto5.pdf\">Texte de la vid\u00e9o.<\/a><\/li>\r\n\t<li><a href=\"http:\/\/wp.pixerecourt.fr\/cours-info\/wp-content\/uploads\/sites\/39\/2020\/04\/diapo-bdd-tuto5.odp\">Diaporama.<\/a><\/li>\r\n\t<li><a href=\"http:\/\/wp.pixerecourt.fr\/cours-info\/wp-content\/uploads\/sites\/39\/2020\/04\/bdd-debut-tuto5.odb\">Base de donn\u00e9e avant les manips du tuto<\/a><\/li>\r\n\t<li><a href=\"http:\/\/wp.pixerecourt.fr\/cours-info\/wp-content\/uploads\/sites\/39\/2020\/04\/bdd-fin-tuto5.odb\">Base de donn\u00e9e apr\u00e8s les manips du tuto<\/a><\/li>\r\n<\/ul>\r\n\r\n<p>&nbsp;<\/p>\r\n","protected":false},"excerpt":{"rendered":"<p>Le formulaire est essentiel, car c&rsquo;est \u00e0 travers lui que les utilisateurs (pas forc\u00e9ment nous-m\u00eame ! ) vont avoir une fen\u00eatre sur les donn\u00e9es. les formulaires permettent en effet de les consulter, les modifier, les saisir ou les supprimer . Formulaire de base Des formulaires compl\u00e8tement fonctionnels n\u00e9cessitent dans certains cas de la programmation, mais [&hellip;]<\/p>\n","protected":false},"author":1,"featured_media":0,"parent":0,"menu_order":0,"comment_status":"closed","ping_status":"closed","template":"","meta":{"ngg_post_thumbnail":0,"footnotes":""},"class_list":["post-1331","page","type-page","status-publish","hentry"],"_links":{"self":[{"href":"https:\/\/wp.pixerecourt.fr\/cours-info\/wp-json\/wp\/v2\/pages\/1331","targetHints":{"allow":["GET"]}}],"collection":[{"href":"https:\/\/wp.pixerecourt.fr\/cours-info\/wp-json\/wp\/v2\/pages"}],"about":[{"href":"https:\/\/wp.pixerecourt.fr\/cours-info\/wp-json\/wp\/v2\/types\/page"}],"author":[{"embeddable":true,"href":"https:\/\/wp.pixerecourt.fr\/cours-info\/wp-json\/wp\/v2\/users\/1"}],"replies":[{"embeddable":true,"href":"https:\/\/wp.pixerecourt.fr\/cours-info\/wp-json\/wp\/v2\/comments?post=1331"}],"version-history":[{"count":19,"href":"https:\/\/wp.pixerecourt.fr\/cours-info\/wp-json\/wp\/v2\/pages\/1331\/revisions"}],"predecessor-version":[{"id":1967,"href":"https:\/\/wp.pixerecourt.fr\/cours-info\/wp-json\/wp\/v2\/pages\/1331\/revisions\/1967"}],"wp:attachment":[{"href":"https:\/\/wp.pixerecourt.fr\/cours-info\/wp-json\/wp\/v2\/media?parent=1331"}],"curies":[{"name":"wp","href":"https:\/\/api.w.org\/{rel}","templated":true}]}}