{"id":1314,"date":"2020-04-08T12:01:14","date_gmt":"2020-04-08T12:01:14","guid":{"rendered":"http:\/\/wp.pixerecourt.fr\/cours-info\/?page_id=1314"},"modified":"2024-12-06T15:39:03","modified_gmt":"2024-12-06T15:39:03","slug":"base-de-donnees-manipulations","status":"publish","type":"page","link":"https:\/\/wp.pixerecourt.fr\/cours-info\/base-de-donnees-manipulations\/","title":{"rendered":"Base de donn\u00e9es: cr\u00e9ation des tables et des relations"},"content":{"rendered":"\r\n\r\n\r\n<p>En fin, on y est!<\/p>\r\n<p>Dans les vid\u00e9os ci dessous, je vais montrer l'utilisation d'un logiciel de base de donn\u00e9e. Il est fort conseill\u00e9 de refaire les manips qui y sont montr\u00e9es.<\/p>\r\n<p>Les manipulations sont montr\u00e9es avec le logiciel libre \"Base\". Il se t\u00e9l\u00e9charge gratuitement et il est inclus \u00e0 la suite \"Libreoffice\", dont on conna\u00eet d\u00e9j\u00e0 le tableur et le traitement de texte<\/p>\r\n<p>Si le rythme ne vous convient pas, il peut \u00eatre utile de faire pause pour bien voir les manip.<\/p>\r\n<a class=\"mwm-aal-item\" name=\"la-cration-des-tables-et-des-relations\"><\/a><h1>La cr\u00e9ation des tables et des relations.<\/h1>\r\n<p>La phase la plus importante de la cr\u00e9ation d'une base consiste \u00e0 cr\u00e9er les tables et les relations.<\/p>\r\n<p>Cette \u00e9tape est essentielle car la moindre erreur peut avoir des r\u00e9percutions dont on s\u2019aper\u00e7oit en g\u00e9n\u00e9ral, trop tard :-((. En plus les message d'erreur ne sont pas toujours tr\u00e8s parlant, ce qui rend les erreurs difficiles \u00e0 trouver.<\/p>\r\n<p>C'est d\u00e9j\u00e0 mentionn\u00e9 dans la vid\u00e9o, mais on ne le pr\u00e9cise jamais assez: Il faut toujours v\u00e9rifier ce qu'on fait.<\/p>\r\n<p>Bref, tout est ici:<\/p>\r\n<div style=\"width: 640px;\" class=\"wp-video\"><!--[if lt IE 9]><script>document.createElement('video');<\/script><![endif]-->\n<video class=\"wp-video-shortcode\" id=\"video-1314-1\" width=\"640\" height=\"360\" preload=\"metadata\" controls=\"controls\"><source type=\"video\/mp4\" src=\"https:\/\/video.pixerecourt.fr\/video_info\/BDD-tuto4.mp4?_=1\" \/><source type=\"video\/webm\" src=\"https:\/\/video.pixerecourt.fr\/video_info\/BDD-tuto4.webm?_=1\" \/><a href=\"https:\/\/video.pixerecourt.fr\/video_info\/BDD-tuto4.mp4\">https:\/\/video.pixerecourt.fr\/video_info\/BDD-tuto4.mp4<\/a><\/video><\/div>\r\n<p>&nbsp;<\/p>\r\n<ul>\r\n\t<li><a href=\"http:\/\/wp.pixerecourt.fr\/cours-info\/wp-content\/uploads\/sites\/39\/2020\/04\/texte-bdd-tuto4.pdf\">Texte de la vid\u00e9o.<\/a><\/li>\r\n\t<li><a href=\"http:\/\/wp.pixerecourt.fr\/cours-info\/wp-content\/uploads\/sites\/39\/2020\/04\/diapo-bdd-tuto4.odp\">Diaporama.<\/a><\/li>\r\n\t<li><a href=\"http:\/\/wp.pixerecourt.fr\/cours-info\/wp-content\/uploads\/sites\/39\/2020\/04\/bdd-fin-tuto4.odb\">Base de donn\u00e9e apr\u00e8s les manips du tuto<\/a><\/li>\r\n<\/ul>\r\n","protected":false},"excerpt":{"rendered":"<p>En fin, on y est! Dans les vid\u00e9os ci dessous, je vais montrer l&rsquo;utilisation d&rsquo;un logiciel de base de donn\u00e9e. Il est fort conseill\u00e9 de refaire les manips qui y sont montr\u00e9es. Les manipulations sont montr\u00e9es avec le logiciel libre \u00ab\u00a0Base\u00a0\u00bb. Il se t\u00e9l\u00e9charge gratuitement et il est inclus \u00e0 la suite \u00ab\u00a0Libreoffice\u00a0\u00bb, dont on [&hellip;]<\/p>\n","protected":false},"author":1,"featured_media":0,"parent":0,"menu_order":0,"comment_status":"closed","ping_status":"closed","template":"","meta":{"ngg_post_thumbnail":0,"footnotes":""},"class_list":["post-1314","page","type-page","status-publish","hentry"],"_links":{"self":[{"href":"https:\/\/wp.pixerecourt.fr\/cours-info\/wp-json\/wp\/v2\/pages\/1314","targetHints":{"allow":["GET"]}}],"collection":[{"href":"https:\/\/wp.pixerecourt.fr\/cours-info\/wp-json\/wp\/v2\/pages"}],"about":[{"href":"https:\/\/wp.pixerecourt.fr\/cours-info\/wp-json\/wp\/v2\/types\/page"}],"author":[{"embeddable":true,"href":"https:\/\/wp.pixerecourt.fr\/cours-info\/wp-json\/wp\/v2\/users\/1"}],"replies":[{"embeddable":true,"href":"https:\/\/wp.pixerecourt.fr\/cours-info\/wp-json\/wp\/v2\/comments?post=1314"}],"version-history":[{"count":15,"href":"https:\/\/wp.pixerecourt.fr\/cours-info\/wp-json\/wp\/v2\/pages\/1314\/revisions"}],"predecessor-version":[{"id":1968,"href":"https:\/\/wp.pixerecourt.fr\/cours-info\/wp-json\/wp\/v2\/pages\/1314\/revisions\/1968"}],"wp:attachment":[{"href":"https:\/\/wp.pixerecourt.fr\/cours-info\/wp-json\/wp\/v2\/media?parent=1314"}],"curies":[{"name":"wp","href":"https:\/\/api.w.org\/{rel}","templated":true}]}}