{"id":1309,"date":"2020-04-08T10:52:01","date_gmt":"2020-04-08T10:52:01","guid":{"rendered":"http:\/\/wp.pixerecourt.fr\/cours-info\/?page_id=1309"},"modified":"2024-12-06T15:37:48","modified_gmt":"2024-12-06T15:37:48","slug":"base-de-donnee-modelisation","status":"publish","type":"page","link":"https:\/\/wp.pixerecourt.fr\/cours-info\/base-de-donnee-modelisation\/","title":{"rendered":"Base de donn\u00e9e: mod\u00e9lisation"},"content":{"rendered":"<p><span style=\"font-size: 24px;\">Cette section d\u00e9crit la phase pr\u00e9alable \u00e0 la cr\u00e9ation d'une base de donn\u00e9e. L'exemple utilis\u00e9 est celui d'un centre a\u00e9r\u00e9<\/span><\/p>\n<a class=\"mwm-aal-item\" name=\"exemple-danalyse-avec-deux-tables\"><\/a><h1>Exemple d'analyse avec deux tables.<\/h1>\n<p>Dans la vid\u00e9o pr\u00e9c\u00e9dente, j'ai montr\u00e9 l'int\u00e9r\u00eat d'utiliser des syst\u00e8mes sur plusieurs tables.<\/p>\n<p>Pour que ce type de syst\u00e8me fonctionne, il faut analyser la situation et aboutir \u00e0 un sch\u00e9ma de la mod\u00e9lisation. C'est cette \u00e9tape qui est d\u00e9crite ici \u00e0 partir de l'exemple du centre a\u00e9r\u00e9<\/p>\n<div style=\"width: 640px;\" class=\"wp-video\"><!--[if lt IE 9]><script>document.createElement('video');<\/script><![endif]-->\n<video class=\"wp-video-shortcode\" id=\"video-1309-1\" width=\"640\" height=\"360\" preload=\"metadata\" controls=\"controls\"><source type=\"video\/mp4\" src=\"https:\/\/video.pixerecourt.fr\/video_info\/BDD-tuto1.mp4?_=1\" \/><source type=\"video\/webm\" src=\"https:\/\/video.pixerecourt.fr\/video_info\/2020\/04\/BDD-tuto1.webm?_=1\" \/><a href=\"https:\/\/video.pixerecourt.fr\/video_info\/BDD-tuto1.mp4\">https:\/\/video.pixerecourt.fr\/video_info\/BDD-tuto1.mp4<\/a><\/video><\/div>\n<p>&nbsp;<\/p>\n<ul>\n<li><a href=\"http:\/\/wp.pixerecourt.fr\/cours-info\/wp-content\/uploads\/sites\/39\/2020\/04\/texte-bdd-tuto1.pdf\">Texte de la vid\u00e9o.<\/a><\/li>\n<li><a href=\"http:\/\/wp.pixerecourt.fr\/cours-info\/wp-content\/uploads\/sites\/39\/2020\/04\/diapo-bdd-tuto1.odp\">Diaporama.<\/a><\/li>\n<li><a href=\"http:\/\/wp.pixerecourt.fr\/cours-info\/wp-content\/uploads\/sites\/39\/2020\/04\/tableau-bdd-tuto1.ods\">Tableaux qui ont servi d'exemple (\u00e7a peut toujours servir)<\/a><\/li>\n<\/ul>\n<a class=\"mwm-aal-item\" name=\"ajout-de-contrainte\"><\/a><h1>Ajout de contrainte<\/h1>\n<p>Ici seront abord\u00e9s quelques unes des questions qui peuvent se poser, et qui n\u00e9cessitent une bonne compr\u00e9hension de notre exemple et quelques changements.<\/p>\n<div style=\"width: 640px;\" class=\"wp-video\"><video class=\"wp-video-shortcode\" id=\"video-1309-2\" width=\"640\" height=\"360\" preload=\"metadata\" controls=\"controls\"><source type=\"video\/mp4\" src=\"https:\/\/video.pixerecourt.fr\/video_info\/BDD-tuto3.mp4?_=2\" \/><source type=\"video\/webm\" src=\"https:\/\/video.pixerecourt.fr\/video_info\/BDD-tuto3.webm?_=2\" \/><a href=\"https:\/\/video.pixerecourt.fr\/video_info\/BDD-tuto3.mp4\">https:\/\/video.pixerecourt.fr\/video_info\/BDD-tuto3.mp4<\/a><\/video><\/div>\n<p>&nbsp;<\/p>\n<ul>\n<li><a href=\"http:\/\/wp.pixerecourt.fr\/cours-info\/wp-content\/uploads\/sites\/39\/2020\/04\/texte-bdd-tuto3.pdf\">Texte de la vid\u00e9o.<\/a><\/li>\n<li><a href=\"http:\/\/wp.pixerecourt.fr\/cours-info\/wp-content\/uploads\/sites\/39\/2020\/04\/diapo-bdd-tuto3.odp\">Diaporama.<\/a><\/li>\n<li><a href=\"http:\/\/wp.pixerecourt.fr\/cours-info\/wp-content\/uploads\/sites\/39\/2020\/04\/tableau-bdd-tuto3.ods\">Tableaux qui ont servi d'exemple (\u00e7a peut toujours servir)<\/a><\/li>\n<\/ul>\n<a class=\"mwm-aal-item\" name=\"un-besoin-prendre-en-compte-les-activits\"><\/a><h1>Un besoin \u00e0 prendre en compte: les activit\u00e9s<\/h1>\n<p>Dans l'exemple qui va suivre, on doit faire \u00e9voluer notre base en ajoutant des tables. La vid\u00e9o est ici:<\/p>\n<div style=\"width: 640px;\" class=\"wp-video\"><video class=\"wp-video-shortcode\" id=\"video-1309-3\" width=\"640\" height=\"360\" preload=\"metadata\" controls=\"controls\"><source type=\"video\/mp4\" src=\"https:\/\/video.pixerecourt.fr\/video_info\/BDD-tuto2.mp4?_=3\" \/><source type=\"video\/webm\" src=\"https:\/\/video.pixerecourt.fr\/video_info\/BDD-tuto2.webm?_=3\" \/><a href=\"https:\/\/video.pixerecourt.fr\/video_info\/BDD-tuto2.mp4\">https:\/\/video.pixerecourt.fr\/video_info\/BDD-tuto2.mp4<\/a><\/video><\/div>\n<p>&nbsp;<\/p>\n<ul>\n<li><a href=\"http:\/\/wp.pixerecourt.fr\/cours-info\/wp-content\/uploads\/sites\/39\/2020\/04\/texte-bdd-tuto2.pdf\">Texte de la vid\u00e9o.<\/a><\/li>\n<li><a href=\"http:\/\/wp.pixerecourt.fr\/cours-info\/wp-content\/uploads\/sites\/39\/2020\/04\/diapo-bdd-tuto2.odp\">Diaporama.<\/a><\/li>\n<li><a href=\"http:\/\/wp.pixerecourt.fr\/cours-info\/wp-content\/uploads\/sites\/39\/2020\/04\/tableau-bdd-tuto2.ods\">Tableaux qui ont servi d'exemple (\u00e7a peut toujours servir)<\/a><\/li>\n<\/ul>\n","protected":false},"excerpt":{"rendered":"<p>Cette section d\u00e9crit la phase pr\u00e9alable \u00e0 la cr\u00e9ation d&rsquo;une base de donn\u00e9e. L&rsquo;exemple utilis\u00e9 est celui d&rsquo;un centre a\u00e9r\u00e9 Exemple d&rsquo;analyse avec deux tables. Dans la vid\u00e9o pr\u00e9c\u00e9dente, j&rsquo;ai montr\u00e9 l&rsquo;int\u00e9r\u00eat d&rsquo;utiliser des syst\u00e8mes sur plusieurs tables. Pour que ce type de syst\u00e8me fonctionne, il faut analyser la situation et aboutir \u00e0 un sch\u00e9ma [&hellip;]<\/p>\n","protected":false},"author":1,"featured_media":0,"parent":0,"menu_order":0,"comment_status":"closed","ping_status":"closed","template":"","meta":{"ngg_post_thumbnail":0,"footnotes":""},"class_list":["post-1309","page","type-page","status-publish","hentry"],"_links":{"self":[{"href":"https:\/\/wp.pixerecourt.fr\/cours-info\/wp-json\/wp\/v2\/pages\/1309","targetHints":{"allow":["GET"]}}],"collection":[{"href":"https:\/\/wp.pixerecourt.fr\/cours-info\/wp-json\/wp\/v2\/pages"}],"about":[{"href":"https:\/\/wp.pixerecourt.fr\/cours-info\/wp-json\/wp\/v2\/types\/page"}],"author":[{"embeddable":true,"href":"https:\/\/wp.pixerecourt.fr\/cours-info\/wp-json\/wp\/v2\/users\/1"}],"replies":[{"embeddable":true,"href":"https:\/\/wp.pixerecourt.fr\/cours-info\/wp-json\/wp\/v2\/comments?post=1309"}],"version-history":[{"count":18,"href":"https:\/\/wp.pixerecourt.fr\/cours-info\/wp-json\/wp\/v2\/pages\/1309\/revisions"}],"predecessor-version":[{"id":1966,"href":"https:\/\/wp.pixerecourt.fr\/cours-info\/wp-json\/wp\/v2\/pages\/1309\/revisions\/1966"}],"wp:attachment":[{"href":"https:\/\/wp.pixerecourt.fr\/cours-info\/wp-json\/wp\/v2\/media?parent=1309"}],"curies":[{"name":"wp","href":"https:\/\/api.w.org\/{rel}","templated":true}]}}