{"id":1306,"date":"2020-04-08T08:14:10","date_gmt":"2020-04-08T08:14:10","guid":{"rendered":"http:\/\/wp.pixerecourt.fr\/cours-info\/?page_id=1306"},"modified":"2024-12-06T15:35:58","modified_gmt":"2024-12-06T15:35:58","slug":"base-de-donnee-introduction","status":"publish","type":"page","link":"https:\/\/wp.pixerecourt.fr\/cours-info\/base-de-donnee-introduction\/","title":{"rendered":"Base de donn\u00e9e: introduction"},"content":{"rendered":"\r\n<a class=\"mwm-aal-item\" name=\"introduction-aux-bases-de-donnes\"><\/a><h1>Introduction aux bases de donn\u00e9es<\/h1>\r\n<p><span style=\"font-family: georgia, palatino, serif; font-size: 24px;\">On a d\u00e9j\u00e0 vu que le tableur comportait plein d'outils qui permettaient de traiter des donn\u00e9es, en faisant des calculs des repr\u00e9sentations graphiques ou des tableaux de synth\u00e8se.<\/span><br>\r\n<br>\r\n<span style=\"font-family: georgia, palatino, serif; font-size: 24px;\">Mais souvent, on a besoin de logiciel informatique plus complet qui vont nous permettre d'organiser des donn\u00e9es en les rangeant dans plusieurs tables. <\/span><br>\r\n<br>\r\n<span style=\"font-family: georgia, palatino, serif; font-size: 24px;\">Ce type de syst\u00e8me plus complet n\u00e9cessite une r\u00e9flexion avant sa mise en place, d'autant plus qu'il peut \u00eatre utilis\u00e9 par plusieurs utilisateurs simultan\u00e9ment, et manipuler des donn\u00e9es r\u00e9elles, c'est \u00e0 dire dans un environnement en production.&nbsp;<\/span><br>\r\n<br>\r\n<span style=\"font-family: georgia, palatino, serif; font-size: 24px;\">Pour la bonne compr\u00e9hension de ce cours, il est fort conseill\u00e9 de suivre, avant tout, le cours sur<a href=\"http:\/\/wp.pixerecourt.fr\/cours-info\/tableur-les-tables-de-donnees\/\"> le tableur<\/a> et aussi d'avoir appliqu\u00e9 ce qui y est montr\u00e9 sur des exercices pratiques<\/span><\/p>\r\n<div style=\"width: 640px;\" class=\"wp-video\"><!--[if lt IE 9]><script>document.createElement('video');<\/script><![endif]-->\n<video class=\"wp-video-shortcode\" id=\"video-1306-1\" width=\"640\" height=\"360\" preload=\"metadata\" controls=\"controls\"><source type=\"video\/mp4\" src=\"https:\/\/video.pixerecourt.fr\/video_info\/BDD-tuto0.mp4?_=1\" \/><source type=\"video\/webm\" src=\"https:\/\/video.pixerecourt.fr\/video_info\/BDD-tuto0.webm?_=1\" \/><a href=\"https:\/\/video.pixerecourt.fr\/video_info\/BDD-tuto0.mp4\">https:\/\/video.pixerecourt.fr\/video_info\/BDD-tuto0.mp4<\/a><\/video><\/div>\r\n<ul>\r\n\t<li><a href=\"http:\/\/wp.pixerecourt.fr\/cours-info\/wp-content\/uploads\/sites\/39\/2020\/04\/texte-bdd-tuto0.pdf\">Texte de la vid\u00e9o.<\/a><\/li>\r\n\t<li><a href=\"http:\/\/wp.pixerecourt.fr\/cours-info\/wp-content\/uploads\/sites\/39\/2020\/04\/diapo-bdd-tuto0.odp\">Diaporama.<\/a><\/li>\r\n\t<li><a href=\"http:\/\/wp.pixerecourt.fr\/cours-info\/wp-content\/uploads\/sites\/39\/2020\/04\/tableau-bdd-tuto0.ods\">Tableaux qui ont servi d'exemple (\u00e7a peut toujours servir)<\/a><\/li>\r\n<\/ul>\r\n\r\n\r\n<p>&nbsp;<\/p>\r\n","protected":false},"excerpt":{"rendered":"<p>Introduction aux bases de donn\u00e9es On a d\u00e9j\u00e0 vu que le tableur comportait plein d&rsquo;outils qui permettaient de traiter des donn\u00e9es, en faisant des calculs des repr\u00e9sentations graphiques ou des tableaux de synth\u00e8se. Mais souvent, on a besoin de logiciel informatique plus complet qui vont nous permettre d&rsquo;organiser des donn\u00e9es en les rangeant dans plusieurs [&hellip;]<\/p>\n","protected":false},"author":1,"featured_media":0,"parent":0,"menu_order":0,"comment_status":"closed","ping_status":"closed","template":"","meta":{"ngg_post_thumbnail":0,"footnotes":""},"class_list":["post-1306","page","type-page","status-publish","hentry"],"_links":{"self":[{"href":"https:\/\/wp.pixerecourt.fr\/cours-info\/wp-json\/wp\/v2\/pages\/1306","targetHints":{"allow":["GET"]}}],"collection":[{"href":"https:\/\/wp.pixerecourt.fr\/cours-info\/wp-json\/wp\/v2\/pages"}],"about":[{"href":"https:\/\/wp.pixerecourt.fr\/cours-info\/wp-json\/wp\/v2\/types\/page"}],"author":[{"embeddable":true,"href":"https:\/\/wp.pixerecourt.fr\/cours-info\/wp-json\/wp\/v2\/users\/1"}],"replies":[{"embeddable":true,"href":"https:\/\/wp.pixerecourt.fr\/cours-info\/wp-json\/wp\/v2\/comments?post=1306"}],"version-history":[{"count":29,"href":"https:\/\/wp.pixerecourt.fr\/cours-info\/wp-json\/wp\/v2\/pages\/1306\/revisions"}],"predecessor-version":[{"id":1965,"href":"https:\/\/wp.pixerecourt.fr\/cours-info\/wp-json\/wp\/v2\/pages\/1306\/revisions\/1965"}],"wp:attachment":[{"href":"https:\/\/wp.pixerecourt.fr\/cours-info\/wp-json\/wp\/v2\/media?parent=1306"}],"curies":[{"name":"wp","href":"https:\/\/api.w.org\/{rel}","templated":true}]}}