{"id":1269,"date":"2020-03-24T07:54:37","date_gmt":"2020-03-24T07:54:37","guid":{"rendered":"http:\/\/wp.pixerecourt.fr\/cours-info\/?page_id=1269"},"modified":"2024-12-06T15:54:09","modified_gmt":"2024-12-06T15:54:09","slug":"tableur-lexploitation-des-tables-de-donnees","status":"publish","type":"page","link":"https:\/\/wp.pixerecourt.fr\/cours-info\/tableur-lexploitation-des-tables-de-donnees\/","title":{"rendered":"Tableur: L&rsquo;exploitation des tables de donn\u00e9es"},"content":{"rendered":"\r\n<p><em><strong>On peut exploiter une table quelque soit le nombre de ligne ou de colonne qu'elle comporte. Par contre pour que cela fonctionne, les donn\u00e9es devront \u00eatre bien organis\u00e9es et&nbsp; \"propres\", ce qui \u00e0 d\u00e9j\u00e0 \u00e9t\u00e9 abord\u00e9 dans les vid\u00e9os pr\u00e9<\/strong><\/em><em><strong>c\u00e9dentes.<\/strong><\/em><\/p>\r\n<p><em><strong>Le plus souvent, on cherche \u00e0 avoir le plus de donn\u00e9es possible, si on veut en tirer des statistiques significatives. <\/strong><\/em><\/p>\r\n<p><em><strong>L'exploitation de tableau de parfois plusieurs milliers de lignes est rendue possible en construisant des tableaux de synth\u00e8se . <\/strong><\/em><\/p>\r\n<p>Il y deux moyens de construire ces tableaux:<\/p>\r\n<a class=\"mwm-aal-item\" name=\"la-table-dynamique\"><\/a><h1>La table dynamique:<\/h1>\r\n<p>La vid\u00e9o est ici<\/p>\r\n<p>&nbsp;<\/p>\r\n<div style=\"width: 640px;\" class=\"wp-video\"><!--[if lt IE 9]><script>document.createElement('video');<\/script><![endif]-->\n<video class=\"wp-video-shortcode\" id=\"video-1269-1\" width=\"640\" height=\"360\" preload=\"metadata\" controls=\"controls\"><source type=\"video\/webm\" src=\"https:\/\/video.pixerecourt.fr\/video_info\/tableau-de-synthese.webm?_=1\" \/><a href=\"https:\/\/video.pixerecourt.fr\/video_info\/tableau-de-synthese.webm\">https:\/\/video.pixerecourt.fr\/video_info\/tableau-de-synthese.webm<\/a><\/video><\/div>\r\n<p>&nbsp;<\/p>\r\n<a class=\"mwm-aal-item\" name=\"les-fonctions-nbsi-et-sommesi\"><\/a><h1>Les fonctions NB.SI et SOMME.SI<\/h1>\r\n<p>Avec ces deux fonctions, vous ferez les tableaux de synth\u00e8se que vous voudrez. Tout est ici<\/p>\r\n<div style=\"width: 640px;\" class=\"wp-video\"><video class=\"wp-video-shortcode\" id=\"video-1269-2\" width=\"640\" height=\"360\" preload=\"metadata\" controls=\"controls\"><source type=\"video\/webm\" src=\"https:\/\/video.pixerecourt.fr\/video_info\/projet-sommesi-nbsi-1.webm?_=2\" \/><a href=\"https:\/\/video.pixerecourt.fr\/video_info\/projet-sommesi-nbsi-1.webm\">https:\/\/video.pixerecourt.fr\/video_info\/projet-sommesi-nbsi-1.webm<\/a><\/video><\/div>\r\n<p>J'aurais menti? on ne peut pas tout faire avec nb.si et somme.si. Eh bien oui, il existe deux fonctions qui sont encore plus puissantes car elles peuvent travailler avec plusieurs crit\u00e8res.<\/p>\r\n<p>Vous trouverez de la doc ici:<\/p>\r\n<p><iframe loading=\"lazy\" title=\"Tuto par la pratique Somme.Si.Ens pour CALC et EXCEL\" width=\"640\" height=\"360\" src=\"https:\/\/www.youtube.com\/embed\/RYHL06Dz4Cs?feature=oembed\" frameborder=\"0\" allow=\"accelerometer; autoplay; clipboard-write; encrypted-media; gyroscope; picture-in-picture; web-share\" referrerpolicy=\"strict-origin-when-cross-origin\" allowfullscreen><\/iframe><\/p>\r\n<p>Bon j'ai trich\u00e9, c'est pas de moi.... Vous trouverez plein d'autre infos sur internet, maintenant que vous savez que \u00e7a existe...<\/p>\r\n<p>&nbsp;<\/p>\r\n\r\n\r\n","protected":false},"excerpt":{"rendered":"<p>On peut exploiter une table quelque soit le nombre de ligne ou de colonne qu&rsquo;elle comporte. Par contre pour que cela fonctionne, les donn\u00e9es devront \u00eatre bien organis\u00e9es et&nbsp; \u00ab\u00a0propres\u00a0\u00bb, ce qui \u00e0 d\u00e9j\u00e0 \u00e9t\u00e9 abord\u00e9 dans les vid\u00e9os pr\u00e9c\u00e9dentes. Le plus souvent, on cherche \u00e0 avoir le plus de donn\u00e9es possible, si on veut [&hellip;]<\/p>\n","protected":false},"author":1,"featured_media":0,"parent":0,"menu_order":0,"comment_status":"closed","ping_status":"closed","template":"","meta":{"ngg_post_thumbnail":0,"footnotes":""},"class_list":["post-1269","page","type-page","status-publish","hentry"],"_links":{"self":[{"href":"https:\/\/wp.pixerecourt.fr\/cours-info\/wp-json\/wp\/v2\/pages\/1269","targetHints":{"allow":["GET"]}}],"collection":[{"href":"https:\/\/wp.pixerecourt.fr\/cours-info\/wp-json\/wp\/v2\/pages"}],"about":[{"href":"https:\/\/wp.pixerecourt.fr\/cours-info\/wp-json\/wp\/v2\/types\/page"}],"author":[{"embeddable":true,"href":"https:\/\/wp.pixerecourt.fr\/cours-info\/wp-json\/wp\/v2\/users\/1"}],"replies":[{"embeddable":true,"href":"https:\/\/wp.pixerecourt.fr\/cours-info\/wp-json\/wp\/v2\/comments?post=1269"}],"version-history":[{"count":12,"href":"https:\/\/wp.pixerecourt.fr\/cours-info\/wp-json\/wp\/v2\/pages\/1269\/revisions"}],"predecessor-version":[{"id":1977,"href":"https:\/\/wp.pixerecourt.fr\/cours-info\/wp-json\/wp\/v2\/pages\/1269\/revisions\/1977"}],"wp:attachment":[{"href":"https:\/\/wp.pixerecourt.fr\/cours-info\/wp-json\/wp\/v2\/media?parent=1269"}],"curies":[{"name":"wp","href":"https:\/\/api.w.org\/{rel}","templated":true}]}}