{"id":1263,"date":"2020-03-20T16:40:29","date_gmt":"2020-03-20T16:40:29","guid":{"rendered":"http:\/\/wp.pixerecourt.fr\/cours-info\/?page_id=1263"},"modified":"2025-10-10T14:58:30","modified_gmt":"2025-10-10T14:58:30","slug":"tableur-les-tables-de-donnees","status":"publish","type":"page","link":"https:\/\/wp.pixerecourt.fr\/cours-info\/tableur-les-tables-de-donnees\/","title":{"rendered":"Tableur: les tables de donn\u00e9es"},"content":{"rendered":"\r\n<a class=\"mwm-aal-item\" name=\"les-tables\"><\/a><h1>Les tables:<\/h1>\r\n<p lang=\"zxx\">Quand on doit manipuler des donn\u00e9es, c'est souvent en quantit\u00e9 importante. Pour qu'on puisse les traiter, il faut qu'elles soient scrupuleusement organis\u00e9es.<\/p>\r\n<p lang=\"zxx\">Pour les r\u00e8gles \u00e0 suivre pour que les donn\u00e9es soient exploitables, la vid\u00e9o est ici:<\/p>\r\n<div style=\"width: 640px;\" class=\"wp-video\"><!--[if lt IE 9]><script>document.createElement('video');<\/script><![endif]-->\n<video class=\"wp-video-shortcode\" id=\"video-1263-1\" width=\"640\" height=\"360\" preload=\"metadata\" controls=\"controls\"><source type=\"video\/webm\" src=\"https:\/\/video.pixerecourt.fr\/video_info\/table-de-donnee.webm?_=1\" \/><a href=\"https:\/\/video.pixerecourt.fr\/video_info\/table-de-donnee.webm\">https:\/\/video.pixerecourt.fr\/video_info\/table-de-donnee.webm<\/a><\/video><\/div>\r\n<a class=\"mwm-aal-item\" name=\"ce-quon-peut-faire-avec-une-table\"><\/a><h1 lang=\"zxx\">Ce qu'on peut faire avec une table:<\/h1>\r\n<p>Quand la table est \"propre\", on peut rendre plus facile l'interpr\u00e9tation des donn\u00e9es en activant le tri, sous totaux ou filtres. Voir ici:<\/p>\r\n<div style=\"width: 640px;\" class=\"wp-video\"><video class=\"wp-video-shortcode\" id=\"video-1263-2\" width=\"640\" height=\"360\" preload=\"metadata\" controls=\"controls\"><source type=\"video\/webm\" src=\"https:\/\/video.pixerecourt.fr\/video_info\/filtre-et-tri.webm?_=2\" \/><a href=\"https:\/\/video.pixerecourt.fr\/video_info\/filtre-et-tri.webm\">https:\/\/video.pixerecourt.fr\/video_info\/filtre-et-tri.webm<\/a><\/video><\/div>\r\n<p>Ce n'est pas tout! Le reste est dans la page suivante.<\/p>\r\n","protected":false},"excerpt":{"rendered":"<p>Les tables: Quand on doit manipuler des donn\u00e9es, c&rsquo;est souvent en quantit\u00e9 importante. Pour qu&rsquo;on puisse les traiter, il faut qu&rsquo;elles soient scrupuleusement organis\u00e9es. Pour les r\u00e8gles \u00e0 suivre pour que les donn\u00e9es soient exploitables, la vid\u00e9o est ici: Ce qu&rsquo;on peut faire avec une table: Quand la table est \u00ab\u00a0propre\u00a0\u00bb, on peut rendre plus [&hellip;]<\/p>\n","protected":false},"author":1,"featured_media":0,"parent":0,"menu_order":0,"comment_status":"closed","ping_status":"closed","template":"","meta":{"ngg_post_thumbnail":0,"footnotes":""},"class_list":["post-1263","page","type-page","status-publish","hentry"],"_links":{"self":[{"href":"https:\/\/wp.pixerecourt.fr\/cours-info\/wp-json\/wp\/v2\/pages\/1263","targetHints":{"allow":["GET"]}}],"collection":[{"href":"https:\/\/wp.pixerecourt.fr\/cours-info\/wp-json\/wp\/v2\/pages"}],"about":[{"href":"https:\/\/wp.pixerecourt.fr\/cours-info\/wp-json\/wp\/v2\/types\/page"}],"author":[{"embeddable":true,"href":"https:\/\/wp.pixerecourt.fr\/cours-info\/wp-json\/wp\/v2\/users\/1"}],"replies":[{"embeddable":true,"href":"https:\/\/wp.pixerecourt.fr\/cours-info\/wp-json\/wp\/v2\/comments?post=1263"}],"version-history":[{"count":4,"href":"https:\/\/wp.pixerecourt.fr\/cours-info\/wp-json\/wp\/v2\/pages\/1263\/revisions"}],"predecessor-version":[{"id":1992,"href":"https:\/\/wp.pixerecourt.fr\/cours-info\/wp-json\/wp\/v2\/pages\/1263\/revisions\/1992"}],"wp:attachment":[{"href":"https:\/\/wp.pixerecourt.fr\/cours-info\/wp-json\/wp\/v2\/media?parent=1263"}],"curies":[{"name":"wp","href":"https:\/\/api.w.org\/{rel}","templated":true}]}}