{"id":1210,"date":"2020-03-20T12:19:25","date_gmt":"2020-03-20T12:19:25","guid":{"rendered":"http:\/\/wp.pixerecourt.fr\/cours-info\/?page_id=1210"},"modified":"2024-12-06T15:56:13","modified_gmt":"2024-12-06T15:56:13","slug":"tableur-les-fonctions","status":"publish","type":"page","link":"https:\/\/wp.pixerecourt.fr\/cours-info\/tableur-les-fonctions\/","title":{"rendered":"Tableur: les fonctions"},"content":{"rendered":"<h2>Les fonctions Simples<\/h2>\r\n\r\n<p>Pour \u00e9crire des formules qui traitent des donn\u00e9es en masse ou qui font des op\u00e9rations particuli\u00e8res, on utilise souvent des <strong>Fonctions. <\/strong><\/p>\r\n<div class=\"encadre\">On peut utiliser la biblioth\u00e8que de fonction pour cela, mais pour le maximum d'efficacit\u00e9, il faut savoir \u00e9crire les fonctions, autrement dit en conna\u00eetre la <strong>syntaxe<\/strong><\/div>\r\n<p>Cette vid\u00e9o vous d\u00e9crit comment on met en \u0153uvre une fonction. Vous trouverez des exemples avec les fonctions AUJOURDHUI(), SOMME(), MOYENNE(), MIN(), MAX(), NB(), ainsi que l'utilisation d'outils qui vous feront gagner en efficacit\u00e9:<\/p>\r\n<ul>\r\n\t<li>Le bouton Somme Automatique:&nbsp;<\/li>\r\n\t<li>La biblioth\u00e8que de fonction:&nbsp;<\/li>\r\n<\/ul>\r\n<div style=\"width: 640px;\" class=\"wp-video\"><!--[if lt IE 9]><script>document.createElement('video');<\/script><![endif]-->\n<video class=\"wp-video-shortcode\" id=\"video-1210-1\" width=\"640\" height=\"360\" preload=\"metadata\" controls=\"controls\"><source type=\"video\/webm\" src=\"https:\/\/video.pixerecourt.fr\/video_info\/fonction.webm?_=1\" \/><a href=\"https:\/\/video.pixerecourt.fr\/video_info\/fonction.webm\">https:\/\/video.pixerecourt.fr\/video_info\/fonction.webm<\/a><\/video><\/div>\r\n\r\n\r\n<h2>La fonction conditionnelle:<\/h2>\r\n<p>La fonction SI est tr\u00e8s utilis\u00e9e, elle permet qu'un r\u00e9sultat d\u00e9pende d'un test conditionnel. Tout est d\u00e9taill\u00e9 ici:<\/p>\r\n<div style=\"width: 640px;\" class=\"wp-video\"><video class=\"wp-video-shortcode\" id=\"video-1210-2\" width=\"640\" height=\"360\" preload=\"metadata\" controls=\"controls\"><source type=\"video\/mp4\" src=\"https:\/\/video.pixerecourt.fr\/video_info\/Tuto-si-1.mp4?_=2\" \/><source type=\"video\/webm\" src=\"https:\/\/video.pixerecourt.fr\/video_info\/Tuto-si-1.webm?_=2\" \/><a href=\"https:\/\/video.pixerecourt.fr\/video_info\/Tuto-si-1.mp4\">https:\/\/video.pixerecourt.fr\/video_info\/Tuto-si-1.mp4<\/a><\/video><\/div>\r\n<ul>\r\n\t<li><a href=\"http:\/\/wp.pixerecourt.fr\/cours-info\/wp-content\/uploads\/sites\/39\/2020\/11\/teste-tuto-si.odt\">Texte de la vid\u00e9o.<\/a><\/li>\r\n\t<li><a href=\"http:\/\/wp.pixerecourt.fr\/cours-info\/wp-content\/uploads\/sites\/39\/2020\/11\/diapo-tuto-SI.odp\">Diaporama.<\/a><\/li>\r\n\t<li><a href=\"http:\/\/wp.pixerecourt.fr\/cours-info\/wp-content\/uploads\/sites\/39\/2020\/11\/exemple-SI.ods\">Tableaux qui ont servi d'exemple (\u00e7a peut toujours servir)<\/a><\/li>\r\n<\/ul>\r\n<h2>L'imbrication de fonctions<\/h2>\r\n<p>Ce qui fait la grande force du tableur, c'est de pouvoir manipuler les r\u00e9sultats de fonction pour le traiter dans des op\u00e9rations ou d'autres fonctions.<\/p>\r\n<p>On peut aussi utiliser l'imbrication pour imbriquer des si entres eux , de mani\u00e8re \u00e0 faire plusieurs comparaison. Ceci est expliqu\u00e9 ici:<\/p>\r\n<div style=\"width: 640px;\" class=\"wp-video\"><video class=\"wp-video-shortcode\" id=\"video-1210-3\" width=\"640\" height=\"360\" preload=\"metadata\" controls=\"controls\"><source type=\"video\/webm\" src=\"https:\/\/video.pixerecourt.fr\/video_info\/Tuto-si-imbrique.webm?_=3\" \/><a href=\"https:\/\/video.pixerecourt.fr\/video_info\/Tuto-si-imbrique.webm\">https:\/\/video.pixerecourt.fr\/video_info\/Tuto-si-imbrique.webm<\/a><\/video><\/div>\r\n<ul>\r\n\t<li><a href=\"http:\/\/wp.pixerecourt.fr\/cours-info\/wp-content\/uploads\/sites\/39\/2020\/11\/texte-si-imbrique.odt\">Texte de la vid\u00e9o.<\/a><\/li>\r\n\t<li><a href=\"http:\/\/wp.pixerecourt.fr\/cours-info\/wp-content\/uploads\/sites\/39\/2020\/11\/diapo-tuto-SI-imbrique.odp\">Diaporama.<\/a><\/li>\r\n\t<li><a href=\"http:\/\/wp.pixerecourt.fr\/cours-info\/wp-content\/uploads\/sites\/39\/2020\/11\/exemple-SI-imbrique.ods\">Tableaux qui ont servi d'exemple (\u00e7a peut toujours servir)<\/a><\/li>\r\n<\/ul>\r\n<p>&nbsp;<\/p>\r\n","protected":false},"excerpt":{"rendered":"<p>Les fonctions Simples Pour \u00e9crire des formules qui traitent des donn\u00e9es en masse ou qui font des op\u00e9rations particuli\u00e8res, on utilise souvent des Fonctions. On peut utiliser la biblioth\u00e8que de fonction pour cela, mais pour le maximum d&rsquo;efficacit\u00e9, il faut savoir \u00e9crire les fonctions, autrement dit en conna\u00eetre la syntaxe Cette vid\u00e9o vous d\u00e9crit comment [&hellip;]<\/p>\n","protected":false},"author":1,"featured_media":0,"parent":0,"menu_order":0,"comment_status":"closed","ping_status":"closed","template":"","meta":{"ngg_post_thumbnail":0,"footnotes":""},"class_list":["post-1210","page","type-page","status-publish","hentry"],"_links":{"self":[{"href":"https:\/\/wp.pixerecourt.fr\/cours-info\/wp-json\/wp\/v2\/pages\/1210","targetHints":{"allow":["GET"]}}],"collection":[{"href":"https:\/\/wp.pixerecourt.fr\/cours-info\/wp-json\/wp\/v2\/pages"}],"about":[{"href":"https:\/\/wp.pixerecourt.fr\/cours-info\/wp-json\/wp\/v2\/types\/page"}],"author":[{"embeddable":true,"href":"https:\/\/wp.pixerecourt.fr\/cours-info\/wp-json\/wp\/v2\/users\/1"}],"replies":[{"embeddable":true,"href":"https:\/\/wp.pixerecourt.fr\/cours-info\/wp-json\/wp\/v2\/comments?post=1210"}],"version-history":[{"count":10,"href":"https:\/\/wp.pixerecourt.fr\/cours-info\/wp-json\/wp\/v2\/pages\/1210\/revisions"}],"predecessor-version":[{"id":1979,"href":"https:\/\/wp.pixerecourt.fr\/cours-info\/wp-json\/wp\/v2\/pages\/1210\/revisions\/1979"}],"wp:attachment":[{"href":"https:\/\/wp.pixerecourt.fr\/cours-info\/wp-json\/wp\/v2\/media?parent=1210"}],"curies":[{"name":"wp","href":"https:\/\/api.w.org\/{rel}","templated":true}]}}