{"id":1208,"date":"2020-03-19T07:46:02","date_gmt":"2020-03-19T07:46:02","guid":{"rendered":"http:\/\/wp.pixerecourt.fr\/cours-info\/?page_id=1208"},"modified":"2024-12-06T15:58:34","modified_gmt":"2024-12-06T15:58:34","slug":"tableur-manipuler-des-nombres","status":"publish","type":"page","link":"https:\/\/wp.pixerecourt.fr\/cours-info\/tableur-manipuler-des-nombres\/","title":{"rendered":"Tableur: manipuler des nombres"},"content":{"rendered":"\r\n<p><em>Le tableur est un formidable outil pour manipuler des nombres. <\/em><\/p>\r\n\r\n\r\n<p><em><strong>Ces quelques manipulations de base vont vous aider \u00e0 bien d\u00e9marrer!<\/strong><\/em><\/p>\r\n\r\n\r\n<a class=\"mwm-aal-item\" name=\"le-calcul-sur-un-tableur\"><\/a><h1>Le calcul sur un tableur:<\/h1>\r\n<p>Sur un tableur, il faut savoir g\u00e9rer les formules. Cette vid\u00e9o rappelle la base de la base:<\/p>\r\n<ul>\r\n\t<li>Les manipulations pour saisir les formules\r\n\r\n<ul>\r\n\t<li>Avec des nombres<\/li>\r\n\t<li>Avec des r\u00e9f\u00e9rences de cellules<\/li>\r\n<\/ul>\r\n<\/li>\r\n\t<li>Les messages d'erreur qui peuvent appara\u00eetre<\/li>\r\n<\/ul>\r\n<div class=\"encadre\">Sans oublier le principe essentiel: penser \u00e0 concevoir des tableaux qui soient dynamiques, c'est \u00e0 dire sur lesquels on pourra changer les donn\u00e9es sans avoir de doute sur les r\u00e9sultats des calculs.<\/div>\r\n<div>\r\n<div style=\"width: 640px;\" class=\"wp-video\"><!--[if lt IE 9]><script>document.createElement('video');<\/script><![endif]-->\n<video class=\"wp-video-shortcode\" id=\"video-1208-1\" width=\"640\" height=\"360\" preload=\"metadata\" controls=\"controls\"><source type=\"video\/webm\" src=\"https:\/\/video.pixerecourt.fr\/video_info\/12-Formule-arithm.webm?_=1\" \/><a href=\"https:\/\/video.pixerecourt.fr\/video_info\/12-Formule-arithm.webm\">https:\/\/video.pixerecourt.fr\/video_info\/12-Formule-arithm.webm<\/a><\/video><\/div>\r\n<\/div>\r\n<a class=\"mwm-aal-item\" name=\"le-format-numrique\"><\/a><h1>Le format num\u00e9rique:<\/h1>\r\n<p>La vid\u00e9o suivante va d\u00e9tailler comment agir sur les formats de nombre pour pr\u00e9senter:<\/p>\r\n<ul>\r\n\t<li>Les symboles de monnaie<\/li>\r\n\t<li>Les nombres avec les d\u00e9cimales<\/li>\r\n\t<li>Les pourcentages<\/li>\r\n\t<li>Les dates<\/li>\r\n\t<li>... ou vraiment ce qu'on veut avec les formats personnalis\u00e9s<\/li>\r\n<\/ul>\r\n<p>tout est ici:<\/p>\r\n<div style=\"width: 640px;\" class=\"wp-video\"><video class=\"wp-video-shortcode\" id=\"video-1208-2\" width=\"640\" height=\"360\" preload=\"metadata\" controls=\"controls\"><source type=\"video\/webm\" src=\"https:\/\/video.pixerecourt.fr\/video_info\/13-Format-nombre.webm?_=2\" \/><a href=\"https:\/\/video.pixerecourt.fr\/video_info\/13-Format-nombre.webm\">https:\/\/video.pixerecourt.fr\/video_info\/13-Format-nombre.webm<\/a><\/video><\/div>\r\n<a class=\"mwm-aal-item\" name=\"la-recopie-de-formule\"><\/a><h1>La recopie de formule:<\/h1>\r\n<p>Sur un tableau de donn\u00e9e, il y a souvent des calculs qu\u2019on doit faire en masse, c\u2019est \u00e0 dire sur un nombre important de donn\u00e9e.<\/p>\r\n<p>Tout est fait pour vous \u00e9pargner d\u2019avoir \u00e0 traiter les donn\u00e9es une par une, ce qui va faire gagner du temps, mais aussi faire r\u00e9duire le risque d'erreur .<\/p>\r\n<div class=\"encadre\">Souvent les donn\u00e9es qu'on manipule ont beaucoup d'importance (somme d'argent par exemple) et le risque d'erreur humaine doit \u00e0 tout prix \u00eatre minimis\u00e9<\/div>\r\n<p>Le principe est simple: la formule qu'il faut appliquer sur un ensemble de donn\u00e9e devra \u00eatre saisies sur une seules des cellules. Cette formule servira de formule type<\/p>\r\n<p>Une fois qu'on s'est assur\u00e9e que la formule \"type\" est juste, il faut la dupliquer sur les autres cellules. Pour que \u00e7a fonctionne, il va falloir chercher \u00e0 \u00e9crire une formule qui fonctionne quand on la duplique, et c\u2019est tout l\u2019art du tableur .<\/p>\r\n<p>En g\u00e9n\u00e9ral on cr\u00e9er la formule \u00ab type \u00bb sur la cellule du haut et on recopie vers le bas. Pour les tableaux organis\u00e9s dans l\u2019autre sens, on \u00e9crit la formule \u00e0 gauche et on recopie vers la droite.<\/p>\r\n<div style=\"width: 640px;\" class=\"wp-video\"><video class=\"wp-video-shortcode\" id=\"video-1208-3\" width=\"640\" height=\"360\" preload=\"metadata\" controls=\"controls\"><source type=\"video\/webm\" src=\"https:\/\/video.pixerecourt.fr\/video_info\/14-Recopie-de-formule.webm?_=3\" \/><a href=\"https:\/\/video.pixerecourt.fr\/video_info\/14-Recopie-de-formule.webm\">https:\/\/video.pixerecourt.fr\/video_info\/14-Recopie-de-formule.webm<\/a><\/video><\/div>\r\n<a class=\"mwm-aal-item\" name=\"utiliser-des-rfrences-absolues\"><\/a><h1>Utiliser des r\u00e9f\u00e9rences absolues:<\/h1>\r\n<p>On a vu dans le cours pr\u00e9c\u00e9dent qu\u2019on pouvait dupliquer des formules, mais voici un cas qui va n\u00e9cessiter d\u2019en savoir un peu plus.<\/p>\r\n<div style=\"width: 640px;\" class=\"wp-video\"><video class=\"wp-video-shortcode\" id=\"video-1208-4\" width=\"640\" height=\"360\" preload=\"metadata\" controls=\"controls\"><source type=\"video\/mp4\" src=\"https:\/\/video.pixerecourt.fr\/video_info\/o_15-reference-absolue.mp4?_=4\" \/><source type=\"video\/webm\" src=\"https:\/\/video.pixerecourt.fr\/video_info\/15-Reference-absolue.webm?_=4\" \/><a href=\"https:\/\/video.pixerecourt.fr\/video_info\/o_15-reference-absolue.mp4\">https:\/\/video.pixerecourt.fr\/video_info\/o_15-reference-absolue.mp4<\/a><\/video><\/div>\r\n<div class=\"mediaplugin mediaplugin_videojs\">\r\n<div>\r\n<div id=\"id_videojs_5e72250290067_4\" class=\"video-js vjs-paused vjs-fluid id_videojs_5e72250290067_4-dimensions vjs-controls-enabled vjs-workinghover vjs-v6 vjs-user-active\" tabindex=\"-1\" title=\"Reference%20absolue.webm\" role=\"region\" data-setup-lazy=\"{&quot;language&quot;: &quot;fr&quot;, &quot;fluid&quot;: true}\" aria-label=\"Lecteur vid\u00e9o\" lang=\"fr\">\r\n<h2>Utiliser des r\u00e9f\u00e9rences semi-absolues:<\/h2>\r\n<div style=\"width: 640px;\" class=\"wp-video\"><video class=\"wp-video-shortcode\" id=\"video-1208-5\" width=\"640\" height=\"360\" preload=\"metadata\" controls=\"controls\"><source type=\"video\/mp4\" src=\"https:\/\/video.pixerecourt.fr\/video_info\/o_16-reference-semi-absolue.mp4?_=5\" \/><source type=\"video\/webm\" src=\"https:\/\/video.pixerecourt.fr\/video_info\/16-Reference-semi-absolue.webm?_=5\" \/><a href=\"https:\/\/video.pixerecourt.fr\/video_info\/o_16-reference-semi-absolue.mp4\">https:\/\/video.pixerecourt.fr\/video_info\/o_16-reference-semi-absolue.mp4<\/a><\/video><\/div>\r\n<\/div>\r\n<\/div>\r\n<\/div>\r\n","protected":false},"excerpt":{"rendered":"<p>Le tableur est un formidable outil pour manipuler des nombres. Ces quelques manipulations de base vont vous aider \u00e0 bien d\u00e9marrer! Le calcul sur un tableur: Sur un tableur, il faut savoir g\u00e9rer les formules. Cette vid\u00e9o rappelle la base de la base: Les manipulations pour saisir les formules Avec des nombres Avec des r\u00e9f\u00e9rences [&hellip;]<\/p>\n","protected":false},"author":1,"featured_media":0,"parent":0,"menu_order":0,"comment_status":"closed","ping_status":"closed","template":"","meta":{"ngg_post_thumbnail":0,"footnotes":""},"class_list":["post-1208","page","type-page","status-publish","hentry"],"_links":{"self":[{"href":"https:\/\/wp.pixerecourt.fr\/cours-info\/wp-json\/wp\/v2\/pages\/1208","targetHints":{"allow":["GET"]}}],"collection":[{"href":"https:\/\/wp.pixerecourt.fr\/cours-info\/wp-json\/wp\/v2\/pages"}],"about":[{"href":"https:\/\/wp.pixerecourt.fr\/cours-info\/wp-json\/wp\/v2\/types\/page"}],"author":[{"embeddable":true,"href":"https:\/\/wp.pixerecourt.fr\/cours-info\/wp-json\/wp\/v2\/users\/1"}],"replies":[{"embeddable":true,"href":"https:\/\/wp.pixerecourt.fr\/cours-info\/wp-json\/wp\/v2\/comments?post=1208"}],"version-history":[{"count":10,"href":"https:\/\/wp.pixerecourt.fr\/cours-info\/wp-json\/wp\/v2\/pages\/1208\/revisions"}],"predecessor-version":[{"id":1982,"href":"https:\/\/wp.pixerecourt.fr\/cours-info\/wp-json\/wp\/v2\/pages\/1208\/revisions\/1982"}],"wp:attachment":[{"href":"https:\/\/wp.pixerecourt.fr\/cours-info\/wp-json\/wp\/v2\/media?parent=1208"}],"curies":[{"name":"wp","href":"https:\/\/api.w.org\/{rel}","templated":true}]}}