{"id":1205,"date":"2020-03-18T15:26:58","date_gmt":"2020-03-18T15:26:58","guid":{"rendered":"http:\/\/wp.pixerecourt.fr\/cours-info\/?page_id=1205"},"modified":"2024-12-06T15:53:32","modified_gmt":"2024-12-06T15:53:32","slug":"tableur-gerer-lapparence","status":"publish","type":"page","link":"https:\/\/wp.pixerecourt.fr\/cours-info\/tableur-gerer-lapparence\/","title":{"rendered":"Tableur: G\u00e9rer l&rsquo;apparence"},"content":{"rendered":"\r\n<p><em>Les tableaux de donn\u00e9es sont plut\u00f4t rebutants vous ne trouvez pas ?<\/em> <em>Il vaut mieux faciliter la lecture en utilisant efficacement la mise en forme, que ce soit pour l'esth\u00e9tique, la lisibilit\u00e9! <\/em><\/p>\r\n\r\n\r\n<a class=\"mwm-aal-item\" name=\"formater-des-cellules\"><\/a><h1>Formater des cellules<\/h1>\r\n<p>Comme sur un traitement de texte, on peut modifier l\u2019apparence d\u2019un contenu.<\/p>\r\n<p>Grace \u00e0 ces recettes vous aller pouvoir exprimer vos talents de graphiste ! A condition de ne pas oublier l'objectif principal: <strong>la lisibilit\u00e9&nbsp;<\/strong><\/p>\r\n<div class=\"encadre\">Cette section ne traite pas des formats de nombre, mais seulement de l'apparence graphique de la feuille (couleur, bordure, alignement, etc..). Pour modifier la mani\u00e8re dont s'affiche les nombres, consulter la page suivante<\/div>\r\n<div>\r\n<div style=\"width: 640px;\" class=\"wp-video\"><!--[if lt IE 9]><script>document.createElement('video');<\/script><![endif]-->\n<video class=\"wp-video-shortcode\" id=\"video-1205-1\" width=\"640\" height=\"360\" preload=\"metadata\" controls=\"controls\"><source type=\"video\/mp4\" src=\"https:\/\/video.pixerecourt.fr\/video_info\/o_9-formater.mp4?_=1\" \/><source type=\"video\/webm\" src=\"https:\/\/video.pixerecourt.fr\/video_info\/9-formater.webm?_=1\" \/><a href=\"https:\/\/video.pixerecourt.fr\/video_info\/o_9-formater.mp4\">https:\/\/video.pixerecourt.fr\/video_info\/o_9-formater.mp4<\/a><\/video><\/div>\r\n<\/div>\r\n<a class=\"mwm-aal-item\" name=\"matriser-la-mise-en-page-dun-tableau\"><\/a><h1>Ma\u00eetriser la mise en page d'un tableau<\/h1>\r\n<div class=\"mod-indent-outer\">\r\n<div>\r\n<div class=\"contentwithoutlink \">\r\n<div class=\"no-overflow\">\r\n<div class=\"no-overflow\">\r\n<p>Une feuille de tableur est aussi destin\u00e9e \u00e0 \u00eatre imprim\u00e9e, la plupart du temps sur une ou plusieurs page A4.<\/p>\r\n<div class=\"encadre\">Le tableur est aussi con\u00e7u pour cela!<\/div>\r\n<p>Ces quelques informations sur la mise en page vous seront utiles:<\/p>\r\n<\/div>\r\n<\/div>\r\n<\/div>\r\n<\/div>\r\n<\/div>\r\n<div style=\"width: 640px;\" class=\"wp-video\"><video class=\"wp-video-shortcode\" id=\"video-1205-2\" width=\"640\" height=\"360\" preload=\"metadata\" controls=\"controls\"><source type=\"video\/mp4\" src=\"https:\/\/video.pixerecourt.fr\/video_info\/o_10-Mise-en-page.mp4?_=2\" \/><source type=\"video\/webm\" src=\"https:\/\/video.pixerecourt.fr\/video_info\/10-Mise-en-page.webm?_=2\" \/><a href=\"https:\/\/video.pixerecourt.fr\/video_info\/o_10-Mise-en-page.mp4\">https:\/\/video.pixerecourt.fr\/video_info\/o_10-Mise-en-page.mp4<\/a><\/video><\/div>\r\n<a class=\"mwm-aal-item\" name=\"utiliser-la-mise-en-forme-conditionnelle\"><\/a><h1>Utiliser la mise en forme conditionnelle:<\/h1>\r\n<p>Cette fonctionnalit\u00e9 est int\u00e9ressante pour faire ressortir des donn\u00e9es \u00e0 mettre en \u00e9vidence. Vu le volume qu'on \u00e0 parfois \u00e0 traiter, le mieux est que ce soit automatique. C'est le r\u00f4le de la Mise en forme conditionnelle<\/p>\r\n<div style=\"width: 640px;\" class=\"wp-video\"><video class=\"wp-video-shortcode\" id=\"video-1205-3\" width=\"640\" height=\"360\" preload=\"metadata\" controls=\"controls\"><source type=\"video\/mp4\" src=\"https:\/\/video.pixerecourt.fr\/video_info\/o_11-Mise-en-forme-cond.mp4?_=3\" \/><source type=\"video\/webm\" src=\"https:\/\/video.pixerecourt.fr\/video_info\/11-Mise-en-forme-cond.webm?_=3\" \/><a href=\"https:\/\/video.pixerecourt.fr\/video_info\/o_11-Mise-en-forme-cond.mp4\">https:\/\/video.pixerecourt.fr\/video_info\/o_11-Mise-en-forme-cond.mp4<\/a><\/video><\/div>\r\n<p>&nbsp;<\/p>\r\n<p>&nbsp;<\/p>\r\n","protected":false},"excerpt":{"rendered":"<p>Les tableaux de donn\u00e9es sont plut\u00f4t rebutants vous ne trouvez pas ? Il vaut mieux faciliter la lecture en utilisant efficacement la mise en forme, que ce soit pour l&rsquo;esth\u00e9tique, la lisibilit\u00e9! Formater des cellules Comme sur un traitement de texte, on peut modifier l\u2019apparence d\u2019un contenu. Grace \u00e0 ces recettes vous aller pouvoir exprimer [&hellip;]<\/p>\n","protected":false},"author":1,"featured_media":0,"parent":0,"menu_order":0,"comment_status":"closed","ping_status":"closed","template":"","meta":{"ngg_post_thumbnail":0,"footnotes":""},"class_list":["post-1205","page","type-page","status-publish","hentry"],"_links":{"self":[{"href":"https:\/\/wp.pixerecourt.fr\/cours-info\/wp-json\/wp\/v2\/pages\/1205","targetHints":{"allow":["GET"]}}],"collection":[{"href":"https:\/\/wp.pixerecourt.fr\/cours-info\/wp-json\/wp\/v2\/pages"}],"about":[{"href":"https:\/\/wp.pixerecourt.fr\/cours-info\/wp-json\/wp\/v2\/types\/page"}],"author":[{"embeddable":true,"href":"https:\/\/wp.pixerecourt.fr\/cours-info\/wp-json\/wp\/v2\/users\/1"}],"replies":[{"embeddable":true,"href":"https:\/\/wp.pixerecourt.fr\/cours-info\/wp-json\/wp\/v2\/comments?post=1205"}],"version-history":[{"count":11,"href":"https:\/\/wp.pixerecourt.fr\/cours-info\/wp-json\/wp\/v2\/pages\/1205\/revisions"}],"predecessor-version":[{"id":1976,"href":"https:\/\/wp.pixerecourt.fr\/cours-info\/wp-json\/wp\/v2\/pages\/1205\/revisions\/1976"}],"wp:attachment":[{"href":"https:\/\/wp.pixerecourt.fr\/cours-info\/wp-json\/wp\/v2\/media?parent=1205"}],"curies":[{"name":"wp","href":"https:\/\/api.w.org\/{rel}","templated":true}]}}