{"id":1201,"date":"2020-03-20T10:34:24","date_gmt":"2020-03-20T10:34:24","guid":{"rendered":"http:\/\/wp.pixerecourt.fr\/cours-info\/?page_id=1201"},"modified":"2024-12-06T16:00:21","modified_gmt":"2024-12-06T16:00:21","slug":"tableur-prise-en-main","status":"publish","type":"page","link":"https:\/\/wp.pixerecourt.fr\/cours-info\/tableur-prise-en-main\/","title":{"rendered":"Tableur: Prise en main"},"content":{"rendered":"\r\n<p>&nbsp;<\/p>\r\n\r\n\r\n<a class=\"mwm-aal-item\" name=\"le-classeur-les-feuilles-et-les-cellules\"><\/a><h1>Le classeur, les feuilles et les cellules:<\/h1>\r\n<p>Sur le tableur, on manipule des <strong>Classeurs. <\/strong>Un classeur est compos\u00e9 de tableaux pr\u00e9 form\u00e9s, qui se trouvent sur des <strong>feuilles,<\/strong> structur\u00e9es en <strong>lignes<\/strong> et en <strong>colonnes<\/strong>.<\/p>\r\n<p>La gestion des feuilles, lignes et colonnes est plut\u00f4t simple, mais il faut garder \u00e0 l'esprit quelques recettes qui vont permettre de gagner en efficacit\u00e9. Parmi celles ci:<\/p>\r\n<ul>\r\n\t<li>Lors de la cr\u00e9ation d'un classeur, enregistrer d\u00e8s le d\u00e9part.<\/li>\r\n\t<li>Choisir le format adapt\u00e9: Format Libreoffice (ODS) ou Excel (XLS)<\/li>\r\n\t<li>Utiliser les onglets pour g\u00e9rer les feuilles<\/li>\r\n\t<li>Utiliser les ent\u00eates pour g\u00e9rer les lignes et les colonnes<\/li>\r\n\t<li>Uniformiser les hauteurs de ligne et largeur de colonne.<\/li>\r\n<\/ul>\r\n<p>Ces recettes sont d\u00e9taill\u00e9es dans la vid\u00e9o ci dessous:<\/p>\r\n<div style=\"width: 640px;\" class=\"wp-video\"><!--[if lt IE 9]><script>document.createElement('video');<\/script><![endif]-->\n<video class=\"wp-video-shortcode\" id=\"video-1201-1\" width=\"640\" height=\"360\" preload=\"metadata\" controls=\"controls\"><source type=\"video\/mp4\" src=\"https:\/\/video.pixerecourt.fr\/video_info\/o_3-gestion-ligne-colonne-1.mp4?_=1\" \/><source type=\"video\/webm\" src=\"https:\/\/video.pixerecourt.fr\/video_info\/3-gestion-classeur-feuille-ligne-et-colonne.webm?_=1\" \/><a href=\"https:\/\/video.pixerecourt.fr\/video_info\/o_3-gestion-ligne-colonne-1.mp4\">https:\/\/video.pixerecourt.fr\/video_info\/o_3-gestion-ligne-colonne-1.mp4<\/a><\/video><\/div>\r\n<a class=\"mwm-aal-item\" name=\"manipuler-le-contenu-des-cellules\"><\/a><h1>Manipuler le contenu des cellules<\/h1>\r\n<h2>Saisir un contenu dans une cellule:<\/h2>\r\n<p>Pour saisir un contenu dans une feuille de tableur, on agit sur une seule cellule. tr\u00e8s souvent, on utilisera par la suite la poign\u00e9e de recopie ou le copier coller pour dupliquer ce contenu (voir les vid\u00e9o suivante)<\/p>\r\n<p>La manipulation est tr\u00e8s simple , on doit se positionner sur la cellule \u00e0 remplir, \u00e9crire le texte, puis valider avec la touche entr\u00e9e.<\/p>\r\n<address>Tout le d\u00e9tail est ici:<\/address>\r\n<address>\r\n<div style=\"width: 640px;\" class=\"wp-video\"><video class=\"wp-video-shortcode\" id=\"video-1201-2\" width=\"640\" height=\"360\" preload=\"metadata\" controls=\"controls\"><source type=\"video\/mp4\" src=\"https:\/\/video.pixerecourt.fr\/video_info\/o_4-saisie-1.mp4?_=2\" \/><source type=\"video\/webm\" src=\"https:\/\/video.pixerecourt.fr\/video_info\/4-saisir-un-contenu.webm?_=2\" \/><a href=\"https:\/\/video.pixerecourt.fr\/video_info\/o_4-saisie-1.mp4\">https:\/\/video.pixerecourt.fr\/video_info\/o_4-saisie-1.mp4<\/a><\/video><\/div>\r\n<\/address>\r\n<h2>S\u00e9lectionner les cellules:<\/h2>\r\n<p>La s\u00e9lection de cellules, c'est plut\u00f4t la base ... Tout le monde sait le faire, mais il \u00e0 toujours des trucs pour aller plus vite ici:<\/p>\r\n<div style=\"width: 640px;\" class=\"wp-video\"><video class=\"wp-video-shortcode\" id=\"video-1201-3\" width=\"640\" height=\"360\" preload=\"metadata\" controls=\"controls\"><source type=\"video\/mp4\" src=\"https:\/\/video.pixerecourt.fr\/video_info\/o_5-selection.mp4?_=3\" \/><source type=\"video\/webm\" src=\"https:\/\/video.pixerecourt.fr\/video_info\/5-Selection.webm?_=3\" \/><a href=\"https:\/\/video.pixerecourt.fr\/video_info\/o_5-selection.mp4\">https:\/\/video.pixerecourt.fr\/video_info\/o_5-selection.mp4<\/a><\/video><\/div>\r\n<h2>Supprimer :<\/h2>\r\n<p>Il y a diff\u00e9rente fa\u00e7on de supprimer un contenu, pour gagner du temps, il vaut mieux les conna\u00eetre:<\/p>\r\n<div style=\"width: 640px;\" class=\"wp-video\"><video class=\"wp-video-shortcode\" id=\"video-1201-4\" width=\"640\" height=\"360\" preload=\"metadata\" controls=\"controls\"><source type=\"video\/mp4\" src=\"https:\/\/video.pixerecourt.fr\/video_info\/o_6-supprimer.mp4?_=4\" \/><source type=\"video\/webm\" src=\"https:\/\/video.pixerecourt.fr\/video_info\/6-Supprimer.webm?_=4\" \/><a href=\"https:\/\/video.pixerecourt.fr\/video_info\/o_6-supprimer.mp4\">https:\/\/video.pixerecourt.fr\/video_info\/o_6-supprimer.mp4<\/a><\/video><\/div>\r\n<a class=\"mwm-aal-item\" name=\"gagner-en-efficacit\"><\/a><h1>Gagner en efficacit\u00e9:<\/h1>\r\n<h2>Utiliser le copier\/coller:<\/h2>\r\n<p>Le copier coller est bien connu de tous, mais sur un tableur, il faut savoir:<\/p>\r\n<ul>\r\n\t<li>Coller \u00e0 partir de la cellule du haut \u00e0 gauche (voir vid\u00e9o)<\/li>\r\n\t<li>Utiliser le collage sp\u00e9cial<\/li>\r\n\t<li>Coller un format en utilisant le \"Pinceau\" de clonage.\r\n\r\n<div style=\"width: 640px;\" class=\"wp-video\"><video class=\"wp-video-shortcode\" id=\"video-1201-5\" width=\"640\" height=\"360\" preload=\"metadata\" controls=\"controls\"><source type=\"video\/mp4\" src=\"https:\/\/video.pixerecourt.fr\/video_info\/o_7-copier-coller.mp4?_=5\" \/><source type=\"video\/webm\" src=\"https:\/\/video.pixerecourt.fr\/video_info\/7-Copier-coller.webm?_=5\" \/><a href=\"https:\/\/video.pixerecourt.fr\/video_info\/o_7-copier-coller.mp4\">https:\/\/video.pixerecourt.fr\/video_info\/o_7-copier-coller.mp4<\/a><\/video><\/div>\r\n<\/li>\r\n<\/ul>\r\n<h2>Utiliser la poign\u00e9e de recopie:<\/h2>\r\n<p>La poign\u00e9e est l'outil magique du tableur, c'est un incontournable!<\/p>\r\n<p>Dans la vid\u00e9o suivante, les op\u00e9rations suivantes sont d\u00e9taill\u00e9es:<\/p>\r\n<ul>\r\n\t<li>Utiliser la poign\u00e9e pour dupliquer un contenu<\/li>\r\n\t<li>Utiliser la poign\u00e9e pour cr\u00e9er des listes: exemple avec les mois, les jours de la semaine etc...<\/li>\r\n\t<li>Cr\u00e9er des listes personnalis\u00e9es<\/li>\r\n<\/ul>\r\n<p>La poign\u00e9e de recopie est \u00e9galement tr\u00e8s utile pour dupliquer des formules de calcul, cet usage sera d\u00e9crit dans les pages suivantes<\/p>\r\n<div class=\"mediaplugin mediaplugin_videojs\">\r\n<div>\r\n<div id=\"id_videojs_5e723a9327f77_5\" class=\"video-js vjs-paused vjs-fluid id_videojs_5e723a9327f77_5-dimensions vjs-controls-enabled vjs-workinghover vjs-v6 vjs-user-inactive\" tabindex=\"-1\" title=\"Poign%C3%A9e.webm\" role=\"region\" data-setup-lazy=\"{&quot;language&quot;: &quot;fr&quot;, &quot;fluid&quot;: true}\" aria-label=\"Lecteur vid\u00e9o\" lang=\"fr\">\r\n<div style=\"width: 640px;\" class=\"wp-video\"><video class=\"wp-video-shortcode\" id=\"video-1201-6\" width=\"640\" height=\"360\" preload=\"metadata\" controls=\"controls\"><source type=\"video\/mp4\" src=\"https:\/\/video.pixerecourt.fr\/video_info\/o_8-Poignee.mp4?_=6\" \/><source type=\"video\/webm\" src=\"https:\/\/video.pixerecourt.fr\/video_info\/8-Poign\u00e9e.webm?_=6\" \/><a href=\"https:\/\/video.pixerecourt.fr\/video_info\/o_8-Poignee.mp4\">https:\/\/video.pixerecourt.fr\/video_info\/o_8-Poignee.mp4<\/a><\/video><\/div>\r\n<\/div>\r\n<\/div>\r\n<\/div>\r\n\r\n\r\n<p>&nbsp;<\/p>\r\n","protected":false},"excerpt":{"rendered":"<p>&nbsp; Le classeur, les feuilles et les cellules: Sur le tableur, on manipule des Classeurs. Un classeur est compos\u00e9 de tableaux pr\u00e9 form\u00e9s, qui se trouvent sur des feuilles, structur\u00e9es en lignes et en colonnes. La gestion des feuilles, lignes et colonnes est plut\u00f4t simple, mais il faut garder \u00e0 l&rsquo;esprit quelques recettes qui vont [&hellip;]<\/p>\n","protected":false},"author":1,"featured_media":0,"parent":0,"menu_order":0,"comment_status":"closed","ping_status":"closed","template":"","meta":{"ngg_post_thumbnail":0,"footnotes":""},"class_list":["post-1201","page","type-page","status-publish","hentry"],"_links":{"self":[{"href":"https:\/\/wp.pixerecourt.fr\/cours-info\/wp-json\/wp\/v2\/pages\/1201","targetHints":{"allow":["GET"]}}],"collection":[{"href":"https:\/\/wp.pixerecourt.fr\/cours-info\/wp-json\/wp\/v2\/pages"}],"about":[{"href":"https:\/\/wp.pixerecourt.fr\/cours-info\/wp-json\/wp\/v2\/types\/page"}],"author":[{"embeddable":true,"href":"https:\/\/wp.pixerecourt.fr\/cours-info\/wp-json\/wp\/v2\/users\/1"}],"replies":[{"embeddable":true,"href":"https:\/\/wp.pixerecourt.fr\/cours-info\/wp-json\/wp\/v2\/comments?post=1201"}],"version-history":[{"count":17,"href":"https:\/\/wp.pixerecourt.fr\/cours-info\/wp-json\/wp\/v2\/pages\/1201\/revisions"}],"predecessor-version":[{"id":1983,"href":"https:\/\/wp.pixerecourt.fr\/cours-info\/wp-json\/wp\/v2\/pages\/1201\/revisions\/1983"}],"wp:attachment":[{"href":"https:\/\/wp.pixerecourt.fr\/cours-info\/wp-json\/wp\/v2\/media?parent=1201"}],"curies":[{"name":"wp","href":"https:\/\/api.w.org\/{rel}","templated":true}]}}