{"id":1196,"date":"2020-03-19T07:37:11","date_gmt":"2020-03-19T07:37:11","guid":{"rendered":"http:\/\/wp.pixerecourt.fr\/cours-info\/?page_id=1196"},"modified":"2024-12-06T15:55:17","modified_gmt":"2024-12-06T15:55:17","slug":"tableur-le-potentiel","status":"publish","type":"page","link":"https:\/\/wp.pixerecourt.fr\/cours-info\/tableur-le-potentiel\/","title":{"rendered":"Tableur: Le potentiel"},"content":{"rendered":"\r\n<p><\/p>\r\n\r\n\r\n\r\n<p>Le tableur est un outil tr\u00e8s complet. Celui-ci peut \u00eatre utilis\u00e9 pour :<\/p>\r\n<ul>\r\n<li>Mettre en page des tableaux pour soigner l'esth\u00e9tique, mais aussi qu'ils permettent de lire les donn\u00e9es facilement<\/li>\r\n<li>Mettre en \u0153uvre des formules pour effectuer des op\u00e9rations sur des donn\u00e9es variables<\/li>\r\n<li>Consulter des grands tableaux de donn\u00e9es pour en tirer des conclusions.<\/li>\r\n<li>Manipuler un langage de programmation qui peut permettre de rendre certaines t\u00e2ches automatiques<\/li>\r\n<\/ul>\r\n<p>Le d\u00e9tail est dans cette vid\u00e9o:<\/p>\r\n<div style=\"width: 640px;\" class=\"wp-video\"><!--[if lt IE 9]><script>document.createElement('video');<\/script><![endif]-->\n<video class=\"wp-video-shortcode\" id=\"video-1196-1\" width=\"640\" height=\"360\" preload=\"metadata\" controls=\"controls\"><source type=\"video\/mp4\" src=\"https:\/\/video.pixerecourt.fr\/video_info\/1-potentiel-de-loutil.mp4?_=1\" \/><a href=\"https:\/\/video.pixerecourt.fr\/video_info\/1-potentiel-de-loutil.mp4\">https:\/\/video.pixerecourt.fr\/video_info\/1-potentiel-de-loutil.mp4<\/a><\/video><\/div>\r\n<a class=\"mwm-aal-item\" name=\"ladressage\"><\/a><h1>L'adressage<\/h1>\r\n<p><em>On peut dire que sur un tableur, il y a peu de th\u00e9orie \u00e0 conna\u00eetre. C'est un outil intuitif !&nbsp;<\/em><\/p>\r\n<p><em>La seule partie th\u00e9orique \u00e0 conna\u00eetre la voici ... <\/em><\/p>\r\n<p>Pour l'\u00e9criture des formules de calcul, le logiciel utilise des <strong>adresses<\/strong> (on peut appeler \u00e7a \u00e9galement <strong>r\u00e9f\u00e9rences<\/strong>) : Pour une seule cellule, c'est comme pour le jeu de la bataille navale: La lettre de la colonne, suivi du num\u00e9ro de la ligne.<\/p>\r\n<div class=\"exemple\">Par exemple, pour d\u00e9signer la cellule pr\u00e9sente en colonne 1, ligne 3, on \u00e9crira <strong>A3<\/strong><\/div>\r\n<p>Pour un ensemble de cellule (ou plage), on \u00e9crit l'adresse cellule de d\u00e9but de la plage et l'adresse de fin, s\u00e9par\u00e9 par les deux points.<\/p>\r\n<div class=\"exemple\">Par exemple, pour d\u00e9signer les cellules B2, B3, B4 on \u00e9crira <strong>B2:B4<\/strong><\/div>\r\n<p>Pour d\u00e9signer une ou plusieurs lignes, on \u00e9crira que son (ou ses num\u00e9ro) s\u00e9par\u00e9s par 2 points.<\/p>\r\n<div class=\"exemple\">Par exemple, pour d\u00e9signer les lignes 3 et 4 on \u00e9crira<strong> 3:4 <\/strong>Pour d\u00e9signer la ligne 5, on \u00e9crira<strong> 5:5<\/strong><\/div>\r\n<p>On proc\u00e8de de m\u00eame pour les colonnes.<\/p>\r\n<div class=\"exemple\">Par exemple, pour d\u00e9signer les colonnes B, C et D on \u00e9crira<strong> B:D . <\/strong>Pour d\u00e9signer la colonne E, on \u00e9crira<strong> E:E<br><\/strong><\/div>\r\n<p>La vid\u00e9o suivante d\u00e9crit cette notion, essentielle pour la suite de ce cours !<\/p>\r\n<div class=\"mediaplugin mediaplugin_videojs\">\r\n<div>\r\n<div id=\"id_videojs_5e72263d8d669_2\" class=\"video-js vjs-paused vjs-fluid id_videojs_5e72263d8d669_2-dimensions vjs-controls-enabled vjs-workinghover vjs-v6 vjs-user-inactive\" tabindex=\"-1\" title=\"R%C3%A9f%C3%A9rence%20de%20cellule6.mp4\" role=\"region\" data-setup-lazy=\"{&quot;language&quot;: &quot;fr&quot;, &quot;fluid&quot;: true}\" aria-label=\"Lecteur vid\u00e9o\" lang=\"fr\">\r\n<div style=\"width: 640px;\" class=\"wp-video\"><video class=\"wp-video-shortcode\" id=\"video-1196-2\" width=\"640\" height=\"360\" preload=\"metadata\" controls=\"controls\"><source type=\"video\/mp4\" src=\"https:\/\/video.pixerecourt.fr\/video_info\/2-adressage.mp4?_=2\" \/><a href=\"https:\/\/video.pixerecourt.fr\/video_info\/2-adressage.mp4\">https:\/\/video.pixerecourt.fr\/video_info\/2-adressage.mp4<\/a><\/video><\/div>\r\n<\/div>\r\n<\/div>\r\n<\/div>\r\n<p>&nbsp;<\/p>\r\n","protected":false},"excerpt":{"rendered":"<p>Le tableur est un outil tr\u00e8s complet. Celui-ci peut \u00eatre utilis\u00e9 pour : Mettre en page des tableaux pour soigner l&rsquo;esth\u00e9tique, mais aussi qu&rsquo;ils permettent de lire les donn\u00e9es facilement Mettre en \u0153uvre des formules pour effectuer des op\u00e9rations sur des donn\u00e9es variables Consulter des grands tableaux de donn\u00e9es pour en tirer des conclusions. Manipuler [&hellip;]<\/p>\n","protected":false},"author":1,"featured_media":0,"parent":0,"menu_order":0,"comment_status":"closed","ping_status":"closed","template":"","meta":{"ngg_post_thumbnail":0,"footnotes":""},"class_list":["post-1196","page","type-page","status-publish","hentry"],"_links":{"self":[{"href":"https:\/\/wp.pixerecourt.fr\/cours-info\/wp-json\/wp\/v2\/pages\/1196","targetHints":{"allow":["GET"]}}],"collection":[{"href":"https:\/\/wp.pixerecourt.fr\/cours-info\/wp-json\/wp\/v2\/pages"}],"about":[{"href":"https:\/\/wp.pixerecourt.fr\/cours-info\/wp-json\/wp\/v2\/types\/page"}],"author":[{"embeddable":true,"href":"https:\/\/wp.pixerecourt.fr\/cours-info\/wp-json\/wp\/v2\/users\/1"}],"replies":[{"embeddable":true,"href":"https:\/\/wp.pixerecourt.fr\/cours-info\/wp-json\/wp\/v2\/comments?post=1196"}],"version-history":[{"count":12,"href":"https:\/\/wp.pixerecourt.fr\/cours-info\/wp-json\/wp\/v2\/pages\/1196\/revisions"}],"predecessor-version":[{"id":1978,"href":"https:\/\/wp.pixerecourt.fr\/cours-info\/wp-json\/wp\/v2\/pages\/1196\/revisions\/1978"}],"wp:attachment":[{"href":"https:\/\/wp.pixerecourt.fr\/cours-info\/wp-json\/wp\/v2\/media?parent=1196"}],"curies":[{"name":"wp","href":"https:\/\/api.w.org\/{rel}","templated":true}]}}