{"id":1181,"date":"2019-11-18T15:32:40","date_gmt":"2019-11-18T15:32:40","guid":{"rendered":"http:\/\/wp.pixerecourt.fr\/cours-info\/?page_id=1181"},"modified":"2024-12-06T15:47:06","modified_gmt":"2024-12-06T15:47:06","slug":"corrige-ds-et-exercice-tableur","status":"publish","type":"page","link":"https:\/\/wp.pixerecourt.fr\/cours-info\/corrige-ds-et-exercice-tableur\/","title":{"rendered":"Corrig\u00e9 DS et Exercice (Tableur)"},"content":{"rendered":"\r\n<a class=\"mwm-aal-item\" name=\"exercice-formatage-des-cellules\"><\/a><h1>Exercice Formatage des cellules.<\/h1>\r\n<p>Exercice qui demande de conna\u00eetre le manipulation de base et la mise en forme dans un tableur, c'est \u00e0 dire la saisie d'un contenu, la s\u00e9lection d'une cellules et l'utilisation de <strong>Format\/Cellule<\/strong> (ou les boutons de la barre d'outil)<\/p>\r\n<p>L'\u00e9nonc\u00e9 de l'exercice est <a href=\"http:\/\/wp.pixerecourt.fr\/cours-info\/wp-content\/uploads\/sites\/39\/2019\/11\/tableau-\u00e0-reproduire.pdf\">ici<\/a>.<\/p>\r\n<p>Le corrig\u00e9 en vid\u00e9o du premi\u00e8re tableau \u00e0 reproduire est ci dessous :<\/p>\r\n<div style=\"width: 640px;\" class=\"wp-video\"><!--[if lt IE 9]><script>document.createElement('video');<\/script><![endif]-->\n<video class=\"wp-video-shortcode\" id=\"video-1181-1\" width=\"640\" height=\"477\" preload=\"metadata\" controls=\"controls\"><source type=\"video\/webm\" src=\"https:\/\/video.pixerecourt.fr\/video_info\/Corrig\u00e9-tableau-1.webm?_=1\" \/><a href=\"https:\/\/video.pixerecourt.fr\/video_info\/Corrig\u00e9-tableau-1.webm\">https:\/\/video.pixerecourt.fr\/video_info\/Corrig\u00e9-tableau-1.webm<\/a><\/video><\/div>\r\n<p>Corrig\u00e9 du deuxi\u00e8me tableau :<\/p>\r\n<div style=\"width: 640px;\" class=\"wp-video\"><video class=\"wp-video-shortcode\" id=\"video-1181-2\" width=\"640\" height=\"477\" preload=\"metadata\" controls=\"controls\"><source type=\"video\/webm\" src=\"https:\/\/video.pixerecourt.fr\/video_info\/corrig\u00e9-tableau-2.webm?_=2\" \/><a href=\"https:\/\/video.pixerecourt.fr\/video_info\/corrig\u00e9-tableau-2.webm\">https:\/\/video.pixerecourt.fr\/video_info\/corrig\u00e9-tableau-2.webm<\/a><\/video><\/div>\r\n<a class=\"mwm-aal-item\" name=\"exercice-fonction-conditionnelle\"><\/a><h1>Exercice fonction conditionnelle:<\/h1>\r\n<p><a href=\"http:\/\/wp.pixerecourt.fr\/cours-info\/wp-content\/uploads\/sites\/39\/2022\/01\/exercice-Si-tableau-de-la-video.ods\">Tableau de la vid\u00e9o<\/a><\/p>\r\n<p><a href=\"http:\/\/wp.pixerecourt.fr\/cours-info\/wp-content\/uploads\/sites\/39\/2022\/01\/Exercice-SI-Simple1.ods\">Si simple 1<\/a><\/p>\r\n<p><a href=\"http:\/\/wp.pixerecourt.fr\/cours-info\/wp-content\/uploads\/sites\/39\/2022\/01\/Exercice-SI-Simple2.ods\">Si simple 2<\/a><\/p>\r\n<p><a href=\"http:\/\/wp.pixerecourt.fr\/cours-info\/wp-content\/uploads\/sites\/39\/2022\/01\/Exercice-Si-simple-et-imbriqu\u00e9-1.ods\">Si imbriqu\u00e9 1<\/a><\/p>\r\n<p><a href=\"http:\/\/wp.pixerecourt.fr\/cours-info\/wp-content\/uploads\/sites\/39\/2022\/01\/Exercice-SI-Simple2-et-imbriqu\u00e9.ods\">Si imbriqu\u00e9 2<\/a><\/p>\r\n","protected":false},"excerpt":{"rendered":"<p>Exercice Formatage des cellules. Exercice qui demande de conna\u00eetre le manipulation de base et la mise en forme dans un tableur, c&rsquo;est \u00e0 dire la saisie d&rsquo;un contenu, la s\u00e9lection d&rsquo;une cellules et l&rsquo;utilisation de Format\/Cellule (ou les boutons de la barre d&rsquo;outil) L&rsquo;\u00e9nonc\u00e9 de l&rsquo;exercice est ici. Le corrig\u00e9 en vid\u00e9o du premi\u00e8re tableau [&hellip;]<\/p>\n","protected":false},"author":1,"featured_media":0,"parent":0,"menu_order":0,"comment_status":"closed","ping_status":"closed","template":"","meta":{"ngg_post_thumbnail":0,"footnotes":""},"class_list":["post-1181","page","type-page","status-publish","hentry"],"_links":{"self":[{"href":"https:\/\/wp.pixerecourt.fr\/cours-info\/wp-json\/wp\/v2\/pages\/1181","targetHints":{"allow":["GET"]}}],"collection":[{"href":"https:\/\/wp.pixerecourt.fr\/cours-info\/wp-json\/wp\/v2\/pages"}],"about":[{"href":"https:\/\/wp.pixerecourt.fr\/cours-info\/wp-json\/wp\/v2\/types\/page"}],"author":[{"embeddable":true,"href":"https:\/\/wp.pixerecourt.fr\/cours-info\/wp-json\/wp\/v2\/users\/1"}],"replies":[{"embeddable":true,"href":"https:\/\/wp.pixerecourt.fr\/cours-info\/wp-json\/wp\/v2\/comments?post=1181"}],"version-history":[{"count":10,"href":"https:\/\/wp.pixerecourt.fr\/cours-info\/wp-json\/wp\/v2\/pages\/1181\/revisions"}],"predecessor-version":[{"id":1970,"href":"https:\/\/wp.pixerecourt.fr\/cours-info\/wp-json\/wp\/v2\/pages\/1181\/revisions\/1970"}],"wp:attachment":[{"href":"https:\/\/wp.pixerecourt.fr\/cours-info\/wp-json\/wp\/v2\/media?parent=1181"}],"curies":[{"name":"wp","href":"https:\/\/api.w.org\/{rel}","templated":true}]}}