{"id":1169,"date":"2019-10-07T13:42:51","date_gmt":"2019-10-07T13:42:51","guid":{"rendered":"http:\/\/wp.pixerecourt.fr\/cours-info\/?page_id=1169"},"modified":"2024-12-06T15:50:22","modified_gmt":"2024-12-06T15:50:22","slug":"manipulations","status":"publish","type":"page","link":"https:\/\/wp.pixerecourt.fr\/cours-info\/manipulations\/","title":{"rendered":"Imagerie num\u00e9rique: Manipulations"},"content":{"rendered":"\r\n<a class=\"mwm-aal-item\" name=\"manipulations\"><\/a><h1>Manipulations<\/h1>\r\n<h2>Avec le logiciel \"IrfanView\":<\/h2>\r\n<p>Irfanview est un des nombreux logiciels de traitement d'image qu'on peut trouver gratuitement sur internet. Il permet de visualiser ou modifier tous les formats d'image courants.<\/p>\r\n<p><a href=\"http:\/\/www.irfanview.com\/\"><img loading=\"lazy\" decoding=\"async\" class=\"wp-image-329\" src=\"http:\/\/wp.pixerecourt.fr\/cours-info\/wp-content\/uploads\/sites\/39\/2015\/09\/logoirfanview.jpg\" alt=\"L\u2019ic\u00f4ne d'irfanview\" width=\"126\" height=\"90\"><\/a> L\u2019ic\u00f4ne d'irfanview<\/p>\r\n<h3>Exemple de modification: retailler une image:<\/h3>\r\n<p>Cette modification consiste \u00e0 r\u00e9duire le nombre de pixel d'une image. Une telle op\u00e9ration \u00e0 beaucoup d'impact sur le poids du fichier.<\/p>\r\n<p>L'op\u00e9ration est tr\u00e8s simple, il suffit d'ouvrir l'image, puis d'aller dans le menu <em><strong>Image\/Retailler-echantilloner<\/strong><\/em><\/p>\r\n<p><a href=\"http:\/\/wp.pixerecourt.fr\/cours-info\/wp-content\/uploads\/sites\/39\/2015\/09\/retailler-une-image.jpg\"><img loading=\"lazy\" decoding=\"async\" class=\"wp-image-330 \" src=\"http:\/\/wp.pixerecourt.fr\/cours-info\/wp-content\/uploads\/sites\/39\/2015\/09\/retailler-une-image.jpg\" alt=\"retailler une image\" width=\"268\" height=\"202\" srcset=\"https:\/\/wp.pixerecourt.fr\/cours-info\/wp-content\/uploads\/sites\/39\/2015\/09\/retailler-une-image.jpg 461w, https:\/\/wp.pixerecourt.fr\/cours-info\/wp-content\/uploads\/sites\/39\/2015\/09\/retailler-une-image-300x226.jpg 300w\" sizes=\"auto, (max-width: 268px) 100vw, 268px\" \/><\/a> Retailler une image avec irfanview <a href=\"http:\/\/wp.pixerecourt.fr\/cours-info\/wp-content\/uploads\/sites\/39\/2015\/09\/retailler-une-image22.jpg\"><img loading=\"lazy\" decoding=\"async\" class=\" wp-image-331\" src=\"http:\/\/wp.pixerecourt.fr\/cours-info\/wp-content\/uploads\/sites\/39\/2015\/09\/retailler-une-image22.jpg\" alt=\"Retailer \u00e0 80% divise par trois la taille du fichier! \" width=\"280\" height=\"190\" srcset=\"https:\/\/wp.pixerecourt.fr\/cours-info\/wp-content\/uploads\/sites\/39\/2015\/09\/retailler-une-image22.jpg 517w, https:\/\/wp.pixerecourt.fr\/cours-info\/wp-content\/uploads\/sites\/39\/2015\/09\/retailler-une-image22-300x203.jpg 300w\" sizes=\"auto, (max-width: 280px) 100vw, 280px\" \/><\/a> Retailler \u00e0 80% divise par trois la taille du fichier!<\/p>\r\n<h2>Traiter un ensemble d'image par lots.<\/h2>\r\n<p>Cette op\u00e9ration consiste \u00e0 effectuer des modifications sur un ensemble de fichier, ce qui \u00e9vite d'avoir \u00e0 ouvrir les fichiers un par un.<\/p>\r\n<p>Pour cela, il faut ouvrir une des images avec irfanview, et aller dans le menu: <em><strong>Fichier\/Convertir renommer en mode Batch<\/strong><\/em><\/p>\r\n<p>Dans cette fen\u00eatre il est important de pr\u00e9ciser:<\/p>\r\n<p><a href=\"http:\/\/wp.pixerecourt.fr\/cours-info\/wp-content\/uploads\/sites\/39\/2015\/09\/retailler-des-images.jpg\"><img loading=\"lazy\" decoding=\"async\" class=\"wp-image-333 size-full\" src=\"http:\/\/wp.pixerecourt.fr\/cours-info\/wp-content\/uploads\/sites\/39\/2015\/09\/retailler-des-images.jpg\" alt=\"retailler des images\" width=\"658\" height=\"470\" srcset=\"https:\/\/wp.pixerecourt.fr\/cours-info\/wp-content\/uploads\/sites\/39\/2015\/09\/retailler-des-images.jpg 658w, https:\/\/wp.pixerecourt.fr\/cours-info\/wp-content\/uploads\/sites\/39\/2015\/09\/retailler-des-images-300x214.jpg 300w\" sizes=\"auto, (max-width: 658px) 100vw, 658px\" \/><\/a> Fenetre de traitement par lot<\/p>\r\n<p>Cette vid\u00e9o vous d\u00e9taillera les manipulations:<\/p>\r\n<div style=\"width: 640px;\" class=\"wp-video\"><!--[if lt IE 9]><script>document.createElement('video');<\/script><![endif]-->\n<video class=\"wp-video-shortcode\" id=\"video-1169-1\" width=\"640\" height=\"360\" preload=\"metadata\" controls=\"controls\"><source type=\"video\/webm\" src=\"https:\/\/video.pixerecourt.fr\/video_info\/traitementparlot.webm?_=1\" \/><a href=\"https:\/\/video.pixerecourt.fr\/video_info\/traitementparlot.webm\">https:\/\/video.pixerecourt.fr\/video_info\/traitementparlot.webm<\/a><\/video><\/div>\r\n<h2>Avec GIMP:<\/h2>\r\n<p>Gimp est un logiciel libre, \u00e9quivalent au c\u00e9l\u00e8bre Photoshop. Il permet de g\u00e9rer les calques, les chemins, et bien d'autre choses qui ne seront pas expliqu\u00e9es ici.<\/p>\r\n<p>Par toutes les manipulations qu'on peut faire avec GIMP ( d\u00e9tail sur le <a href=\"http:\/\/docs.gimp.org\/fr\/\">site de GIMP <\/a> )<\/p>\r\n<h3>\"Detourer\" un objet<\/h3>\r\n<p>C'est une manipulation courante qui permet de d\u00e9tacher un objet pour l'extraire de son arri\u00e8re plan.<br>\r\nElle peut servir, par exemple, pour mettre en logo sur fond transparent, de mani\u00e8re \u00e0 le placer sur un fond de couleur.<\/p>\r\n<p><a href=\"http:\/\/wp.pixerecourt.fr\/cours-info\/wp-content\/uploads\/sites\/39\/2015\/09\/logo_sur_fond_brun.jpg\"><img loading=\"lazy\" decoding=\"async\" class=\"size-full wp-image-336\" src=\"http:\/\/wp.pixerecourt.fr\/cours-info\/wp-content\/uploads\/sites\/39\/2015\/09\/logo_sur_fond_brun.jpg\" alt=\"Le logo de l'\u00e9tablissement sur fond brun. \" width=\"336\" height=\"202\" srcset=\"https:\/\/wp.pixerecourt.fr\/cours-info\/wp-content\/uploads\/sites\/39\/2015\/09\/logo_sur_fond_brun.jpg 336w, https:\/\/wp.pixerecourt.fr\/cours-info\/wp-content\/uploads\/sites\/39\/2015\/09\/logo_sur_fond_brun-300x180.jpg 300w\" sizes=\"auto, (max-width: 336px) 100vw, 336px\" \/><\/a> Le logo de l'\u00e9tablissement sur fond brun. <a href=\"http:\/\/wp.pixerecourt.fr\/cours-info\/wp-content\/uploads\/sites\/39\/2015\/09\/gimp-baguette-magique.gif\"><img loading=\"lazy\" decoding=\"async\" class=\" wp-image-337\" src=\"http:\/\/wp.pixerecourt.fr\/cours-info\/wp-content\/uploads\/sites\/39\/2015\/09\/gimp-baguette-magique.gif\" alt=\"Utilisation de la baguette magique pour &quot;d\u00e9tourer&quot;\" width=\"407\" height=\"266\"><\/a> Utilisation de la baguette magique pour \"d\u00e9tourer\"<\/p>\r\n<p>Cette vid\u00e9o explique la manipulation en d\u00e9tail:<\/p>\r\n<h3>Appliquer une transparence:<\/h3>\r\n<p>Pour cela il faut \"Ajouter un canal Alpha\":<\/p>\r\n<p><a href=\"http:\/\/wp.pixerecourt.fr\/cours-info\/wp-content\/uploads\/sites\/39\/2015\/09\/ajouter-canal-alpha.jpg\"><img loading=\"lazy\" decoding=\"async\" class=\"size-full wp-image-338\" src=\"http:\/\/wp.pixerecourt.fr\/cours-info\/wp-content\/uploads\/sites\/39\/2015\/09\/ajouter-canal-alpha.jpg\" alt=\"Ajouter un canal alpha pour la transparence\" width=\"317\" height=\"159\" srcset=\"https:\/\/wp.pixerecourt.fr\/cours-info\/wp-content\/uploads\/sites\/39\/2015\/09\/ajouter-canal-alpha.jpg 317w, https:\/\/wp.pixerecourt.fr\/cours-info\/wp-content\/uploads\/sites\/39\/2015\/09\/ajouter-canal-alpha-300x150.jpg 300w\" sizes=\"auto, (max-width: 317px) 100vw, 317px\" \/><\/a> Ajouter un canal alpha pour la transparence<\/p>\r\n<p>Ensuite, les pixels \u00e0 supprimer \u00e9tant encore s\u00e9lectionn\u00e9s, il suffit d'appuyer sur la touche SUPPR du clavier. A la place des pixels \u00e0 supprimer, vous obtiendrez ceci:<\/p>\r\n<p><a href=\"http:\/\/wp.pixerecourt.fr\/cours-info\/wp-content\/uploads\/sites\/39\/2015\/09\/gimp-transparent.jpg\"><img loading=\"lazy\" decoding=\"async\" class=\" wp-image-339\" src=\"http:\/\/wp.pixerecourt.fr\/cours-info\/wp-content\/uploads\/sites\/39\/2015\/09\/gimp-transparent.jpg\" alt=\"Les pixels transparents sous gimp\" width=\"94\" height=\"72\"><\/a> Les pixels transparents sous gimp<\/p>\r\n<p>Enfin il faut enregistrer son fichier en allant dans Fichier\/Exporter. Modifier l'extension de fichier propos\u00e9 en \u00e9crivant \".png\"<\/p>\r\n<p><a href=\"http:\/\/wp.pixerecourt.fr\/cours-info\/wp-content\/uploads\/sites\/39\/2015\/09\/exporter-gimp.jpg\"><img loading=\"lazy\" decoding=\"async\" class=\"size-full wp-image-340\" src=\"http:\/\/wp.pixerecourt.fr\/cours-info\/wp-content\/uploads\/sites\/39\/2015\/09\/exporter-gimp.jpg\" alt=\"Exporter en format PNG\" width=\"354\" height=\"125\" srcset=\"https:\/\/wp.pixerecourt.fr\/cours-info\/wp-content\/uploads\/sites\/39\/2015\/09\/exporter-gimp.jpg 354w, https:\/\/wp.pixerecourt.fr\/cours-info\/wp-content\/uploads\/sites\/39\/2015\/09\/exporter-gimp-300x105.jpg 300w\" sizes=\"auto, (max-width: 354px) 100vw, 354px\" \/><\/a> Exporter en format PNG<\/p>\r\n<p>&nbsp;<\/p>\r\n<p>L'image peut ensuite \u00eatre exploit\u00e9 sur un diaporama, ou un site web....<\/p>\r\n","protected":false},"excerpt":{"rendered":"<p>Manipulations Avec le logiciel \u00ab\u00a0IrfanView\u00a0\u00bb: Irfanview est un des nombreux logiciels de traitement d&rsquo;image qu&rsquo;on peut trouver gratuitement sur internet. Il permet de visualiser ou modifier tous les formats d&rsquo;image courants. L\u2019ic\u00f4ne d&rsquo;irfanview Exemple de modification: retailler une image: Cette modification consiste \u00e0 r\u00e9duire le nombre de pixel d&rsquo;une image. Une telle op\u00e9ration \u00e0 beaucoup [&hellip;]<\/p>\n","protected":false},"author":1,"featured_media":0,"parent":0,"menu_order":0,"comment_status":"closed","ping_status":"closed","template":"","meta":{"ngg_post_thumbnail":0,"footnotes":""},"class_list":["post-1169","page","type-page","status-publish","hentry"],"_links":{"self":[{"href":"https:\/\/wp.pixerecourt.fr\/cours-info\/wp-json\/wp\/v2\/pages\/1169","targetHints":{"allow":["GET"]}}],"collection":[{"href":"https:\/\/wp.pixerecourt.fr\/cours-info\/wp-json\/wp\/v2\/pages"}],"about":[{"href":"https:\/\/wp.pixerecourt.fr\/cours-info\/wp-json\/wp\/v2\/types\/page"}],"author":[{"embeddable":true,"href":"https:\/\/wp.pixerecourt.fr\/cours-info\/wp-json\/wp\/v2\/users\/1"}],"replies":[{"embeddable":true,"href":"https:\/\/wp.pixerecourt.fr\/cours-info\/wp-json\/wp\/v2\/comments?post=1169"}],"version-history":[{"count":3,"href":"https:\/\/wp.pixerecourt.fr\/cours-info\/wp-json\/wp\/v2\/pages\/1169\/revisions"}],"predecessor-version":[{"id":1973,"href":"https:\/\/wp.pixerecourt.fr\/cours-info\/wp-json\/wp\/v2\/pages\/1169\/revisions\/1973"}],"wp:attachment":[{"href":"https:\/\/wp.pixerecourt.fr\/cours-info\/wp-json\/wp\/v2\/media?parent=1169"}],"curies":[{"name":"wp","href":"https:\/\/api.w.org\/{rel}","templated":true}]}}