{"id":1166,"date":"2019-10-07T13:42:05","date_gmt":"2019-10-07T13:42:05","guid":{"rendered":"http:\/\/wp.pixerecourt.fr\/cours-info\/?page_id=1166"},"modified":"2021-11-08T14:18:47","modified_gmt":"2021-11-08T14:18:47","slug":"caracteristique-des-images-matricielles","status":"publish","type":"page","link":"https:\/\/wp.pixerecourt.fr\/cours-info\/caracteristique-des-images-matricielles\/","title":{"rendered":"Imagerie num\u00e9rique: Autres caract\u00e9ristiques des images matricielles"},"content":{"rendered":"\r\n<h2>Caract\u00e9ristiques des images matricielles:<\/h2>\r\n<h3>Profondeur de couleur:<\/h3>\r\n<p>La profondeur de couleur d\u00e9signe la quantit\u00e9 d'information qu'on utilise pour enregistrer la couleur de chaque pixel. En g\u00e9n\u00e9ral, il faut compter une profondeur de couleur \u00e9crite sur 3 octets (soit 24 bits)<\/p>\r\n<p><a href=\"http:\/\/wp.pixerecourt.fr\/cours-info\/wp-content\/uploads\/sites\/39\/2015\/09\/fleur-32bits.jpg\"><img loading=\"lazy\" decoding=\"async\" class=\" wp-image-321\" src=\"http:\/\/wp.pixerecourt.fr\/cours-info\/wp-content\/uploads\/sites\/39\/2015\/09\/fleur-32bits.jpg\" alt=\"Profondeur de couleur 24 bits: 65536 couleurs\" width=\"294\" height=\"196\" srcset=\"https:\/\/wp.pixerecourt.fr\/cours-info\/wp-content\/uploads\/sites\/39\/2015\/09\/fleur-32bits.jpg 800w, https:\/\/wp.pixerecourt.fr\/cours-info\/wp-content\/uploads\/sites\/39\/2015\/09\/fleur-32bits-300x199.jpg 300w\" sizes=\"auto, (max-width: 294px) 100vw, 294px\" \/><\/a> Profondeur de couleur 24 bits (3 octet)<\/p>\r\n<p>Avec les logiciels de retouche d'image, on peut facilement diminuer la profondeur de couleur d'une image:<\/p>\r\n<p><a href=\"http:\/\/wp.pixerecourt.fr\/cours-info\/wp-content\/uploads\/sites\/39\/2015\/09\/fleur-16-couleur.jpg\"><img loading=\"lazy\" decoding=\"async\" class=\"wp-image-322\" src=\"http:\/\/wp.pixerecourt.fr\/cours-info\/wp-content\/uploads\/sites\/39\/2015\/09\/fleur-16-couleur.jpg\" alt=\"fleur 16 couleur\" width=\"294\" height=\"196\" srcset=\"https:\/\/wp.pixerecourt.fr\/cours-info\/wp-content\/uploads\/sites\/39\/2015\/09\/fleur-16-couleur.jpg 800w, https:\/\/wp.pixerecourt.fr\/cours-info\/wp-content\/uploads\/sites\/39\/2015\/09\/fleur-16-couleur-300x199.jpg 300w\" sizes=\"auto, (max-width: 294px) 100vw, 294px\" \/><\/a> Profondeur de couleur 4 bits (0,5 octet)<\/p>\r\n<h3>Format:<\/h3>\r\n<p>Il correspond au <strong>type d'encodage utilis\u00e9<\/strong> pour num\u00e9riser l'image. Selon l'utilisation qui sera faite de l'image num\u00e9rique, c'est \u00e0 dire avec quelle programme, on choisira un format ou un autre.<\/p>\r\n<p>Par exemple un format nomm\u00e9 \"JPEG\", permet de compresser les images pour les rendre plus l\u00e9g\u00e8res \u00e0 manipuler. Cette compression, peut provoquer une baisse de qualit\u00e9 si elle est trop importante<\/p>\r\n<p><a href=\"http:\/\/wp.pixerecourt.fr\/cours-info\/wp-content\/uploads\/sites\/39\/2015\/09\/compression-JPEG.jpg\"><img loading=\"lazy\" decoding=\"async\" class=\"size-full wp-image-319\" src=\"http:\/\/wp.pixerecourt.fr\/cours-info\/wp-content\/uploads\/sites\/39\/2015\/09\/compression-JPEG.jpg\" alt=\"Source:https:\/\/fr.wikipedia.org\/wiki\/JPEG\" width=\"325\" height=\"367\" srcset=\"https:\/\/wp.pixerecourt.fr\/cours-info\/wp-content\/uploads\/sites\/39\/2015\/09\/compression-JPEG.jpg 325w, https:\/\/wp.pixerecourt.fr\/cours-info\/wp-content\/uploads\/sites\/39\/2015\/09\/compression-JPEG-265x300.jpg 265w\" sizes=\"auto, (max-width: 325px) 100vw, 325px\" \/><\/a> Source:https:\/\/fr.wikipedia.org\/wiki\/JPEG<\/p>\r\n<p>&nbsp;<\/p>\r\n<p>Il existe une bonne centaine de formats num\u00e9riques, voici les principaux:<\/p>\r\n<ul>\r\n\t<li>JPG: Compress\u00e9<\/li>\r\n\t<li>PNG:Compress\u00e9, prend en charge la transparence<\/li>\r\n\t<li>GIF: Format compress\u00e9, qui prend en charge l'animation, mais limit\u00e9 \u00e0 256 couleurs<\/li>\r\n\t<li>RAW: Format brut, tr\u00e8s lourd \u00e0 manipuler. Les images dans ce format n'ont pas \u00e9t\u00e9 trait\u00e9es (c'est \u00e0 dire non compress\u00e9e)<\/li>\r\n<\/ul>\r\n<p>Les images peuvent \u00eatre converties d'un format \u00e0 un autre en utilisant des logiciels de retouche d'image (Xnview, Irfanview, Gimp, Photoshop .... ). A partir d'une image qui \u00e0 \u00e9t\u00e9 compress\u00e9e, on ne pourra pas revenir au format Brut<\/p>\r\n\r\n\r\n<p>&nbsp;<\/p>\r\n","protected":false},"excerpt":{"rendered":"<p>Caract\u00e9ristiques des images matricielles: Profondeur de couleur: La profondeur de couleur d\u00e9signe la quantit\u00e9 d&rsquo;information qu&rsquo;on utilise pour enregistrer la couleur de chaque pixel. En g\u00e9n\u00e9ral, il faut compter une profondeur de couleur \u00e9crite sur 3 octets (soit 24 bits) Profondeur de couleur 24 bits (3 octet) Avec les logiciels de retouche d&rsquo;image, on peut [&hellip;]<\/p>\n","protected":false},"author":1,"featured_media":0,"parent":0,"menu_order":0,"comment_status":"closed","ping_status":"closed","template":"","meta":{"ngg_post_thumbnail":0,"footnotes":""},"class_list":["post-1166","page","type-page","status-publish","hentry"],"_links":{"self":[{"href":"https:\/\/wp.pixerecourt.fr\/cours-info\/wp-json\/wp\/v2\/pages\/1166","targetHints":{"allow":["GET"]}}],"collection":[{"href":"https:\/\/wp.pixerecourt.fr\/cours-info\/wp-json\/wp\/v2\/pages"}],"about":[{"href":"https:\/\/wp.pixerecourt.fr\/cours-info\/wp-json\/wp\/v2\/types\/page"}],"author":[{"embeddable":true,"href":"https:\/\/wp.pixerecourt.fr\/cours-info\/wp-json\/wp\/v2\/users\/1"}],"replies":[{"embeddable":true,"href":"https:\/\/wp.pixerecourt.fr\/cours-info\/wp-json\/wp\/v2\/comments?post=1166"}],"version-history":[{"count":2,"href":"https:\/\/wp.pixerecourt.fr\/cours-info\/wp-json\/wp\/v2\/pages\/1166\/revisions"}],"predecessor-version":[{"id":1713,"href":"https:\/\/wp.pixerecourt.fr\/cours-info\/wp-json\/wp\/v2\/pages\/1166\/revisions\/1713"}],"wp:attachment":[{"href":"https:\/\/wp.pixerecourt.fr\/cours-info\/wp-json\/wp\/v2\/media?parent=1166"}],"curies":[{"name":"wp","href":"https:\/\/api.w.org\/{rel}","templated":true}]}}