{"id":1100,"date":"2017-11-24T16:16:24","date_gmt":"2017-11-24T16:16:24","guid":{"rendered":"http:\/\/wp.pixerecourt.fr\/cours-info\/?page_id=1100"},"modified":"2024-12-06T16:13:06","modified_gmt":"2024-12-06T16:13:06","slug":"qgis-creation-dune-couche-vectorielle-et-ajout-de-champs-calcules","status":"publish","type":"page","link":"https:\/\/wp.pixerecourt.fr\/cours-info\/qgis-creation-dune-couche-vectorielle-et-ajout-de-champs-calcules\/","title":{"rendered":"QGIS: Cr\u00e9ation d&rsquo;une couche vectorielle et ajout de champs calcul\u00e9s"},"content":{"rendered":"<p>Pour la cr\u00e9ation d'une couche vectorielle, il y a quelques recettes \u00e0 retenir:<\/p>\n<a class=\"mwm-aal-item\" name=\"pralable-avant-la-cration-dune-couche\"><\/a><h1>Pr\u00e9alable avant la cr\u00e9ation d'une couche<\/h1>\n<p>Avant de cr\u00e9er une couche, il faut r\u00e9fl\u00e9chir \u00e0:<\/p>\n<ul>\n<li>Donner un nom \u00e0 cette couche, avec quel nom et dans quelle r\u00e9pertoire on va l'enregistrer.<\/li>\n<li>D\u00e9terminer le type de couche: point (par exemple pour des arbres), ligne (pour des routes ou des cours d'eau)&nbsp; ou polygone (pour des parcelles)<\/li>\n<li>D\u00e9terminer les champs de la table d'attribut. Pour chaque champ, il faut un nom et une indication du type de donn\u00e9e qu'il doit contenir. Les types dont on dispose sont: Texte, Nombre (d\u00e9cimaux ou entier), Date. On peut pr\u00e9ciser une longueur maximum pour \u00e9viter que des donn\u00e9es erron\u00e9es soient rentr\u00e9e par m\u00e9garde.<\/li>\n<\/ul>\n<a class=\"mwm-aal-item\" name=\"lajout-dentit\"><\/a><h1>L'ajout d'entit\u00e9<\/h1>\n<ul>\n<li>Pour ajouter des entit\u00e9s: basculer en mode d'\u00e9dition (avec le crayon), une fois que les entit\u00e9s sont ajout\u00e9es, il faut sortir du mode d'\u00e9dition, ce qui enregistre les nouvelles entit\u00e9s dans la couche<\/li>\n<li>Pour les lignes et polygones: terminer la saisie d'une entit\u00e9s en faisant un clic droit. QGIS nous demande alors les donn\u00e9e \u00e0 rentrer dans la table d'attribut.<\/li>\n<li>Quand on trace une entit\u00e9s, on peut temporaire changer d'outil puis reprendre le tracer. Par exemple on peut utiliser l'outil \"Main\" pour se replacer sur la carte.<\/li>\n<\/ul>\n<a class=\"mwm-aal-item\" name=\"les-manipulations\"><\/a><h1>Les manipulations<\/h1>\n<p>Les manipulations sont d\u00e9taill\u00e9es dans cette capsule:<\/p>\n<div style=\"width: 640px;\" class=\"wp-video\"><!--[if lt IE 9]><script>document.createElement('video');<\/script><![endif]-->\n<video class=\"wp-video-shortcode\" id=\"video-1100-1\" width=\"640\" height=\"360\" preload=\"metadata\" controls=\"controls\"><source type=\"video\/webm\" src=\"https:\/\/video.pixerecourt.fr\/video_info\/Cr\u00e9ation-dune-couche-vectorielle-et-ajout-de-champs-calcul\u00e9s.webm?_=1\" \/><a href=\"https:\/\/video.pixerecourt.fr\/video_info\/Cr\u00e9ation-dune-couche-vectorielle-et-ajout-de-champs-calcul\u00e9s.webm\">https:\/\/video.pixerecourt.fr\/video_info\/Cr\u00e9ation-dune-couche-vectorielle-et-ajout-de-champs-calcul\u00e9s.webm<\/a><\/video><\/div>\n<p>&nbsp;<\/p>\n","protected":false},"excerpt":{"rendered":"<p>Pour la cr\u00e9ation d&rsquo;une couche vectorielle, il y a quelques recettes \u00e0 retenir: Pr\u00e9alable avant la cr\u00e9ation d&rsquo;une couche Avant de cr\u00e9er une couche, il faut r\u00e9fl\u00e9chir \u00e0: Donner un nom \u00e0 cette couche, avec quel nom et dans quelle r\u00e9pertoire on va l&rsquo;enregistrer. D\u00e9terminer le type de couche: point (par exemple pour des arbres), [&hellip;]<\/p>\n","protected":false},"author":1,"featured_media":0,"parent":0,"menu_order":8,"comment_status":"closed","ping_status":"closed","template":"","meta":{"ngg_post_thumbnail":0,"footnotes":""},"class_list":["post-1100","page","type-page","status-publish","hentry"],"_links":{"self":[{"href":"https:\/\/wp.pixerecourt.fr\/cours-info\/wp-json\/wp\/v2\/pages\/1100","targetHints":{"allow":["GET"]}}],"collection":[{"href":"https:\/\/wp.pixerecourt.fr\/cours-info\/wp-json\/wp\/v2\/pages"}],"about":[{"href":"https:\/\/wp.pixerecourt.fr\/cours-info\/wp-json\/wp\/v2\/types\/page"}],"author":[{"embeddable":true,"href":"https:\/\/wp.pixerecourt.fr\/cours-info\/wp-json\/wp\/v2\/users\/1"}],"replies":[{"embeddable":true,"href":"https:\/\/wp.pixerecourt.fr\/cours-info\/wp-json\/wp\/v2\/comments?post=1100"}],"version-history":[{"count":3,"href":"https:\/\/wp.pixerecourt.fr\/cours-info\/wp-json\/wp\/v2\/pages\/1100\/revisions"}],"predecessor-version":[{"id":1987,"href":"https:\/\/wp.pixerecourt.fr\/cours-info\/wp-json\/wp\/v2\/pages\/1100\/revisions\/1987"}],"wp:attachment":[{"href":"https:\/\/wp.pixerecourt.fr\/cours-info\/wp-json\/wp\/v2\/media?parent=1100"}],"curies":[{"name":"wp","href":"https:\/\/api.w.org\/{rel}","templated":true}]}}