{"id":1096,"date":"2017-11-24T15:17:55","date_gmt":"2017-11-24T15:17:55","guid":{"rendered":"http:\/\/wp.pixerecourt.fr\/cours-info\/?page_id=1096"},"modified":"2024-12-06T16:12:36","modified_gmt":"2024-12-06T16:12:36","slug":"qgis-creation-dun-projet-et-ajout-de-couche","status":"publish","type":"page","link":"https:\/\/wp.pixerecourt.fr\/cours-info\/qgis-creation-dun-projet-et-ajout-de-couche\/","title":{"rendered":"QGIS: Cr\u00e9ation d&rsquo;un projet et ajout de couche"},"content":{"rendered":"<a class=\"mwm-aal-item\" name=\"la-cration-dun-projet-qgis\"><\/a><h1>La cr\u00e9ation d'un projet qgis:<\/h1>\n<p>Un projet qgis est un conteneur qui englobe toutes les couches d'une carte. Pour cr\u00e9er un projet, <strong>il faut d'abord cr\u00e9er un r\u00e9pertoire<\/strong> qui va contenir tous les fichiers utiles pour ce projet (les couches rasters, vectorielles, images, export de symbologie etc...)<\/p>\n<p>Les manipulations sont d\u00e9taill\u00e9es ici:<\/p>\n<div style=\"width: 640px;\" class=\"wp-video\"><!--[if lt IE 9]><script>document.createElement('video');<\/script><![endif]-->\n<video class=\"wp-video-shortcode\" id=\"video-1096-1\" width=\"640\" height=\"360\" preload=\"metadata\" controls=\"controls\"><source type=\"video\/webm\" src=\"https:\/\/video.pixerecourt.fr\/video_info\/cr\u00e9ation-dun-projet-et-ajout-de-couches.webm?_=1\" \/><a href=\"https:\/\/video.pixerecourt.fr\/video_info\/cr\u00e9ation-dun-projet-et-ajout-de-couches.webm\">https:\/\/video.pixerecourt.fr\/video_info\/cr\u00e9ation-dun-projet-et-ajout-de-couches.webm<\/a><\/video><\/div>\n","protected":false},"excerpt":{"rendered":"<p>La cr\u00e9ation d&rsquo;un projet qgis: Un projet qgis est un conteneur qui englobe toutes les couches d&rsquo;une carte. Pour cr\u00e9er un projet, il faut d&rsquo;abord cr\u00e9er un r\u00e9pertoire qui va contenir tous les fichiers utiles pour ce projet (les couches rasters, vectorielles, images, export de symbologie etc&#8230;) Les manipulations sont d\u00e9taill\u00e9es ici:<\/p>\n","protected":false},"author":1,"featured_media":0,"parent":0,"menu_order":7,"comment_status":"closed","ping_status":"closed","template":"","meta":{"ngg_post_thumbnail":0,"footnotes":""},"class_list":["post-1096","page","type-page","status-publish","hentry"],"_links":{"self":[{"href":"https:\/\/wp.pixerecourt.fr\/cours-info\/wp-json\/wp\/v2\/pages\/1096","targetHints":{"allow":["GET"]}}],"collection":[{"href":"https:\/\/wp.pixerecourt.fr\/cours-info\/wp-json\/wp\/v2\/pages"}],"about":[{"href":"https:\/\/wp.pixerecourt.fr\/cours-info\/wp-json\/wp\/v2\/types\/page"}],"author":[{"embeddable":true,"href":"https:\/\/wp.pixerecourt.fr\/cours-info\/wp-json\/wp\/v2\/users\/1"}],"replies":[{"embeddable":true,"href":"https:\/\/wp.pixerecourt.fr\/cours-info\/wp-json\/wp\/v2\/comments?post=1096"}],"version-history":[{"count":2,"href":"https:\/\/wp.pixerecourt.fr\/cours-info\/wp-json\/wp\/v2\/pages\/1096\/revisions"}],"predecessor-version":[{"id":1986,"href":"https:\/\/wp.pixerecourt.fr\/cours-info\/wp-json\/wp\/v2\/pages\/1096\/revisions\/1986"}],"wp:attachment":[{"href":"https:\/\/wp.pixerecourt.fr\/cours-info\/wp-json\/wp\/v2\/media?parent=1096"}],"curies":[{"name":"wp","href":"https:\/\/api.w.org\/{rel}","templated":true}]}}