{"id":1081,"date":"2017-11-10T13:46:14","date_gmt":"2017-11-10T13:46:14","guid":{"rendered":"http:\/\/wp.pixerecourt.fr\/cours-info\/?page_id=1081"},"modified":"2024-12-06T16:12:08","modified_gmt":"2024-12-06T16:12:08","slug":"qgis-geo-referencer-un-raster","status":"publish","type":"page","link":"https:\/\/wp.pixerecourt.fr\/cours-info\/qgis-geo-referencer-un-raster\/","title":{"rendered":"QGIS: G\u00e9o-r\u00e9ferencer un raster"},"content":{"rendered":"<a class=\"mwm-aal-item\" name=\"principe\"><\/a><h1>Principe<\/h1>\n<p>Le g\u00e9o r\u00e9f\u00e9rencement consiste \u00e0 indiquer les coordonn\u00e9es d'une vue satellite dans un Raster, pour que les logiciels de SIG puisse les localiser dans l'espace.<\/p>\n<p>Pour cela, il nous faut:<\/p>\n<ul>\n<li>Une image matricielle d'une vue satellite. La r\u00e9solution doit \u00eatre suffisante si on veux travailler sur une zone pr\u00e9cise.<\/li>\n<li>Les coordonn\u00e9es en Lambert93 d'au moins 3 points remarquables dans le paysage. On peut \u00e9ventuellement enregistrer plus de points (selon la m\u00e9thode utilis\u00e9e)<\/li>\n<\/ul>\n<a class=\"mwm-aal-item\" name=\"manipulation\"><\/a><h1>Manipulation<\/h1>\n<p>Dans les grandes lignes:<\/p>\n<ol>\n<li>Effectuer une capture \u00e9cran \u00e0 partir de Geoportail (par exemple)<\/li>\n<li>Coller cette capture \u00e9cran dans un logiciel de traitement d'image, comme PhotoFiltre (par exemple) Profitez de cette phase pour \u00e9purer la photo en \u00f4tant tout ce qui ne dois pas appara\u00eetre sur le raster<\/li>\n<li>Enregistrer cet image, de pr\u00e9f\u00e9rence dans le format .TIFF<\/li>\n<li>Dans qgis, activer l'extension \"G\u00e9or\u00e9f\u00e9rencer GDAL\".<\/li>\n<li>Charger l'image TIFF en utilisant le bouton en haut \u00e0 droite.<\/li>\n<li>Cliquer sur des points de l'image dont vous connaissez les coordonn\u00e9es en Lambert 93 (X et Y). Pour conna\u00eetre les coordonn\u00e9es d'un point, on peut utiliser g\u00e9oportail. Il faut au moins trois point assez distant sur l'image.<\/li>\n<li>Cliquer sur la fl\u00e8che verte (en haut \u00e0 gauche), s\u00e9lectionner le nom du fichier de sortie, le SCR, et le type de tranformation \"<strong>Helmert<\/strong>\"<\/li>\n<li>Sortez de la fen\u00eatre, et cliquez une deuxi\u00e8me fois sur la fl\u00e8che verte.<\/li>\n<\/ol>\n<p>Voici un exemple pour g\u00e9o r\u00e9f\u00e9rencer une vue a\u00e9rienne de Nancy. J'utilise ici g\u00e9oportail pour obtenir les coordonn\u00e9es ainsi que le logiciel QGIS (pourvu de l'extension \"g\u00e9or\u00e9f\u00e9renceur GDAL\")<\/p>\n<div style=\"width: 640px;\" class=\"wp-video\"><!--[if lt IE 9]><script>document.createElement('video');<\/script><![endif]-->\n<video class=\"wp-video-shortcode\" id=\"video-1081-1\" width=\"640\" height=\"360\" preload=\"metadata\" controls=\"controls\"><source type=\"video\/webm\" src=\"https:\/\/video.pixerecourt.fr\/video_info\/g\u00e9or\u00e9f\u00e9rencer-nancy.webm?_=1\" \/><a href=\"https:\/\/video.pixerecourt.fr\/video_info\/g\u00e9or\u00e9f\u00e9rencer-nancy.webm\">https:\/\/video.pixerecourt.fr\/video_info\/g\u00e9or\u00e9f\u00e9rencer-nancy.webm<\/a><\/video><\/div>\n","protected":false},"excerpt":{"rendered":"<p>Principe Le g\u00e9o r\u00e9f\u00e9rencement consiste \u00e0 indiquer les coordonn\u00e9es d&rsquo;une vue satellite dans un Raster, pour que les logiciels de SIG puisse les localiser dans l&rsquo;espace. Pour cela, il nous faut: Une image matricielle d&rsquo;une vue satellite. La r\u00e9solution doit \u00eatre suffisante si on veux travailler sur une zone pr\u00e9cise. Les coordonn\u00e9es en Lambert93 d&rsquo;au [&hellip;]<\/p>\n","protected":false},"author":1,"featured_media":0,"parent":0,"menu_order":9,"comment_status":"closed","ping_status":"closed","template":"","meta":{"ngg_post_thumbnail":0,"footnotes":""},"class_list":["post-1081","page","type-page","status-publish","hentry"],"_links":{"self":[{"href":"https:\/\/wp.pixerecourt.fr\/cours-info\/wp-json\/wp\/v2\/pages\/1081","targetHints":{"allow":["GET"]}}],"collection":[{"href":"https:\/\/wp.pixerecourt.fr\/cours-info\/wp-json\/wp\/v2\/pages"}],"about":[{"href":"https:\/\/wp.pixerecourt.fr\/cours-info\/wp-json\/wp\/v2\/types\/page"}],"author":[{"embeddable":true,"href":"https:\/\/wp.pixerecourt.fr\/cours-info\/wp-json\/wp\/v2\/users\/1"}],"replies":[{"embeddable":true,"href":"https:\/\/wp.pixerecourt.fr\/cours-info\/wp-json\/wp\/v2\/comments?post=1081"}],"version-history":[{"count":5,"href":"https:\/\/wp.pixerecourt.fr\/cours-info\/wp-json\/wp\/v2\/pages\/1081\/revisions"}],"predecessor-version":[{"id":1985,"href":"https:\/\/wp.pixerecourt.fr\/cours-info\/wp-json\/wp\/v2\/pages\/1081\/revisions\/1985"}],"wp:attachment":[{"href":"https:\/\/wp.pixerecourt.fr\/cours-info\/wp-json\/wp\/v2\/media?parent=1081"}],"curies":[{"name":"wp","href":"https:\/\/api.w.org\/{rel}","templated":true}]}}