{"id":1048,"date":"2017-10-12T10:00:30","date_gmt":"2017-10-12T10:00:30","guid":{"rendered":"http:\/\/wp.pixerecourt.fr\/cours-info\/?page_id=1048"},"modified":"2024-12-06T16:15:53","modified_gmt":"2024-12-06T16:15:53","slug":"traitement-de-texte","status":"publish","type":"page","link":"https:\/\/wp.pixerecourt.fr\/cours-info\/traitement-de-texte\/","title":{"rendered":"Traitement de texte"},"content":{"rendered":"<a class=\"mwm-aal-item\" name=\"on-est-loin-de-la-machine-crire-\"><\/a><h1>On est loin de la machine \u00e0 \u00e9crire !<\/h1>\n<p>La plupart des utilisateurs n\u2019utilisent pas les logiciels de traitement de texte outil comme il faut. Il est tr\u00e8s facile de gagner en efficacit\u00e9 avec quelques notions de bases.<\/p>\n<p>Vous serez amen\u00e9 \u00e0 r\u00e9diger des rapports parfois tr\u00e8s longs. Eh bien, le fait d'utiliser quelques fonctionnalit\u00e9s tr\u00e8s basiques peut vous \u00eatre extr\u00eamement utile : changer tous les titres en 2-3 clics, faire un sommaire automatique avec renvoi, les titres qui se num\u00e9rotent tous seuls...<\/p>\n<p>Les capsules vid\u00e9os ci dessous montrent comment utiliser efficacement le traitement de texte de la suite bureautique LibreOffice. Le potentiel de la suite Microsoft office est \u00e9quivalent et les manipulations y sont tr\u00e8s similaires, toutefois elle ne seront pas montr\u00e9es ici...<\/p>\n<a class=\"mwm-aal-item\" name=\"exemple-sur-un-long-document\"><\/a><h1>Exemple sur un long document.<\/h1>\n<p>A l'aide d'un exemple, cette capsule vous montre ce qu'on peux faire pour faciliter la mise en forme des longs documents (ou des autres, bien entendu ! ).<\/p>\n<div style=\"width: 640px;\" class=\"wp-video\"><!--[if lt IE 9]><script>document.createElement('video');<\/script><![endif]-->\n<video class=\"wp-video-shortcode\" id=\"video-1048-1\" width=\"640\" height=\"360\" preload=\"none\" controls=\"controls\"><source type=\"video\/mp4\" src=\"https:\/\/video.pixerecourt.fr\/video_info\/pr\u00e9sentation-des-capsules.mp4?_=1\" \/><a href=\"https:\/\/video.pixerecourt.fr\/video_info\/pr\u00e9sentation-des-capsules.mp4\">https:\/\/video.pixerecourt.fr\/video_info\/pr\u00e9sentation-des-capsules.mp4<\/a><\/video><\/div>\n<a class=\"mwm-aal-item\" name=\"utiliser-des-sauts-de-page\"><\/a><h1>Utiliser des sauts de page<\/h1>\n<p>Pour terminer une page, les novices utilise la touche entr\u00e9e car c'est le plus rapide. Sur un long document, cette m\u00e9thode est \u00e0 bannir car la moindre modification risque de tout d\u00e9caler!<\/p>\n<div style=\"width: 640px;\" class=\"wp-video\"><video class=\"wp-video-shortcode\" id=\"video-1048-2\" width=\"640\" height=\"360\" preload=\"none\" controls=\"controls\"><source type=\"video\/mp4\" src=\"https:\/\/video.pixerecourt.fr\/video_info\/Saut-de-page.mp4?_=2\" \/><a href=\"https:\/\/video.pixerecourt.fr\/video_info\/Saut-de-page.mp4\">https:\/\/video.pixerecourt.fr\/video_info\/Saut-de-page.mp4<\/a><\/video><\/div>\n<a class=\"mwm-aal-item\" name=\"pour-la-mise-en-forme-utiliser-les-styles\"><\/a><h1>Pour la mise en forme: utiliser les styles<\/h1>\n<p>Pour faciliter la lecture, un document doit \u00eatre <strong>homog\u00e8ne: <\/strong>la mise en forme doit \u00eatre coh\u00e9rente en fonction du contenu. L'utilisation des styles est la recette en or pour y arriver rapidement,<span style=\"text-decoration: underline;\"><strong> sans oubli<\/strong> <\/span>...<\/p>\n<div style=\"width: 640px;\" class=\"wp-video\"><video class=\"wp-video-shortcode\" id=\"video-1048-3\" width=\"640\" height=\"360\" preload=\"none\" controls=\"controls\"><source type=\"video\/mp4\" src=\"https:\/\/video.pixerecourt.fr\/video_info\/style.mp4?_=3\" \/><a href=\"https:\/\/video.pixerecourt.fr\/video_info\/style.mp4\">https:\/\/video.pixerecourt.fr\/video_info\/style.mp4<\/a><\/video><\/div>\n<a class=\"mwm-aal-item\" name=\"la-numrotation-automatique-des-chapitres\"><\/a><h1>La num\u00e9rotation automatique des chapitres<\/h1>\n<p>Pour num\u00e9roter les chapitres\/sous chapitres, le meilleur moyen de ne pas faire d'erreur, c'est d'utiliser la m\u00e9thode automatique:<\/p>\n<div style=\"width: 640px;\" class=\"wp-video\"><video class=\"wp-video-shortcode\" id=\"video-1048-4\" width=\"640\" height=\"360\" preload=\"none\" controls=\"controls\"><source type=\"video\/mp4\" src=\"https:\/\/video.pixerecourt.fr\/video_info\/num\u00e9rotation.mp4?_=4\" \/><a href=\"https:\/\/video.pixerecourt.fr\/video_info\/num\u00e9rotation.mp4\">https:\/\/video.pixerecourt.fr\/video_info\/num\u00e9rotation.mp4<\/a><\/video><\/div>\n<a class=\"mwm-aal-item\" name=\"le-sommaire-automatique\"><\/a><h1>Le sommaire automatique<\/h1>\n<p>Quand on utilise des styles, on peut faire en \"trois coups de cuill\u00e8re \u00e0 clic\", un sommaire automatique. Ce serait dommage de s'en priver!<\/p>\n<div style=\"width: 640px;\" class=\"wp-video\"><video class=\"wp-video-shortcode\" id=\"video-1048-5\" width=\"640\" height=\"360\" preload=\"none\" controls=\"controls\"><source type=\"video\/mp4\" src=\"https:\/\/video.pixerecourt.fr\/video_info\/sommaire.mp4?_=5\" \/><a href=\"https:\/\/video.pixerecourt.fr\/video_info\/sommaire.mp4\">https:\/\/video.pixerecourt.fr\/video_info\/sommaire.mp4<\/a><\/video><\/div>\n<a class=\"mwm-aal-item\" name=\"le-pied-de-page-ou-lentte\"><\/a><h1>Le pied de page ou l'ent\u00eate<\/h1>\n<p>Pour afficher un texte, une image, ou la num\u00e9rotation de pages, qui appara\u00eet en bas de toutes les pages d'un document, il faut utiliser le Pied de page. Voici une vid\u00e9o-cours qui r\u00e9capitule les manipulations:<\/p>\n<div style=\"width: 640px;\" class=\"wp-video\"><video class=\"wp-video-shortcode\" id=\"video-1048-6\" width=\"640\" height=\"360\" preload=\"none\" controls=\"controls\"><source type=\"video\/mp4\" src=\"https:\/\/video.pixerecourt.fr\/video_info\/pied-de-page-mont\u00e9.mp4?_=6\" \/><a href=\"https:\/\/video.pixerecourt.fr\/video_info\/pied-de-page-mont\u00e9.mp4\">https:\/\/video.pixerecourt.fr\/video_info\/pied-de-page-mont\u00e9.mp4<\/a><\/video><\/div>\n<a class=\"mwm-aal-item\" name=\"pour-segmenter-un-document-utiliser-les-styles-de-page\"><\/a><h1>Pour segmenter un document: utiliser les styles de page<\/h1>\n<p>Les styles de page permette de diff\u00e9rencier des pages dans un document. Par exemple,:<\/p>\n<ul>\n<li>Pour introduire un sch\u00e9ma qui tiens sur une page en paysage alors que les autres&nbsp; sont en portrait,<\/li>\n<li>Si on veut num\u00e9roter les feuilles \u00e0 partir de la 4\u00e8me page d'un document, c'est \u00e0 dire avec des pieds de pages diff\u00e9renci\u00e9s<\/li>\n<\/ul>\n<p>&nbsp;<\/p>\n<div style=\"width: 640px;\" class=\"wp-video\"><video class=\"wp-video-shortcode\" id=\"video-1048-7\" width=\"640\" height=\"360\" preload=\"none\" controls=\"controls\"><source type=\"video\/mp4\" src=\"https:\/\/video.pixerecourt.fr\/video_info\/style-de-page-2.mp4?_=7\" \/><a href=\"https:\/\/video.pixerecourt.fr\/video_info\/style-de-page-2.mp4\">https:\/\/video.pixerecourt.fr\/video_info\/style-de-page-2.mp4<\/a><\/video><\/div>\n<a class=\"mwm-aal-item\" name=\"intgrer-des-images-dans-un-document\"><\/a><h1>Int\u00e9grer des images dans un document<\/h1>\n<p>Cette capsule vid\u00e9o vous montre comment int\u00e9grer des images dans un document, c'est \u00e0 dire:<\/p>\n<ul>\n<li>Prendre garde au nombre de pixel de l'image, la r\u00e8gle \u00e9tant de ne conserver que 300 pixels pour une image d'environ 2.5 cm<\/li>\n<li>Rogner l'image<\/li>\n<li>Modifier les attributs: Adaptation du texte, Bordure, Taille etc...<\/li>\n<li>Appliquer des attributs sur toutes les images du document<\/li>\n<\/ul>\n<div style=\"width: 640px;\" class=\"wp-video\"><video class=\"wp-video-shortcode\" id=\"video-1048-8\" width=\"640\" height=\"360\" preload=\"none\" controls=\"controls\"><source type=\"video\/mp4\" src=\"https:\/\/video.pixerecourt.fr\/video_info\/image.mp4?_=8\" \/><a href=\"https:\/\/video.pixerecourt.fr\/video_info\/image.mp4\">https:\/\/video.pixerecourt.fr\/video_info\/image.mp4<\/a><\/video><\/div>\n","protected":false},"excerpt":{"rendered":"<p>On est loin de la machine \u00e0 \u00e9crire ! La plupart des utilisateurs n\u2019utilisent pas les logiciels de traitement de texte outil comme il faut. Il est tr\u00e8s facile de gagner en efficacit\u00e9 avec quelques notions de bases. Vous serez amen\u00e9 \u00e0 r\u00e9diger des rapports parfois tr\u00e8s longs. Eh bien, le fait d&rsquo;utiliser quelques fonctionnalit\u00e9s [&hellip;]<\/p>\n","protected":false},"author":1,"featured_media":0,"parent":0,"menu_order":13,"comment_status":"closed","ping_status":"closed","template":"","meta":{"ngg_post_thumbnail":0,"footnotes":""},"class_list":["post-1048","page","type-page","status-publish","hentry"],"_links":{"self":[{"href":"https:\/\/wp.pixerecourt.fr\/cours-info\/wp-json\/wp\/v2\/pages\/1048","targetHints":{"allow":["GET"]}}],"collection":[{"href":"https:\/\/wp.pixerecourt.fr\/cours-info\/wp-json\/wp\/v2\/pages"}],"about":[{"href":"https:\/\/wp.pixerecourt.fr\/cours-info\/wp-json\/wp\/v2\/types\/page"}],"author":[{"embeddable":true,"href":"https:\/\/wp.pixerecourt.fr\/cours-info\/wp-json\/wp\/v2\/users\/1"}],"replies":[{"embeddable":true,"href":"https:\/\/wp.pixerecourt.fr\/cours-info\/wp-json\/wp\/v2\/comments?post=1048"}],"version-history":[{"count":15,"href":"https:\/\/wp.pixerecourt.fr\/cours-info\/wp-json\/wp\/v2\/pages\/1048\/revisions"}],"predecessor-version":[{"id":1990,"href":"https:\/\/wp.pixerecourt.fr\/cours-info\/wp-json\/wp\/v2\/pages\/1048\/revisions\/1990"}],"wp:attachment":[{"href":"https:\/\/wp.pixerecourt.fr\/cours-info\/wp-json\/wp\/v2\/media?parent=1048"}],"curies":[{"name":"wp","href":"https:\/\/api.w.org\/{rel}","templated":true}]}}