{"id":1077,"date":"2020-03-17T20:23:35","date_gmt":"2020-03-17T19:23:35","guid":{"rendered":"http:\/\/wp.pixerecourt.fr\/allemand\/?page_id=1077"},"modified":"2020-03-18T07:54:46","modified_gmt":"2020-03-18T06:54:46","slug":"mode-demploi","status":"publish","type":"page","link":"https:\/\/wp.pixerecourt.fr\/allemand\/","title":{"rendered":"A propos de ce site"},"content":{"rendered":"\n<p style=\"text-align: justify\"><img loading=\"lazy\" decoding=\"async\" class=\"aligncenter wp-image-1054\" src=\"http:\/\/wp.pixerecourt.fr\/allemand\/wp-content\/uploads\/sites\/92\/2020\/03\/von-u\u0308berall-lernen-300x100.png\" alt=\"\" width=\"480\" height=\"159\" srcset=\"https:\/\/wp.pixerecourt.fr\/allemand\/wp-content\/uploads\/sites\/92\/2020\/03\/von-u\u0308berall-lernen-300x100.png 300w, https:\/\/wp.pixerecourt.fr\/allemand\/wp-content\/uploads\/sites\/92\/2020\/03\/von-u\u0308berall-lernen.png 753w\" sizes=\"auto, (max-width: 480px) 100vw, 480px\" \/><\/p>\n<p style=\"text-align: justify\"><strong><span style=\"color: #800080\">Liebe Sch\u00fcler,<\/span><\/strong><\/p>\n<p style=\"text-align: justify\"><em><strong>Mon Bureau Num\u00e9rique<\/strong><\/em> \u00e9tant difficile d&rsquo;acc\u00e8s en ce moment, vos cours et activit\u00e9s en allemand&nbsp; durant ces prochains jours seront sur <strong><span style=\"color: #800080\">ce blog.<\/span><\/strong><\/p>\n<p style=\"text-align: justify\">Dans <strong>Cat\u00e9gories<\/strong> (menu d\u00e9roulant en haut \u00e0 gauche), vous trouverez&nbsp; <strong><span style=\"color: #800080\">votre classe<\/span><\/strong> et dans la rubrique toutes les activit\u00e9s \u00e0 voir, \u00e9couter, faire ou rendre.<\/p>\n<p style=\"text-align: justify\">Toutes les activit\u00e9s ne seront pas \u00e0 rendre, certaines serviront \u00e0 vous entra\u00eener et pr\u00e9parer vos DS,&nbsp; DM, CCF ou \u00e9preuves de bac. Toutefois, il est indispensable <strong><span style=\"color: #800080\">d&rsquo;ouvrir un dossier \u00ab\u00a0all-nom-classe\u00a0\u00bb<\/span><\/strong> sur votre ordinateur afin d&rsquo;y enregistrer tous vos travaux. Certains seront corrig\u00e9s en cours, d&rsquo;autres serviront de base \u00e0 des \u00e9valuations ou seront ramass\u00e9s ult\u00e9rieurement (via une cl\u00e9 USB).<\/p>\n<p style=\"text-align: justify\"><strong><span style=\"color: #800080\">Pour les travaux \u00e0 rendre ou questions<\/span><\/strong> diverses utilisez cette adresse email <a href=\"mailto:boulot.catherine@free.fr\" target=\"_blank\" rel=\"noopener noreferrer\">boulot.catherine@free.fr<\/a>&nbsp; en mentionnant dans l&rsquo;objet du mail votre nom et classe.<\/p>\n<p>PS : dans la cat\u00e9gorie <strong><span style=\"color: #993366\">\u00ab sites utiles \u00bb<\/span><\/strong> vous trouverez de nombreux exercices, jeux, vid\u00e9os et activit\u00e9s pour vous entra\u00eener.<\/p>\n<p><span style=\"color: #ff0000\"><strong>Viel Erfolg, bis bald und passen Sie auf sich auf!<\/strong><\/span><\/p>\n","protected":false},"excerpt":{"rendered":"<p>Liebe Sch\u00fcler, Mon Bureau Num\u00e9rique \u00e9tant difficile d&rsquo;acc\u00e8s en ce moment, vos cours et activit\u00e9s en allemand&nbsp; durant ces prochains jours seront sur ce blog. Dans Cat\u00e9gories (menu d\u00e9roulant en haut \u00e0 gauche), vous trouverez&nbsp; votre classe et dans la rubrique toutes les activit\u00e9s \u00e0 voir, \u00e9couter, faire ou rendre. Toutes les activit\u00e9s ne seront &hellip; <a href=\"https:\/\/wp.pixerecourt.fr\/allemand\/\" class=\"more-link\">Continuer la lecture de <span class=\"screen-reader-text\">A propos de ce site<\/span>  <span class=\"meta-nav\">&rarr;<\/span><\/a><\/p>\n","protected":false},"author":94,"featured_media":0,"parent":0,"menu_order":0,"comment_status":"closed","ping_status":"closed","template":"","meta":{"ngg_post_thumbnail":0,"footnotes":""},"class_list":["post-1077","page","type-page","status-publish","hentry"],"_links":{"self":[{"href":"https:\/\/wp.pixerecourt.fr\/allemand\/wp-json\/wp\/v2\/pages\/1077","targetHints":{"allow":["GET"]}}],"collection":[{"href":"https:\/\/wp.pixerecourt.fr\/allemand\/wp-json\/wp\/v2\/pages"}],"about":[{"href":"https:\/\/wp.pixerecourt.fr\/allemand\/wp-json\/wp\/v2\/types\/page"}],"author":[{"embeddable":true,"href":"https:\/\/wp.pixerecourt.fr\/allemand\/wp-json\/wp\/v2\/users\/94"}],"replies":[{"embeddable":true,"href":"https:\/\/wp.pixerecourt.fr\/allemand\/wp-json\/wp\/v2\/comments?post=1077"}],"version-history":[{"count":10,"href":"https:\/\/wp.pixerecourt.fr\/allemand\/wp-json\/wp\/v2\/pages\/1077\/revisions"}],"predecessor-version":[{"id":1092,"href":"https:\/\/wp.pixerecourt.fr\/allemand\/wp-json\/wp\/v2\/pages\/1077\/revisions\/1092"}],"wp:attachment":[{"href":"https:\/\/wp.pixerecourt.fr\/allemand\/wp-json\/wp\/v2\/media?parent=1077"}],"curies":[{"name":"wp","href":"https:\/\/api.w.org\/{rel}","templated":true}]}}